{"id":149268,"date":"2025-03-25T11:43:49","date_gmt":"2025-03-25T10:43:49","guid":{"rendered":"https:\/\/secureus.se\/?post_type=product&#038;p=149268"},"modified":"2026-01-11T14:12:36","modified_gmt":"2026-01-11T13:12:36","slug":"warning-varning-hund-skylt-aluminium-a4-210-x-297-mm","status":"publish","type":"product","link":"https:\/\/secureus.se\/fr\/warning-varning-hund-skylt-aluminium-a4-210-x-297-mm\/","title":{"rendered":"AVERTISSEMENT \u2013 Panneau d&#039;avertissement pour chien \u2013 Aluminium (A4 \u2013 210 x 297 mm)"},"content":{"rendered":"<p class=\"\" data-start=\"560\" data-end=\"852\"><strong data-start=\"560\" data-end=\"623\">AVERTISSEMENT \u2013 Panneau d&#039;avertissement pour chien en aluminium (A4, 21 \u00d7 29,7 cm)<\/strong><br data-start=\"623\" data-end=\"626\" \/>Donnez une impression claire et professionnelle qu\u2019il y a un chien dans la zone. Ce panneau en aluminium A4 est plus grand que notre variante A5 et attire donc encore plus facilement l&#039;attention, dissuadant ainsi efficacement les visiteurs ind\u00e9sirables.<\/p>\n<h3 class=\"\" data-start=\"854\" data-end=\"892\"><strong data-start=\"858\" data-end=\"892\">Conception claire et dissuasive<\/strong><\/h3>\n<ul data-start=\"893\" data-end=\"1118\">\n<li class=\"\" data-start=\"893\" data-end=\"1030\">\n<p class=\"\" data-start=\"895\" data-end=\"1030\"><strong data-start=\"895\" data-end=\"913\">Avertissement important :<\/strong> Le fond jaune vif, associ\u00e9 au texte \u00ab AVERTISSEMENT \u00bb et \u00e0 une silhouette de chien, cr\u00e9e un signal d\u2019avertissement imm\u00e9diat.<\/p>\n<\/li>\n<li class=\"\" data-start=\"1031\" data-end=\"1118\">\n<p class=\"\" data-start=\"1033\" data-end=\"1118\"><strong data-start=\"1033\" data-end=\"1053\">Avertissement pour le chien :<\/strong> R\u00e9duit le risque de cambriolage et ne surprend pas les invit\u00e9s qui ont peur des chiens.<\/p>\n<\/li>\n<\/ul>\n<h3 class=\"\" data-start=\"1120\" data-end=\"1151\"><strong data-start=\"1124\" data-end=\"1151\">Aluminium de haute qualit\u00e9<\/strong><\/h3>\n<ul data-start=\"1152\" data-end=\"1374\">\n<li class=\"\" data-start=\"1152\" data-end=\"1283\">\n<p class=\"\" data-start=\"1154\" data-end=\"1283\"><strong data-start=\"1154\" data-end=\"1188\">R\u00e9sistant \u00e0 la rouille et \u00e0 la corrosion :<\/strong> R\u00e9siste au climat scandinave avec pluie, neige et soleil \u00e9clatant sans perdre sa couleur ni sa forme.<\/p>\n<\/li>\n<li class=\"\" data-start=\"1284\" data-end=\"1374\">\n<p class=\"\" data-start=\"1286\" data-end=\"1374\"><strong data-start=\"1286\" data-end=\"1305\">Longue dur\u00e9e de vie :<\/strong> Un investissement durable qui reste beau et clair pendant de nombreuses ann\u00e9es.<\/p>\n<\/li>\n<\/ul>\n<h3 class=\"\" data-start=\"1376\" data-end=\"1402\"><strong data-start=\"1380\" data-end=\"1402\">Installation facile<\/strong><\/h3>\n<ul data-start=\"1403\" data-end=\"1574\">\n<li class=\"\" data-start=\"1403\" data-end=\"1476\">\n<p class=\"\" data-start=\"1405\" data-end=\"1476\"><strong data-start=\"1405\" data-end=\"1431\">Ruban adh\u00e9sif 3M :<\/strong> Se monte rapidement et facilement sur des surfaces lisses.<\/p>\n<\/li>\n<li class=\"\" data-start=\"1477\" data-end=\"1574\">\n<p class=\"\" data-start=\"1479\" data-end=\"1574\"><strong data-start=\"1479\" data-end=\"1498\">Montage \u00e0 vis :<\/strong> Si vous souhaitez plus de stabilit\u00e9, vous pouvez percer des trous et fixer le panneau avec des vis.<\/p>\n<\/li>\n<\/ul>\n<h3 class=\"\" data-start=\"1576\" data-end=\"1613\"><strong data-start=\"1580\" data-end=\"1613\">Applications polyvalentes<\/strong><\/h3>\n<ul data-start=\"1614\" data-end=\"1879\">\n<li class=\"\" data-start=\"1614\" data-end=\"1707\">\n<p class=\"\" data-start=\"1616\" data-end=\"1707\"><strong data-start=\"1616\" data-end=\"1635\">R\u00e9sidences priv\u00e9es :<\/strong> Placez-le sur les portes d&#039;entr\u00e9e, les portails ou les cl\u00f4tures pour avertir les visiteurs.<\/p>\n<\/li>\n<li class=\"\" data-start=\"1708\" data-end=\"1775\">\n<p class=\"\" data-start=\"1710\" data-end=\"1775\"><strong data-start=\"1710\" data-end=\"1738\">Jardins et aires de jeux pour chiens :<\/strong> Indiquez clairement o\u00f9 se trouve le chien.<\/p>\n<\/li>\n<li class=\"\" data-start=\"1776\" data-end=\"1879\">\n<p class=\"\" data-start=\"1778\" data-end=\"1879\"><strong data-start=\"1778\" data-end=\"1798\">Entreprise et entrep\u00f4t :<\/strong> \u00c9galement utile dans les environnements professionnels avec des chiens de garde ou des zones restreintes.<\/p>\n<\/li>\n<\/ul>\n<h4 class=\"\" data-start=\"1881\" data-end=\"1912\"><strong data-start=\"1886\" data-end=\"1912\">Sp\u00e9cifications du produit<\/strong><\/h4>\n<ul data-start=\"1913\" data-end=\"2147\">\n<li class=\"\" data-start=\"1913\" data-end=\"1944\">\n<p class=\"\" data-start=\"1915\" data-end=\"1944\"><strong data-start=\"1915\" data-end=\"1924\">Mesure:<\/strong> A4 (21 \u00d7 29,7 cm)<\/p>\n<\/li>\n<li class=\"\" data-start=\"1945\" data-end=\"2003\">\n<p class=\"\" data-start=\"1947\" data-end=\"2003\"><strong data-start=\"1947\" data-end=\"1960\">Mat\u00e9riel:<\/strong> Aluminium (durable et r\u00e9sistant aux intemp\u00e9ries)<\/p>\n<\/li>\n<li class=\"\" data-start=\"2004\" data-end=\"2071\">\n<p class=\"\" data-start=\"2006\" data-end=\"2071\"><strong data-start=\"2006\" data-end=\"2017\">Conception:<\/strong> Fond jaune, texte noir \u00ab\u00a0ATTENTION\u00a0\u00bb et silhouette de chien<\/p>\n<\/li>\n<li class=\"\" data-start=\"2072\" data-end=\"2147\">\n<p class=\"\" data-start=\"2074\" data-end=\"2147\"><strong data-start=\"2074\" data-end=\"2088\">Montage:<\/strong> Ruban adh\u00e9sif 3M ou vis (trous perc\u00e9s si n\u00e9cessaire)<\/p>\n<\/li>\n<\/ul>\n<hr class=\"\" data-start=\"2149\" data-end=\"2152\" \/>\n<p class=\"\" data-start=\"2154\" data-end=\"2324\">Avec sa taille plus grande et sa conception robuste, ce panneau A4 est une solution efficace pour augmenter la s\u00e9curit\u00e9 et alerter tous les visiteurs de la pr\u00e9sence d&#039;un chien \u00e0 proximit\u00e9.<\/p>","protected":false},"excerpt":{"rendered":"<p><strong data-start=\"205\" data-end=\"253\">AVERTISSEMENT \u2013 Panneau d&#039;avertissement pour chien (A4, aluminium)<\/strong><br data-start=\"253\" data-end=\"256\" \/>Un panneau plus grand, robuste et r\u00e9sistant aux intemp\u00e9ries au format A4 pour avertir de la pr\u00e9sence de chiens. Fabriqu\u00e9 en aluminium avec un design accrocheur sur fond jaune. Livr\u00e9 avec du ruban adh\u00e9sif 3M pour une installation facile, mais peut \u00e9galement \u00eatre viss\u00e9. Id\u00e9al pour les portails, portes et cl\u00f4tures.<\/p>","protected":false},"featured_media":156007,"template":"","meta":{"_acf_changed":false},"product_brand":[],"product_cat":[1323],"product_tag":[],"class_list":{"0":"post-149268","1":"product","2":"type-product","3":"status-publish","4":"has-post-thumbnail","6":"product_cat-larmdekaler","7":"product_shipping_class-postnord-varubrev","8":"pa_brands-secureus","9":"pa_storlek-a4-21x29-7cm","10":"tm-no-options","12":"first","13":"instock","14":"sale","15":"taxable","16":"shipping-taxable","17":"purchasable","18":"product-type-simple"},"acf":[],"_links":{"self":[{"href":"https:\/\/secureus.se\/fr\/wp-json\/wp\/v2\/product\/149268","targetHints":{"allow":["GET"]}}],"collection":[{"href":"https:\/\/secureus.se\/fr\/wp-json\/wp\/v2\/product"}],"about":[{"href":"https:\/\/secureus.se\/fr\/wp-json\/wp\/v2\/types\/product"}],"wp:featuredmedia":[{"embeddable":true,"href":"https:\/\/secureus.se\/fr\/wp-json\/wp\/v2\/media\/156007"}],"wp:attachment":[{"href":"https:\/\/secureus.se\/fr\/wp-json\/wp\/v2\/media?parent=149268"}],"wp:term":[{"taxonomy":"product_brand","embeddable":true,"href":"https:\/\/secureus.se\/fr\/wp-json\/wp\/v2\/product_brand?post=149268"},{"taxonomy":"product_cat","embeddable":true,"href":"https:\/\/secureus.se\/fr\/wp-json\/wp\/v2\/product_cat?post=149268"},{"taxonomy":"product_tag","embeddable":true,"href":"https:\/\/secureus.se\/fr\/wp-json\/wp\/v2\/product_tag?post=149268"}],"curies":[{"name":"wp","href":"https:\/\/api.w.org\/{rel}","templated":true}]}}