{"id":149378,"date":"2022-07-04T07:51:45","date_gmt":"2022-07-04T05:51:45","guid":{"rendered":"https:\/\/secureus.se\/motorlas-6500\/"},"modified":"2026-01-12T13:18:10","modified_gmt":"2026-01-12T12:18:10","slug":"motorlas-6500","status":"publish","type":"product","link":"https:\/\/secureus.se\/fr\/motorlas-6500\/","title":{"rendered":"Serrure moteur Safetron 6500"},"content":{"rendered":"<p>SAFETRON 6500 est la serrure motoris\u00e9e la plus compl\u00e8te du march\u00e9 avec un placement de piston moderne - identique aux serrures de la s\u00e9rie ASSA connect. Cela signifie que la serrure motoris\u00e9e est adapt\u00e9e aux niches de porte modernes, qu&#039;il s&#039;agisse de plaques d&#039;extr\u00e9mit\u00e9 fixes ou rempla\u00e7ables. Le SAFETRON 6500 se d\u00e9sarme en 0,1 seconde et aucune serrure journali\u00e8re s\u00e9par\u00e9e n&#039;est donc normalement n\u00e9cessaire sur les portes \u00e0 haute fr\u00e9quence. SAFETRON 6500 est adapt\u00e9 pour \u00eatre utilis\u00e9 avec l&#039;automatisation de porte.<\/p>\n<p>Les domaines d&#039;utilisation typiques sont les verrouillages diurnes, nocturnes et de s\u00e9curit\u00e9 dans le commerce, les bureaux et l&#039;industrie et o\u00f9 des exigences tr\u00e8s \u00e9lev\u00e9es en mati\u00e8re de s\u00e9curit\u00e9 sont impos\u00e9es. Les serrures motoris\u00e9es sont certifi\u00e9es selon la classe de serrure SSF-3522 2B, 3, 4 et 5 ainsi que selon la norme SS-EN 14846 Grade 7.<\/p>\n<p>SAFETRON 6500 peut \u00eatre utilis\u00e9 dans les voies d&#039;\u00e9vacuation d&#039;urgence avec les accessoires d&#039;\u00e9vacuation d&#039;urgence SAFETRON 795 selon la norme europ\u00e9enne SS-EN 179:2008, ainsi que SSF 3522 classe 2B.<\/p>\n<p>La s\u00e9rie SAFETRON 6000 offre un contr\u00f4le int\u00e9gr\u00e9 par rapport \u00e0 plusieurs des principaux fournisseurs de syst\u00e8mes d&#039;acc\u00e8s du march\u00e9. Cela signifie que les serrures motoris\u00e9es peuvent \u00eatre connect\u00e9es directement \u00e0 la centrale de porte du syst\u00e8me d&#039;acc\u00e8s sans unit\u00e9 de commande et peuvent ensuite \u00eatre configur\u00e9es via le logiciel du syst\u00e8me d&#039;acc\u00e8s, ce qui offre une installation simplifi\u00e9e et un environnement de porte plus rentable. Choisissez un demi-jeu si vous souhaitez connecter la serrure motoris\u00e9e int\u00e9gr\u00e9e \u00e0 un syst\u00e8me d&#039;acc\u00e8s ou si deux serrures motoris\u00e9es doivent \u00eatre utilis\u00e9es avec une unit\u00e9 de commande.<\/p>\n<p>Le SAFETRON 6500 poss\u00e8de un piston de commande de crochet renforc\u00e9 et est homologu\u00e9 dans les portes RC3 et RC4 par les principaux fabricants de portes. Les serrures motoris\u00e9es de la s\u00e9rie 6000 utilisent un cryptage 128 bits pour une s\u00e9curit\u00e9 maximale et autorisent des longueurs de c\u00e2ble allant jusqu&#039;\u00e0 100 m\u00e8tres entre les serrures motoris\u00e9es et l&#039;unit\u00e9 de commande. Cela signifie que l&#039;unit\u00e9 de contr\u00f4le peut \u00eatre install\u00e9e dans des environnements prot\u00e9g\u00e9s tels que des centres \u00e9lectriques ou des salles de serveurs.<\/p>\n<p>\u2022 Certifi\u00e9 selon les classes de verrouillage SSF-3522 2B, 3, 4 et 5 et SS-EN 14846 grade 7<br \/>\n\u2022 Profondeur du mandrin 50 mm<br \/>\n\u2022 Piston de r\u00e8gle \u00e0 crochet renforc\u00e9<br \/>\n\u2022 Contr\u00f4le int\u00e9gr\u00e9 pour les syst\u00e8mes d&#039;acc\u00e8s<br \/>\n\u2022 Emplacement du piston identique \u00e0 celui d&#039;ASSA Connect<br \/>\n\u2022 Vitesse d&#039;ouverture\u00a0: 0,1 seconde<br \/>\n\u2022 Peut \u00eatre ouvert avec une cl\u00e9\/un bouton (rotation de 90 degr\u00e9s)<br \/>\n\u2022 Adapt\u00e9 pour l&#039;automatisation des portes<br \/>\n\u2022 \u00c9vacuation\/r\u00e9h\u00e9bergement d&#039;urgence avec accessoires d&#039;\u00e9vacuation d&#039;urgence 795<br \/>\n\u2022 Initialisation automatique<br \/>\n\u2022 Journal des \u00e9v\u00e9nements<br \/>\n\u2022 Connexion en s\u00e9rie, jusqu&#039;\u00e0 deux serrures motoris\u00e9es \u00e0 une unit\u00e9 de commande<\/p>","protected":false},"excerpt":{"rendered":"<p>SAFETRON 6500 \u00e4r marknadens mest kompletta motorl\u00e5s med modern kolvplacering &#8211; identisk med med l\u00e5s i ASSA connect-serierna. Detta inneb\u00e4r att motorl\u00e5set \u00e4r anpassad f\u00f6r moderna d\u00f6rrurtag, oavsett om det<\/p>","protected":false},"featured_media":142444,"template":"","meta":{"_acf_changed":false},"product_brand":[],"product_cat":[2874],"product_tag":[4546,4500,4866,4501],"class_list":{"0":"post-149378","1":"product","2":"type-product","3":"status-publish","4":"has-post-thumbnail","6":"product_cat-motorlas","7":"product_tag-panikutrymning-ja","8":"product_tag-rel-safetron-motorlas","9":"product_tag-safetron-20","10":"product_tag-safetron-motorlas","11":"product_shipping_class-tunga-paket","12":"pa_brands-7safetron","13":"tm-has-options","15":"first","16":"instock","17":"sale","18":"featured","19":"taxable","20":"shipping-taxable","21":"purchasable","22":"product-type-simple"},"acf":[],"_links":{"self":[{"href":"https:\/\/secureus.se\/fr\/wp-json\/wp\/v2\/product\/149378","targetHints":{"allow":["GET"]}}],"collection":[{"href":"https:\/\/secureus.se\/fr\/wp-json\/wp\/v2\/product"}],"about":[{"href":"https:\/\/secureus.se\/fr\/wp-json\/wp\/v2\/types\/product"}],"wp:featuredmedia":[{"embeddable":true,"href":"https:\/\/secureus.se\/fr\/wp-json\/wp\/v2\/media\/142444"}],"wp:attachment":[{"href":"https:\/\/secureus.se\/fr\/wp-json\/wp\/v2\/media?parent=149378"}],"wp:term":[{"taxonomy":"product_brand","embeddable":true,"href":"https:\/\/secureus.se\/fr\/wp-json\/wp\/v2\/product_brand?post=149378"},{"taxonomy":"product_cat","embeddable":true,"href":"https:\/\/secureus.se\/fr\/wp-json\/wp\/v2\/product_cat?post=149378"},{"taxonomy":"product_tag","embeddable":true,"href":"https:\/\/secureus.se\/fr\/wp-json\/wp\/v2\/product_tag?post=149378"}],"curies":[{"name":"wp","href":"https:\/\/api.w.org\/{rel}","templated":true}]}}