{"id":149379,"date":"2022-07-04T07:50:38","date_gmt":"2022-07-04T05:50:38","guid":{"rendered":"https:\/\/secureus.se\/ellas-sl621-omvand-kpl\/"},"modified":"2026-01-12T15:24:29","modified_gmt":"2026-01-12T14:24:29","slug":"ellas-sl621-omvand-kpl","status":"publish","type":"product","link":"https:\/\/secureus.se\/fr\/ellas-sl621-omvand-kpl\/","title":{"rendered":"Ensemble de serrure \u00e9lectrique Safetron SL621 avec bo\u00eetier de serrure r\u00e9versible"},"content":{"rendered":"<h1>Ensemble de serrure \u00e9lectrique Safetron SL621 avec bo\u00eetier de serrure r\u00e9versible<\/h1>\n<p>SAFETRON SL621 en kit. Le kit contient\u00a0:<\/p>\n<ul>\n<li>Serrure \u00e0 bouton-poussoir \u00e9lectrique SL621<\/li>\n<li>C\u00e2ble de connexion C02 (10 m)<\/li>\n<li>Transfert d&#039;images CT81<\/li>\n<\/ul>\n<p>SAFETRON SL621 est la serrure \u00e9lectrique multifonctionnelle de nouvelle g\u00e9n\u00e9ration avec fonction de s\u00e9paration et technologie hybride brevet\u00e9e.<\/p>\n<p>Les domaines d&#039;utilisation typiques sont le verrouillage interne des portes \u00e0 haute fr\u00e9quence dans les b\u00e2timents commerciaux, les h\u00f4pitaux, les \u00e9coles, les industries et les immeubles d&#039;habitation collectifs o\u00f9 une fiabilit\u00e9 op\u00e9rationnelle \u00e9lev\u00e9e est n\u00e9cessaire.<\/p>\n<p>L&#039;indication est donn\u00e9e pour le verrouillage, le mouvement de pression, l&#039;\u00e9tat de la porte via un contact magn\u00e9tique et une indication du bouton.<\/p>\n<p>L&#039;indicateur rotatif permet de d\u00e9clencher une alarme en cas de passage non autoris\u00e9 dans la bouteille. Le mod\u00e8le SL621 poss\u00e8de la fonction inverse.<\/p>\n<p>Le SAFETRON SL621 est dot\u00e9 d&#039;une technologie hybride brevet\u00e9e qui permet de modifier le positionnement du piston.<\/p>\n<p>Cela signifie que la serrure peut \u00eatre utilis\u00e9e avec des g\u00e2ches et des encoches de cadre adapt\u00e9es aux s\u00e9ries de modules ASSA connect et ASSA classic.<\/p>\n<p>Cela concerne aussi bien les portes anciennes que les portes neuves. Le r\u00e9glage de la position du piston est aussi simple qu&#039;avec une inversion de piston classique.<\/p>\n<p>Le SAFETRON SL621 est r\u00e9glable entre une fonction unique qui assure une activation \u00e9lectrique des deux c\u00f4t\u00e9s (lecteurs de cartes doubles) et une fonction divis\u00e9e, ce qui signifie que le bouton-poussoir ext\u00e9rieur est command\u00e9 \u00e9lectriquement tandis que le bouton-poussoir int\u00e9rieur est toujours engag\u00e9 m\u00e9caniquement et permet donc toujours une sortie m\u00e9canique.<\/p>\n<p>L&#039;utilisation de la fonction de verrouillage en deux parties \u00e9limine le besoin d&#039;un bouton d&#039;ouverture ou d&#039;un contr\u00f4le d&#039;acc\u00e8s \u00e0 l&#039;int\u00e9rieur.<\/p>\n<div class=\"tabRow\"><span class=\"bold\">Tension<\/span>12-24 V CC (-10%\/+15%)<\/div>\n<div class=\"tabRow\"><span class=\"bold\">Consommation d&#039;\u00e9nergie<\/span>12 V CC : 70 mA<br \/>\n24 V CC : 40 mA<\/div>\n<div class=\"tabRow\"><span class=\"bold\">Plage de temp\u00e9rature<\/span>-20\u00b0C \u2013 +40\u00b0C<\/div>\n<div class=\"tabRow\"><span class=\"bold\">Fonction<\/span>Fonction inverse<\/div>\n<div class=\"tabRow\"><span class=\"bold\">Classement incendie<\/span>Oui (E\/EI 120)<\/div>\n<div class=\"tabRow\"><span class=\"bold\">Signaux<\/span>Verrouillage, mouvement du bouton-poussoir, \u00e9tat de la porte, cylindre<\/div>","protected":false},"excerpt":{"rendered":"<p>Safetron Ell\u00e5s SL621 Sats Omv\u00e4ndbart l\u00e5shus SAFETRON SL621 i satsf\u00f6rpackning. Satsf\u00f6rpackningen inneh\u00e5ller: Eltryckesl\u00e5s SL621 Anslutningskabel C02 (10m) Karm\u00f6verf\u00f6ring CT81 SAFETRON SL621 \u00e4r n\u00e4sta generationens multifunktionella eltryckesl\u00e5s med split funktion och<\/p>","protected":false},"featured_media":142231,"template":"","meta":{"_acf_changed":false},"product_brand":[],"product_cat":[2429],"product_tag":[2286,2290,4510,4866,4511],"class_list":{"0":"post-149379","1":"product","2":"type-product","3":"status-publish","4":"has-post-thumbnail","6":"product_cat-ellas","7":"product_tag-ellas-eltryckeslas","8":"product_tag-ellas-komplett-sats-kpl","9":"product_tag-rel-safetron-eltryckeslas","10":"product_tag-safetron-20","11":"product_tag-safetron-eltryckeslas","12":"product_shipping_class-tunga-paket","13":"tm-no-options","15":"first","16":"instock","17":"sale","18":"featured","19":"taxable","20":"shipping-taxable","21":"purchasable","22":"product-type-simple"},"acf":[],"_links":{"self":[{"href":"https:\/\/secureus.se\/fr\/wp-json\/wp\/v2\/product\/149379","targetHints":{"allow":["GET"]}}],"collection":[{"href":"https:\/\/secureus.se\/fr\/wp-json\/wp\/v2\/product"}],"about":[{"href":"https:\/\/secureus.se\/fr\/wp-json\/wp\/v2\/types\/product"}],"wp:featuredmedia":[{"embeddable":true,"href":"https:\/\/secureus.se\/fr\/wp-json\/wp\/v2\/media\/142231"}],"wp:attachment":[{"href":"https:\/\/secureus.se\/fr\/wp-json\/wp\/v2\/media?parent=149379"}],"wp:term":[{"taxonomy":"product_brand","embeddable":true,"href":"https:\/\/secureus.se\/fr\/wp-json\/wp\/v2\/product_brand?post=149379"},{"taxonomy":"product_cat","embeddable":true,"href":"https:\/\/secureus.se\/fr\/wp-json\/wp\/v2\/product_cat?post=149379"},{"taxonomy":"product_tag","embeddable":true,"href":"https:\/\/secureus.se\/fr\/wp-json\/wp\/v2\/product_tag?post=149379"}],"curies":[{"name":"wp","href":"https:\/\/api.w.org\/{rel}","templated":true}]}}