{"id":149382,"date":"2022-07-04T07:49:47","date_gmt":"2022-07-04T05:49:47","guid":{"rendered":"https:\/\/secureus.se\/motorlas-5328\/"},"modified":"2026-01-12T13:16:21","modified_gmt":"2026-01-12T12:16:21","slug":"motorlas-5328","status":"publish","type":"product","link":"https:\/\/secureus.se\/fr\/motorlas-5328\/","title":{"rendered":"Safetron Serrure moteur 5328"},"content":{"rendered":"<p>La serrure motoris\u00e9e SAFETRON 5328 en version \u00e9troite se d\u00e9verrouille en 0,3 seconde et donc aucune serrure journali\u00e8re s\u00e9par\u00e9e n&#039;est donc normalement n\u00e9cessaire sur les portes \u00e0 haute fr\u00e9quence. La serrure motoris\u00e9e fonctionne parfaitement avec les op\u00e9rateurs de portes automatiques.<\/p>\n<p>Les domaines d&#039;utilisation typiques sont les verrouillages de jour, de nuit et de s\u00e9curit\u00e9 dans le commerce, les bureaux et l&#039;industrie. La serrure r\u00e9pond aux exigences correspondant \u00e0 la classe de serrure SS 3079 3. La serrure motoris\u00e9e est \u00e9quip\u00e9e d&#039;un piston droit renforc\u00e9 pour une r\u00e9sistance maximale.<\/p>\n<p>\u2022 Profondeur du mandrin : 28 mm<\/p>\n<p>\u2022 Piston de r\u00e8gle \u00e0 crochet<\/p>\n<p>\u2022 D\u00e9sarme pendant 0,3 seconde<\/p>\n<p>\u2022 Adapt\u00e9 pour l&#039;automatisation des portes<\/p>\n<p>\u2022 Certifi\u00e9 selon SS-EN 14846<\/p>","protected":false},"excerpt":{"rendered":"<p>SAFETRON motorl\u00e5s 5328 i smalprofilutf\u00f6rande fr\u00e5nreglar under 0.3 sekunder och d\u00e4rf\u00f6r beh\u00f6vs normalt sett inget separat dagl\u00e5s p\u00e5 h\u00f6gfrekventa d\u00f6rrar. Motorl\u00e5set fungerar utm\u00e4rkt tillsammans med d\u00f6rrautomatiker. Typiska anv\u00e4ndningsomr\u00e5den \u00e4r dag-,<\/p>","protected":false},"featured_media":142111,"template":"","meta":{"_acf_changed":false},"product_brand":[],"product_cat":[2874],"product_tag":[4500,4866,4511],"class_list":{"0":"post-149382","1":"product","2":"type-product","3":"status-publish","4":"has-post-thumbnail","6":"product_cat-motorlas","7":"product_tag-rel-safetron-motorlas","8":"product_tag-safetron-20","9":"product_tag-safetron-eltryckeslas","10":"product_shipping_class-tunga-paket","11":"pa_brands-7safetron","12":"tm-no-options","14":"first","15":"instock","16":"sale","17":"featured","18":"taxable","19":"shipping-taxable","20":"purchasable","21":"product-type-simple"},"acf":[],"_links":{"self":[{"href":"https:\/\/secureus.se\/fr\/wp-json\/wp\/v2\/product\/149382","targetHints":{"allow":["GET"]}}],"collection":[{"href":"https:\/\/secureus.se\/fr\/wp-json\/wp\/v2\/product"}],"about":[{"href":"https:\/\/secureus.se\/fr\/wp-json\/wp\/v2\/types\/product"}],"wp:featuredmedia":[{"embeddable":true,"href":"https:\/\/secureus.se\/fr\/wp-json\/wp\/v2\/media\/142111"}],"wp:attachment":[{"href":"https:\/\/secureus.se\/fr\/wp-json\/wp\/v2\/media?parent=149382"}],"wp:term":[{"taxonomy":"product_brand","embeddable":true,"href":"https:\/\/secureus.se\/fr\/wp-json\/wp\/v2\/product_brand?post=149382"},{"taxonomy":"product_cat","embeddable":true,"href":"https:\/\/secureus.se\/fr\/wp-json\/wp\/v2\/product_cat?post=149382"},{"taxonomy":"product_tag","embeddable":true,"href":"https:\/\/secureus.se\/fr\/wp-json\/wp\/v2\/product_tag?post=149382"}],"curies":[{"name":"wp","href":"https:\/\/api.w.org\/{rel}","templated":true}]}}