{"id":149387,"date":"2022-07-04T07:52:43","date_gmt":"2022-07-04T05:52:43","guid":{"rendered":"https:\/\/secureus.se\/motorlas-6300\/"},"modified":"2026-01-12T13:17:53","modified_gmt":"2026-01-12T12:17:53","slug":"motorlas-6300","status":"publish","type":"product","link":"https:\/\/secureus.se\/fr\/motorlas-6300\/","title":{"rendered":"Serrure moteur Safetron 6300"},"content":{"rendered":"<p>La serrure motoris\u00e9e 6300 en version \u00e0 profil \u00e9troit se d\u00e9verrouille en 0,2 seconde et, par cons\u00e9quent, aucune serrure journali\u00e8re s\u00e9par\u00e9e n&#039;est normalement n\u00e9cessaire sur les portes \u00e0 haute fr\u00e9quence. Les domaines d&#039;utilisation typiques sont les verrouillages de jour, de nuit et de s\u00e9curit\u00e9 dans le commerce, les bureaux et l&#039;industrie et o\u00f9 les exigences de s\u00e9curit\u00e9 sont \u00e9lev\u00e9es \u00e0 tr\u00e8s \u00e9lev\u00e9es. La serrure motoris\u00e9e 6300 est adapt\u00e9e pour fonctionner avec l&#039;automatisation des portes.<\/p>\n<p>L&#039;unit\u00e9 de contr\u00f4le CU2 offre la gamme d&#039;applications la plus large du march\u00e9, tout en \u00e9tant la plus conviviale. Avec CU2, deux serrures motoris\u00e9es peuvent \u00eatre connect\u00e9es sans aucune limitation dans l&#039;\u00e9change de signaux, cela signifie que CU2 est effectivement deux unit\u00e9s de commande en une. Il est \u00e9galement possible de programmer des relais AUX pour la fonction souhait\u00e9e, par ex. contr\u00f4le complet pour automatisme de porte ou fonction essentielle.<\/p>\n<p>L&#039;unit\u00e9 de contr\u00f4le CU2 dispose d&#039;un balayage automatique, ce qui rend l&#039;installation plug-and-play. Aucune initiation n&#039;est requise, mais l&#039;appairage entre les appareils s&#039;effectue automatiquement apr\u00e8s 12h, puis la date d&#039;installation est \u00e9galement r\u00e9gl\u00e9e num\u00e9riquement dans les appareils, \u00e0 partir de laquelle la p\u00e9riode de garantie commence \u00e0 s&#039;appliquer.<\/p>\n<p>Le bo\u00eetier de la serrure et l&#039;unit\u00e9 de commande disposent d&#039;un \u00e9cran de navigation int\u00e9gr\u00e9 qui permet d&#039;ajuster la configuration ainsi que de r\u00e9cup\u00e9rer des informations, par ex. \u00e9v\u00e9nements et dates d&#039;installation.<\/p>\n<p>\u2022 Certifi\u00e9 selon les classes de verrouillage SSF-3522 3, 4 et 5 et SS-EN 14846 Grade 7<\/p>\n<p>\u2022 R\u00e8gle du crochet<\/p>\n<p>\u2022 Adapt\u00e9 pour l&#039;automatisation des portes<\/p>\n<p>\u2022 Jusqu&#039;\u00e0 100\u00a0m de c\u00e2ble<\/p>\n<p>\u2022 Initialisation automatique<\/p>\n<p>\u2022 Profondeur du mandrin 35\u00a0mm<\/p>\n<p>\u2022\u00a0D\u00e9sactive pendant 0,2\u00a0seconde<\/p>\n<p>\u2022 Peut \u00eatre ouvert avec une cl\u00e9\/un bouton (rotation de 90 degr\u00e9s)<\/p>\n<p>\u2022 Module de service dans l&#039;unit\u00e9 de contr\u00f4le<\/p>\n<p>\u2022 Journal des \u00e9v\u00e9nements<\/p>\n<p>\u2022 Journal des codes d&#039;erreur<\/p>\n<p>\u2022 Connexion en s\u00e9rie, jusqu&#039;\u00e0 deux serrures motoris\u00e9es \u00e0 une unit\u00e9 de commande<\/p>\n<p>\u2022 Tension\u00a0: 10-48 VCC, 8-35 VCA, 60-300 mA<\/p>\n<p>\u2022 Temp\u00e9rature\u00a0: -30\u00b0C \u00e0 +70\u00b0C<\/p>\n<p>\u2022 Convient aux cylindres ovales et ronds scandinaves<\/p>","protected":false},"excerpt":{"rendered":"<p>La serrure motoris\u00e9e 6300 \u00e0 profil \u00e9troit se d\u00e9verrouille en moins de 0,2 seconde et, par cons\u00e9quent, aucun verrouillage journalier s\u00e9par\u00e9 n&#039;est normalement n\u00e9cessaire sur les portes \u00e0 haute fr\u00e9quence. Les domaines d&#039;utilisation typiques sont le verrouillage de jour, de nuit et de s\u00e9curit\u00e9 dans les commerces de d\u00e9tail, les bureaux et<\/p>","protected":false},"featured_media":142821,"template":"","meta":{"_acf_changed":false},"product_brand":[],"product_cat":[2874],"product_tag":[4542,4500,4866,4501],"class_list":{"0":"post-149387","1":"product","2":"type-product","3":"status-publish","4":"has-post-thumbnail","6":"product_cat-motorlas","7":"product_tag-panikutrymning-nej","8":"product_tag-rel-safetron-motorlas","9":"product_tag-safetron-20","10":"product_tag-safetron-motorlas","11":"product_shipping_class-tunga-paket","12":"pa_brands-7safetron","13":"tm-has-options","15":"first","16":"instock","17":"sale","18":"featured","19":"taxable","20":"shipping-taxable","21":"purchasable","22":"product-type-simple"},"acf":[],"_links":{"self":[{"href":"https:\/\/secureus.se\/fr\/wp-json\/wp\/v2\/product\/149387","targetHints":{"allow":["GET"]}}],"collection":[{"href":"https:\/\/secureus.se\/fr\/wp-json\/wp\/v2\/product"}],"about":[{"href":"https:\/\/secureus.se\/fr\/wp-json\/wp\/v2\/types\/product"}],"wp:featuredmedia":[{"embeddable":true,"href":"https:\/\/secureus.se\/fr\/wp-json\/wp\/v2\/media\/142821"}],"wp:attachment":[{"href":"https:\/\/secureus.se\/fr\/wp-json\/wp\/v2\/media?parent=149387"}],"wp:term":[{"taxonomy":"product_brand","embeddable":true,"href":"https:\/\/secureus.se\/fr\/wp-json\/wp\/v2\/product_brand?post=149387"},{"taxonomy":"product_cat","embeddable":true,"href":"https:\/\/secureus.se\/fr\/wp-json\/wp\/v2\/product_cat?post=149387"},{"taxonomy":"product_tag","embeddable":true,"href":"https:\/\/secureus.se\/fr\/wp-json\/wp\/v2\/product_tag?post=149387"}],"curies":[{"name":"wp","href":"https:\/\/api.w.org\/{rel}","templated":true}]}}