{"id":149394,"date":"2022-07-04T09:56:45","date_gmt":"2022-07-04T07:56:45","guid":{"rendered":"https:\/\/secureus.se\/styrenhet-5000\/"},"modified":"2026-01-12T13:24:41","modified_gmt":"2026-01-12T12:24:41","slug":"styrenhet-5000","status":"publish","type":"product","link":"https:\/\/secureus.se\/fr\/styrenhet-5000\/","title":{"rendered":"Unit\u00e9 de contr\u00f4le Safetron 5000"},"content":{"rendered":"<p>L&#039;unit\u00e9 de commande 5000 standard fonctionne avec les bo\u00eetiers de verrouillage motoris\u00e9s 5150, 5188, 5250, 5350, 5450, 5328, 5335 et r\u00e9pond, entre autres, aux exigences selon WEE et RoHS. L&#039;unit\u00e9 de contr\u00f4le est \u00e9quip\u00e9e de doubles sorties relais pour un \u00e9change maximal de signaux. Il y a trois entr\u00e9es s\u00e9par\u00e9es pour l&#039;activation de la serrure, la fermeture sans potentiel, la minuterie et l&#039;impulsion de courant. Sortie d&#039;alarme et micro-interrupteur de sabotage. Le processeur est programm\u00e9 pour que l&#039;alarme se d\u00e9clenche en cas de rupture de c\u00e2ble, ceci pour une s\u00e9curit\u00e9 accrue. Fabrication su\u00e9doise.<br \/>\n<br \/>\n?R\u00e9pond aux exigences selon i.a. WEE et RoHS<br \/>\n<br \/>\n?Sorties relais\u00a0:<br \/>\n<br \/>\n Blocage de jour<br \/>\n<br \/>\n Ouverture d&#039;urgence \/ contr\u00f4le horaire<br \/>\n<br \/>\n Contact magn\u00e9tique de porte externe<br \/>\n<br \/>\n Alarme<br \/>\n<br \/>\n Porte ferm\u00e9e<br \/>\n<br \/>\n Porte ouverte<br \/>\n<br \/>\n Pr\u00e9-alarme<br \/>\n<br \/>\n R\u00e8gle \u00e0 l&#039;int\u00e9rieur<br \/>\n<br \/>\n \u00c9liminer<br \/>\n<br \/>\n Signal d&#039;impulsion<br \/>\n<br \/>\n Impulsion d&#039;ouverture, sans potentiel<br \/>\n<br \/>\n Impulsion d&#039;ouverture, tension<br \/>\n<br \/>\n Sol protecteur<br \/>\n<br \/>\n?Micro-interrupteur de sabotage<br \/>\n<br \/>\n?Prot\u00e9g\u00e9 contre les courts-circuits<br \/>\n<br \/>\nTension\u00a0: 10-35 VCC\/8-24 VCA, 50-350 mA<br \/>\n<br \/>\nDimensions : (hxl) 220\u00d7108 mm<\/p>","protected":false},"excerpt":{"rendered":"<p>L&#039;unit\u00e9 de commande 5000 standard fonctionne avec les bo\u00eetiers de verrouillage moteur 5150, 5188, 5250, 5350, 5450, 5328, 5335 et r\u00e9pond aux exigences selon, entre autres : WEEE et RoHS. L&#039;unit\u00e9 de commande est \u00e9quip\u00e9e de deux sorties relais pour un maximum<\/p>","protected":false},"featured_media":142061,"template":"","meta":{"_acf_changed":false},"product_brand":[],"product_cat":[2834],"product_tag":[4508,4866,4503],"class_list":{"0":"post-149394","1":"product","2":"type-product","3":"status-publish","4":"has-post-thumbnail","6":"product_cat-ellas-motorlastillbehor","7":"product_tag-ellas-tillbehor-styrenheter","8":"product_tag-safetron-20","9":"product_tag-safetron-tillbehor-motorlas-5000-serien","10":"product_shipping_class-tunga-paket","11":"pa_brands-7safetron","12":"tm-no-options","14":"first","15":"instock","16":"featured","17":"taxable","18":"shipping-taxable","19":"purchasable","20":"product-type-simple"},"acf":[],"_links":{"self":[{"href":"https:\/\/secureus.se\/fr\/wp-json\/wp\/v2\/product\/149394","targetHints":{"allow":["GET"]}}],"collection":[{"href":"https:\/\/secureus.se\/fr\/wp-json\/wp\/v2\/product"}],"about":[{"href":"https:\/\/secureus.se\/fr\/wp-json\/wp\/v2\/types\/product"}],"wp:featuredmedia":[{"embeddable":true,"href":"https:\/\/secureus.se\/fr\/wp-json\/wp\/v2\/media\/142061"}],"wp:attachment":[{"href":"https:\/\/secureus.se\/fr\/wp-json\/wp\/v2\/media?parent=149394"}],"wp:term":[{"taxonomy":"product_brand","embeddable":true,"href":"https:\/\/secureus.se\/fr\/wp-json\/wp\/v2\/product_brand?post=149394"},{"taxonomy":"product_cat","embeddable":true,"href":"https:\/\/secureus.se\/fr\/wp-json\/wp\/v2\/product_cat?post=149394"},{"taxonomy":"product_tag","embeddable":true,"href":"https:\/\/secureus.se\/fr\/wp-json\/wp\/v2\/product_tag?post=149394"}],"curies":[{"name":"wp","href":"https:\/\/api.w.org\/{rel}","templated":true}]}}