{"id":149395,"date":"2022-07-04T10:04:07","date_gmt":"2022-07-04T08:04:07","guid":{"rendered":"https:\/\/secureus.se\/relakort-rec\/"},"modified":"2025-09-25T17:52:42","modified_gmt":"2025-09-25T15:52:42","slug":"relakort-rec","status":"publish","type":"product","link":"https:\/\/secureus.se\/fr\/relakort-rec\/","title":{"rendered":"Carte relais Safetron REC"},"content":{"rendered":"<p>SAFETRON REC est une carte relais qui g\u00e8re la r\u00e9occupation en combinaison avec SAFETRON SL621 ou SAFETRON SL630 lorsque ceux-ci sont utilis\u00e9s avec le raccord d&#039;\u00e9vacuation d&#039;urgence 794. <\/p>\n<p>La fonction de pression des SL621 et SL630 a la fonction oppos\u00e9e et active ainsi le relogement en interrompant la tension vers l&#039;environnement de la porte. La panne peut se faire par l&#039;activation de l&#039;alarme incendie ou par l&#039;activation du raccord de secours 794 qui est connect\u00e9 au SAFETRON REC. <\/p>\n<p>L&#039;activation de la pression est reli\u00e9e via la carte relais REC, le microswitch du dispositif d&#039;\u00e9vacuation d&#039;urgence est connect\u00e9 \u00e0 la carte relais. Lorsque la ferrure d&#039;\u00e9vacuation d&#039;urgence est activ\u00e9e, le relais d&#039;enclenchement commute, ce qui coupe la tension \u00e0 la pression, qui est ensuite plac\u00e9e dans une position connect\u00e9e m\u00e9caniquement et permet ainsi la r\u00e9occupation. <\/p>\n<p>La r\u00e9initialisation s&#039;effectue par connexion sans potentiel \u00e0 la carte relais. SAFETRON REC dispose de sorties d&#039;alarme NO\/NC pour signaler le relogement activ\u00e9.<\/p>","protected":false},"excerpt":{"rendered":"<p>SAFETRON REC est une carte relais qui g\u00e8re la rentr\u00e9e en combinaison avec SAFETRON SL621 ou SAFETRON SL630 lorsqu&#039;elle est utilis\u00e9e avec le raccord d&#039;\u00e9vacuation d&#039;urgence 794. La fonction bouton-poussoir dans SL621 et SL630 a la fonction inverse.<\/p>","protected":false},"featured_media":141950,"template":"","meta":{"_acf_changed":false},"product_brand":[],"product_cat":[2834],"product_tag":[4508,4866,4505],"class_list":{"0":"post-149395","1":"product","2":"type-product","3":"status-publish","4":"has-post-thumbnail","6":"product_cat-ellas-motorlastillbehor","7":"product_tag-ellas-tillbehor-styrenheter","8":"product_tag-safetron-20","9":"product_tag-safetron-tillbehor-600-serien","10":"product_shipping_class-tunga-paket","11":"pa_brands-7safetron","12":"tm-no-options","14":"first","15":"instock","16":"sale","17":"featured","18":"taxable","19":"shipping-taxable","20":"purchasable","21":"product-type-simple"},"acf":[],"_links":{"self":[{"href":"https:\/\/secureus.se\/fr\/wp-json\/wp\/v2\/product\/149395","targetHints":{"allow":["GET"]}}],"collection":[{"href":"https:\/\/secureus.se\/fr\/wp-json\/wp\/v2\/product"}],"about":[{"href":"https:\/\/secureus.se\/fr\/wp-json\/wp\/v2\/types\/product"}],"wp:featuredmedia":[{"embeddable":true,"href":"https:\/\/secureus.se\/fr\/wp-json\/wp\/v2\/media\/141950"}],"wp:attachment":[{"href":"https:\/\/secureus.se\/fr\/wp-json\/wp\/v2\/media?parent=149395"}],"wp:term":[{"taxonomy":"product_brand","embeddable":true,"href":"https:\/\/secureus.se\/fr\/wp-json\/wp\/v2\/product_brand?post=149395"},{"taxonomy":"product_cat","embeddable":true,"href":"https:\/\/secureus.se\/fr\/wp-json\/wp\/v2\/product_cat?post=149395"},{"taxonomy":"product_tag","embeddable":true,"href":"https:\/\/secureus.se\/fr\/wp-json\/wp\/v2\/product_tag?post=149395"}],"curies":[{"name":"wp","href":"https:\/\/api.w.org\/{rel}","templated":true}]}}