{"id":149402,"date":"2022-07-04T07:49:46","date_gmt":"2022-07-04T05:49:46","guid":{"rendered":"https:\/\/secureus.se\/motorlas-5328-kpl\/"},"modified":"2026-01-12T13:16:32","modified_gmt":"2026-01-12T12:16:32","slug":"motorlas-5328-kpl","status":"publish","type":"product","link":"https:\/\/secureus.se\/fr\/motorlas-5328-kpl\/","title":{"rendered":"Safetron Serrure moteur 5328 cpl"},"content":{"rendered":"<p>Serrure motoris\u00e9e SAFETRON 5328 dans un emballage en kit. Le kit contient : serrure motoris\u00e9e 5328, unit\u00e9 de commande 5000, c\u00e2ble de connexion C01 (10 m), plaque d&#039;extr\u00e9mit\u00e9 102 et transfert de cadre CT81.<\/p>\n<p>La serrure motoris\u00e9e SAFETRON 5328 en version \u00e9troite se d\u00e9verrouille en 0,3 seconde et donc aucune serrure journali\u00e8re s\u00e9par\u00e9e n&#039;est donc normalement n\u00e9cessaire sur les portes \u00e0 haute fr\u00e9quence. La serrure motoris\u00e9e fonctionne parfaitement avec les op\u00e9rateurs de portes automatiques.<\/p>\n<p>Les domaines d&#039;utilisation typiques sont les verrouillages de jour, de nuit et de s\u00e9curit\u00e9 dans le commerce, les bureaux et l&#039;industrie. La serrure r\u00e9pond aux exigences correspondant \u00e0 la classe de serrure SS 3079 3. La serrure motoris\u00e9e est \u00e9quip\u00e9e d&#039;un piston droit renforc\u00e9 pour une r\u00e9sistance maximale.<\/p>\n<p>\u2022 Profondeur du mandrin : 28 mm<\/p>\n<p>\u2022 Piston de r\u00e8gle \u00e0 crochet<\/p>\n<p>\u2022 D\u00e9sarme pendant 0,3 seconde<\/p>\n<p>\u2022 Adapt\u00e9 pour l&#039;automatisation des portes<\/p>\n<p>\u2022 Certifi\u00e9 selon SS-EN 14846<\/p>\n<p>La centrale dispose de doubles rang\u00e9es de bornes (NC\/NO) et de la fonction de relais suivante\u00a0:<\/p>\n<p>\u2022 Impulsion d&#039;ouverture sans potentiel<\/p>\n<p>\u2022 Minuterie\/ouverture d&#039;urgence<\/p>\n<p>\u2022 Aimant de porte externe<\/p>\n<p>\u2022 Alarme<\/p>\n<p>\u2022 Porte ferm\u00e9e<\/p>\n<p>\u2022 Exclure<\/p>\n<p>\u2022 R\u00e9glage du temps d&#039;ouverture 1-25 s<\/p>\n<p>\u2022 Alarme en cas de perte de c\u00e2ble<\/p>\n<p>\u2022 Tension de choc d&#039;ouverture<\/p>\n<p>\u2022 Blocage journalier<\/p>\n<p>\u2022 Porte ouverte<\/p>\n<p>\u2022 Fonction bouton d&#039;alarme<\/p>\n<p>\u2022 R\u00e8gle \u00e0 l&#039;int\u00e9rieur<\/p>\n<p>\u2022 Signal d&#039;impulsion<\/p>\n<p>\u2022 Tension\u00a0: 10-35 VCC\/8-24 VCA<\/p>\n<p>\u2022 Consommation de courant\u00a0: 50-350 mA<\/p>","protected":false},"excerpt":{"rendered":"<p>Serrure motoris\u00e9e SAFETRON 5328 dans un emballage en kit. Le kit contient : serrure motoris\u00e9e 5328, unit\u00e9 de commande 5000, c\u00e2ble de connexion C01 (10 m), plaque d&#039;extr\u00e9mit\u00e9 102 et transfert de cadre CT81. La serrure motoris\u00e9e SAFETRON 5328 en version \u00e0 profil \u00e9troit se d\u00e9sengage pendant 0,3 seconde et donc<\/p>","protected":false},"featured_media":142119,"template":"","meta":{"_acf_changed":false},"product_brand":[],"product_cat":[2874],"product_tag":[4512,4500,4866,4511],"class_list":{"0":"post-149402","1":"product","2":"type-product","3":"status-publish","4":"has-post-thumbnail","6":"product_cat-motorlas","7":"product_tag-motorlas-komplett-kpl","8":"product_tag-rel-safetron-motorlas","9":"product_tag-safetron-20","10":"product_tag-safetron-eltryckeslas","11":"product_shipping_class-tunga-paket","12":"pa_brands-7safetron","13":"tm-no-options","15":"first","16":"instock","17":"sale","18":"featured","19":"taxable","20":"shipping-taxable","21":"purchasable","22":"product-type-simple"},"acf":[],"_links":{"self":[{"href":"https:\/\/secureus.se\/fr\/wp-json\/wp\/v2\/product\/149402","targetHints":{"allow":["GET"]}}],"collection":[{"href":"https:\/\/secureus.se\/fr\/wp-json\/wp\/v2\/product"}],"about":[{"href":"https:\/\/secureus.se\/fr\/wp-json\/wp\/v2\/types\/product"}],"wp:featuredmedia":[{"embeddable":true,"href":"https:\/\/secureus.se\/fr\/wp-json\/wp\/v2\/media\/142119"}],"wp:attachment":[{"href":"https:\/\/secureus.se\/fr\/wp-json\/wp\/v2\/media?parent=149402"}],"wp:term":[{"taxonomy":"product_brand","embeddable":true,"href":"https:\/\/secureus.se\/fr\/wp-json\/wp\/v2\/product_brand?post=149402"},{"taxonomy":"product_cat","embeddable":true,"href":"https:\/\/secureus.se\/fr\/wp-json\/wp\/v2\/product_cat?post=149402"},{"taxonomy":"product_tag","embeddable":true,"href":"https:\/\/secureus.se\/fr\/wp-json\/wp\/v2\/product_tag?post=149402"}],"curies":[{"name":"wp","href":"https:\/\/api.w.org\/{rel}","templated":true}]}}