{"id":149414,"date":"2022-07-04T10:07:01","date_gmt":"2022-07-04T08:07:01","guid":{"rendered":"https:\/\/secureus.se\/slutbleck-106-6\/"},"modified":"2025-12-31T20:20:30","modified_gmt":"2025-12-31T19:20:30","slug":"slutbleck-106-6","status":"publish","type":"product","link":"https:\/\/secureus.se\/fr\/slutbleck-106-6\/","title":{"rendered":"Plaque d&#039;extr\u00e9mit\u00e9 106-6"},"content":{"rendered":"<h1>Plaque d&#039;extr\u00e9mit\u00e9 106-6<\/h1>\n<p class=\"\" data-start=\"261\" data-end=\"808\">La g\u00e2che 106-6 est con\u00e7ue pour \u00eatre utilis\u00e9e dans le syst\u00e8me de profils SAPA 2086 et est compatible avec les serrures motoris\u00e9es des s\u00e9ries 5000 et 6000 ainsi qu&#039;avec les serrures \u00e0 bouton-poussoir \u00e9lectriques SAFETRON.<\/p>\n<p class=\"\" data-start=\"261\" data-end=\"808\">Il dispose d&#039;un pont r\u00e9glable, ce qui signifie que les emplacements de piston ASSA Connect et classiques s&#039;adaptent \u00e0 cette plaque de frappe.<\/p>\n<p class=\"\" data-start=\"261\" data-end=\"808\">Livr\u00e9 complet avec un aimant r\u00e9glable et est fabriqu\u00e9 en acier inoxydable pour plus de durabilit\u00e9 et de longue dur\u00e9e de vie.<\/p>\n<p class=\"\" data-start=\"261\" data-end=\"808\">Avec une largeur de 58 mm, une longueur de 200 mm et une profondeur de 27 mm, il est parfait pour un certain nombre de solutions de portes o\u00f9 la s\u00e9curit\u00e9 et la fonctionnalit\u00e9 sont importantes.<\/p>\n<p class=\"\" data-start=\"810\" data-end=\"827\"><strong data-start=\"810\" data-end=\"824\">Caract\u00e9ristiques<\/strong>:<\/p>\n<ul data-start=\"828\" data-end=\"1099\">\n<li class=\"\" data-start=\"828\" data-end=\"867\">\n<p class=\"\" data-start=\"830\" data-end=\"867\">Adapt\u00e9 au syst\u00e8me de profils SAPA 2086<\/p>\n<\/li>\n<li class=\"\" data-start=\"868\" data-end=\"946\">\n<p class=\"\" data-start=\"870\" data-end=\"946\">Compatible avec les serrures motoris\u00e9es des s\u00e9ries 5000 et 6000 et les serrures \u00e9lectriques \u00e0 bouton-poussoir SAFETRON<\/p>\n<\/li>\n<li class=\"\" data-start=\"947\" data-end=\"1012\">\n<p class=\"\" data-start=\"949\" data-end=\"1012\">Pont r\u00e9glable pour les placements ASSA Connect et pistons classiques<\/p>\n<\/li>\n<li class=\"\" data-start=\"1013\" data-end=\"1047\">\n<p class=\"\" data-start=\"1015\" data-end=\"1047\">Livr\u00e9 avec un aimant r\u00e9glable<\/p>\n<\/li>\n<li class=\"\" data-start=\"1048\" data-end=\"1099\">\n<p class=\"\" data-start=\"1050\" data-end=\"1099\">Fabriqu\u00e9 en acier inoxydable pour une longue dur\u00e9e de vie<\/p>\n<\/li>\n<\/ul>\n<p class=\"\" data-start=\"1101\" data-end=\"1120\"><strong data-start=\"1101\" data-end=\"1117\">Donn\u00e9es techniques<\/strong>:<\/p>\n<ul data-start=\"1121\" data-end=\"1339\">\n<li class=\"\" data-start=\"1121\" data-end=\"1141\">\n<p class=\"\" data-start=\"1123\" data-end=\"1141\"><strong data-start=\"1123\" data-end=\"1132\">Largeur<\/strong>: 58 mm<\/p>\n<\/li>\n<li class=\"\" data-start=\"1142\" data-end=\"1163\">\n<p class=\"\" data-start=\"1144\" data-end=\"1163\"><strong data-start=\"1144\" data-end=\"1153\">Longueur<\/strong>: 200 mm<\/p>\n<\/li>\n<li class=\"\" data-start=\"1164\" data-end=\"1183\">\n<p class=\"\" data-start=\"1166\" data-end=\"1183\"><strong data-start=\"1166\" data-end=\"1174\">Profondeur<\/strong>: 27 mm<\/p>\n<\/li>\n<li class=\"\" data-start=\"1184\" data-end=\"1209\">\n<p class=\"\" data-start=\"1186\" data-end=\"1209\"><strong data-start=\"1186\" data-end=\"1198\">Mesure de la langue<\/strong>: 27,5 mm<\/p>\n<\/li>\n<li class=\"\" data-start=\"1210\" data-end=\"1242\">\n<p class=\"\" data-start=\"1212\" data-end=\"1242\"><strong data-start=\"1212\" data-end=\"1224\">Mat\u00e9riel<\/strong>: Acier inoxydable<\/p>\n<\/li>\n<li class=\"\" data-start=\"1243\" data-end=\"1339\">\n<p class=\"\" data-start=\"1245\" data-end=\"1339\"><strong data-start=\"1245\" data-end=\"1263\">Compatibilit\u00e9<\/strong>: Syst\u00e8me de profil\u00e9s SAPA 2086, serrure motoris\u00e9e s\u00e9rie 5000\/6000, serrure \u00e9lectrique \u00e0 poussoir SAFETRON<\/p>\n<\/li>\n<\/ul>","protected":false},"excerpt":{"rendered":"<p>Plaque d&#039;extr\u00e9mit\u00e9 106-6 pour syst\u00e8me de profil\u00e9s SAPA 2086, avec pont r\u00e9glable et aimant.<\/p>\n<p>Compatible avec les serrures motoris\u00e9es s\u00e9ries 5000\/6000 et les serrures \u00e9lectriques \u00e0 bouton-poussoir SAFETRON.<\/p>","protected":false},"featured_media":142384,"template":"","meta":{"_acf_changed":false},"product_brand":[],"product_cat":[3355],"product_tag":[4504,4866,4503],"class_list":{"0":"post-149414","1":"product","2":"type-product","3":"status-publish","4":"has-post-thumbnail","6":"product_cat-elslutbleck","7":"product_tag-ellas-tillbehor-slutbleck","8":"product_tag-safetron-20","9":"product_tag-safetron-tillbehor-motorlas-5000-serien","10":"product_shipping_class-tunga-paket","11":"pa_brands-7safetron","12":"tm-no-options","14":"first","15":"instock","16":"featured","17":"taxable","18":"shipping-taxable","19":"purchasable","20":"product-type-simple"},"acf":[],"_links":{"self":[{"href":"https:\/\/secureus.se\/fr\/wp-json\/wp\/v2\/product\/149414","targetHints":{"allow":["GET"]}}],"collection":[{"href":"https:\/\/secureus.se\/fr\/wp-json\/wp\/v2\/product"}],"about":[{"href":"https:\/\/secureus.se\/fr\/wp-json\/wp\/v2\/types\/product"}],"wp:featuredmedia":[{"embeddable":true,"href":"https:\/\/secureus.se\/fr\/wp-json\/wp\/v2\/media\/142384"}],"wp:attachment":[{"href":"https:\/\/secureus.se\/fr\/wp-json\/wp\/v2\/media?parent=149414"}],"wp:term":[{"taxonomy":"product_brand","embeddable":true,"href":"https:\/\/secureus.se\/fr\/wp-json\/wp\/v2\/product_brand?post=149414"},{"taxonomy":"product_cat","embeddable":true,"href":"https:\/\/secureus.se\/fr\/wp-json\/wp\/v2\/product_cat?post=149414"},{"taxonomy":"product_tag","embeddable":true,"href":"https:\/\/secureus.se\/fr\/wp-json\/wp\/v2\/product_tag?post=149414"}],"curies":[{"name":"wp","href":"https:\/\/api.w.org\/{rel}","templated":true}]}}