{"id":149442,"date":"2025-03-28T15:13:50","date_gmt":"2025-03-28T14:13:50","guid":{"rendered":"https:\/\/secureus.se\/?post_type=product&#038;p=149442"},"modified":"2026-03-25T15:30:31","modified_gmt":"2026-03-25T14:30:31","slug":"eltryckeslas-step-120-klassisk-split-sats-12-24v","status":"publish","type":"product","link":"https:\/\/secureus.se\/fr\/eltryckeslas-step-120-klassisk-split-sats-12-24v\/","title":{"rendered":"Serrure \u00e9lectrique \u00e0 poussoir STEP 120 Classic Split Set 12-24 V"},"content":{"rendered":"<div>\n<div><\/div>\n<h1>Serrure \u00e9lectrique \u00e0 poussoir STEP 120 Classic Split Set 12-24 V<\/h1>\n<div>STEP 120 est une serrure \u00e9lectrique \u00e0 poussoir durable avec fonction split. Fabriqu\u00e9 en acier inoxydable avec un placement de piston classique et plusieurs fonctionnalit\u00e9s flexibles.<\/div>\n<div>La conception est d\u00e9velopp\u00e9e selon les exigences de haute qualit\u00e9 reconnues de STEP, ce qui garantit des performances puissantes avec une fiabilit\u00e9 op\u00e9rationnelle \u00e9lev\u00e9e.<\/div>\n<div>La serrure peut \u00eatre utilis\u00e9e dans des environnements de porte avec des exigences d&#039;incendie et d&#039;\u00e9vacuation et est adapt\u00e9e pour \u00eatre utilis\u00e9e avec des g\u00e2ches \u00e9lectriques.<\/div>\n<div>Marqu\u00e9 CE selon SS-EN 14846:2008 en classe de feu E\/EI120 et certifi\u00e9 selon SS-EN 179:2008 avec les ferrures d&#039;\u00e9vacuation d&#039;urgence STEP Exit ST17901, ST17902, ST17903 et ST17904.<\/div>\n<\/div>\n<div>\n<b>Le pack contient :<\/b><br \/>\nSerrure \u00e9lectrique \u00e0 poussoir Step 120 24V, c\u00e2ble de raccordement (10 m), et transfert de cadre.<\/div>\n<div><b><br \/>\nPropri\u00e9t\u00e9s:<\/b><\/div>\n<div>\n<div>\n<ul>\n<li>Placement classique des pistons.<\/li>\n<li>Fonction de partage<\/li>\n<li>Certifi\u00e9 selon la norme SS-EN 179:2008 avec les \u00e9quipements d&#039;\u00e9vacuation d&#039;urgence STEP Exit.<\/li>\n<li>Certifi\u00e9 pour la r\u00e9sistance au feu jusqu&#039;\u00e0 la classe E\/EI 120.<\/li>\n<li>Microrupteur unipolaire alternatif, max. 30 V CC, 1 A.<\/li>\n<li>Les micro-interrupteurs int\u00e9gr\u00e9s indiquent les positions ferm\u00e9es et verrouill\u00e9es ainsi que l&#039;actionnement par pression.<\/li>\n<li>Diode de protection int\u00e9gr\u00e9e.<\/li>\n<li>R\u00e9versible pour s&#039;adapter aux portes droite et gauche.<\/li>\n<li>Fonction avant\/arri\u00e8re commutable.<\/li>\n<li>C\u00f4t\u00e9 \u00e0 commande \u00e9lectrique\/m\u00e9canique commutable.<\/li>\n<li>Adapt\u00e9 aux cylindres scandinaves ronds et ovales.<\/li>\n<li>Profondeur du mandrin 50 mm.<\/li>\n<li>Des pressions de rebond sont recommand\u00e9es.<\/li>\n<\/ul>\n<\/div>\n<\/div>\n<div><b>\u00a0<\/b><\/div>\n<div><b>Donn\u00e9es techniques :<\/b><\/div>\n<div>\n<ul>\n<li>Tension de fonctionnement : 24 V CC + 15 % \u2013 10 %.<\/li>\n<li>Consommation de courant : Max 60 mA.<\/li>\n<li>Durabilit\u00e9 : Grade X selon SS-EN 14846.<\/li>\n<\/ul>\n<\/div>\n<div><\/div>","protected":false},"excerpt":{"rendered":"<p>Serrure \u00e9lectrique \u00e0 poussoir STEP 120 Classic Split Set 12-24V STEP 120 est une serrure \u00e9lectrique \u00e0 poussoir durable avec fonction split. Fabriqu\u00e9 en acier inoxydable avec un placement de piston classique et plusieurs fonctionnalit\u00e9s flexibles. La conception est d\u00e9velopp\u00e9e avec STEPs<\/p>","protected":false},"featured_media":149441,"template":"","meta":{"_acf_changed":false},"product_brand":[],"product_cat":[2429],"product_tag":[],"class_list":{"0":"post-149442","1":"product","2":"type-product","3":"status-publish","4":"has-post-thumbnail","6":"product_cat-ellas","7":"pa_brands-step","8":"tm-no-options","10":"first","11":"instock","12":"sale","13":"taxable","14":"shipping-taxable","15":"purchasable","16":"product-type-simple"},"acf":[],"_links":{"self":[{"href":"https:\/\/secureus.se\/fr\/wp-json\/wp\/v2\/product\/149442","targetHints":{"allow":["GET"]}}],"collection":[{"href":"https:\/\/secureus.se\/fr\/wp-json\/wp\/v2\/product"}],"about":[{"href":"https:\/\/secureus.se\/fr\/wp-json\/wp\/v2\/types\/product"}],"wp:featuredmedia":[{"embeddable":true,"href":"https:\/\/secureus.se\/fr\/wp-json\/wp\/v2\/media\/149441"}],"wp:attachment":[{"href":"https:\/\/secureus.se\/fr\/wp-json\/wp\/v2\/media?parent=149442"}],"wp:term":[{"taxonomy":"product_brand","embeddable":true,"href":"https:\/\/secureus.se\/fr\/wp-json\/wp\/v2\/product_brand?post=149442"},{"taxonomy":"product_cat","embeddable":true,"href":"https:\/\/secureus.se\/fr\/wp-json\/wp\/v2\/product_cat?post=149442"},{"taxonomy":"product_tag","embeddable":true,"href":"https:\/\/secureus.se\/fr\/wp-json\/wp\/v2\/product_tag?post=149442"}],"curies":[{"name":"wp","href":"https:\/\/api.w.org\/{rel}","templated":true}]}}