{"id":149449,"date":"2025-03-28T15:13:50","date_gmt":"2025-03-28T14:13:50","guid":{"rendered":"https:\/\/secureus.se\/?post_type=product&#038;p=149449"},"modified":"2026-04-08T15:10:54","modified_gmt":"2026-04-08T13:10:54","slug":"eltryckeslas-step-110-modern-split-sats-24v","status":"publish","type":"product","link":"https:\/\/secureus.se\/fr\/eltryckeslas-step-110-modern-split-sats-24v\/","title":{"rendered":"Serrure \u00e9lectrique \u00e0 poussoir STEP 110 Modern Split Set 24 V"},"content":{"rendered":"<h1>Serrure \u00e9lectrique \u00e0 poussoir STEP 110 Modern Split Set 24 V<\/h1>\n<div>STEP 110 est une serrure \u00e9lectrique \u00e0 poussoir durable avec fonction split. Entra\u00eenement direct en instance de brevet, appel\u00e9 Direct Drive TM.<\/div>\n<div>Cela donne une exp\u00e9rience tr\u00e8s douce et r\u00e9active lors de l\u2019utilisation de l\u2019impression.<\/div>\n<div>La serrure \u00e9l\u00e9gante est dot\u00e9e d&#039;un placement de piston moderne avec le p\u00eane dormant du cylindre plac\u00e9 au centre du bo\u00eetier de la serrure.<\/div>\n<div>La conception est d\u00e9velopp\u00e9e selon les exigences de haute qualit\u00e9 reconnues de STEP, ce qui garantit des performances puissantes avec une fiabilit\u00e9 op\u00e9rationnelle \u00e9lev\u00e9e.<\/div>\n<div>Il est tr\u00e8s adapt\u00e9 \u00e0 une utilisation avec des t\u00f4les \u00e9lectriques.<\/div>\n<div>Marqu\u00e9 CE selon SS-EN 14846:2008 en classe de feu E\/EI120 et certifi\u00e9 selon SS-EN 179:2008 avec les ferrures d&#039;\u00e9vacuation d&#039;urgence STEP Exit ST17901, ST17902, ST17903 et ST17904.<\/div>\n<div>\n<b>Le pack contient :<\/b><br \/>\nSerrure \u00e9lectrique \u00e0 poussoir Step 110 24V, c\u00e2ble de raccordement (10 m), et transfert de cadre.<\/p>\n<\/div>\n<div><b>Propri\u00e9t\u00e9s:\u00a0<\/b><\/div>\n<div>\n<ul>\n<li>Le placement moderne des pistons correspond \u00e0 la connexion Assas<\/li>\n<li>Fonction de partage<\/li>\n<li>Test\u00e9 et certifi\u00e9 pour la r\u00e9sistance au feu jusqu&#039;\u00e0 la classe FE\/EI 120.<\/li>\n<li>Microrupteur unipolaire alternatif, max. 30 V CC, 1 A.<\/li>\n<li>Fonction Direct DriveTM int\u00e9gr\u00e9e en instance de brevet qui permet un contr\u00f4le direct de la pression.<\/li>\n<li>Les micro-interrupteurs int\u00e9gr\u00e9s indiquent les positions ferm\u00e9es et verrouill\u00e9es ainsi que le fonctionnement du bouton-poussoir.<\/li>\n<li>La diode de protection est int\u00e9gr\u00e9e.<\/li>\n<li>R\u00e9versible pour s&#039;adapter aux portes droite et gauche.<\/li>\n<li>Fonction avant\/arri\u00e8re commutable.<\/li>\n<li>C\u00f4t\u00e9 commutable \u00e9lectriquement\/m\u00e9caniquement.<\/li>\n<li>Adapt\u00e9 aux cylindres scandinaves ronds et ovales.<\/li>\n<li>Profondeur du mandrin 50 mm.<\/li>\n<li>Des presses \u00e0 ressort et sans ressort peuvent \u00eatre utilis\u00e9es.<\/li>\n<li>C\u00e2ble sans halog\u00e8ne.<\/li>\n<\/ul>\n<\/div>\n<div><\/div>\n<div><b>Donn\u00e9es techniques :<\/b><\/div>\n<div>\n<ul>\n<li>Tension de fonctionnement : 24 V CC + 15 % \u2013 10 %.<\/li>\n<li>Consommation de courant : Max 60 mA.<\/li>\n<li>Durabilit\u00e9 : Grade X selon SS-EN 14846.<\/li>\n<\/ul>\n<div><\/div>\n<\/div>","protected":false},"excerpt":{"rendered":"<p>Serrure \u00e9lectrique \u00e0 poussoir STEP 110 Modern Split Set 24V STEP 110 est une serrure \u00e9lectrique \u00e0 poussoir durable avec fonction split. Entra\u00eenement direct en instance de brevet, appel\u00e9 Direct Drive TM. Il en r\u00e9sulte une exp\u00e9rience tr\u00e8s douce et souple.<\/p>","protected":false},"featured_media":149447,"template":"","meta":{"_acf_changed":false},"product_brand":[],"product_cat":[2429],"product_tag":[2290],"class_list":{"0":"post-149449","1":"product","2":"type-product","3":"status-publish","4":"has-post-thumbnail","6":"product_cat-ellas","7":"product_tag-ellas-komplett-sats-kpl","8":"pa_brands-step","9":"tm-no-options","11":"first","12":"instock","13":"sale","14":"taxable","15":"shipping-taxable","16":"purchasable","17":"product-type-simple"},"acf":[],"_links":{"self":[{"href":"https:\/\/secureus.se\/fr\/wp-json\/wp\/v2\/product\/149449","targetHints":{"allow":["GET"]}}],"collection":[{"href":"https:\/\/secureus.se\/fr\/wp-json\/wp\/v2\/product"}],"about":[{"href":"https:\/\/secureus.se\/fr\/wp-json\/wp\/v2\/types\/product"}],"wp:featuredmedia":[{"embeddable":true,"href":"https:\/\/secureus.se\/fr\/wp-json\/wp\/v2\/media\/149447"}],"wp:attachment":[{"href":"https:\/\/secureus.se\/fr\/wp-json\/wp\/v2\/media?parent=149449"}],"wp:term":[{"taxonomy":"product_brand","embeddable":true,"href":"https:\/\/secureus.se\/fr\/wp-json\/wp\/v2\/product_brand?post=149449"},{"taxonomy":"product_cat","embeddable":true,"href":"https:\/\/secureus.se\/fr\/wp-json\/wp\/v2\/product_cat?post=149449"},{"taxonomy":"product_tag","embeddable":true,"href":"https:\/\/secureus.se\/fr\/wp-json\/wp\/v2\/product_tag?post=149449"}],"curies":[{"name":"wp","href":"https:\/\/api.w.org\/{rel}","templated":true}]}}