{"id":149455,"date":"2025-03-28T15:13:51","date_gmt":"2025-03-28T14:13:51","guid":{"rendered":"https:\/\/secureus.se\/?post_type=product&#038;p=149455"},"modified":"2026-03-25T15:30:17","modified_gmt":"2026-03-25T14:30:17","slug":"eltryckeslas-step-130-modern-split-sats-multi","status":"publish","type":"product","link":"https:\/\/secureus.se\/fr\/eltryckeslas-step-130-modern-split-sats-multi\/","title":{"rendered":"Serrure \u00e9lectrique \u00e0 poussoir STEP 130 Modern Split Set Multi"},"content":{"rendered":"<h1>STEP 130 est une serrure \u00e9lectrique \u00e0 poussoir avec un piston automatique unique qui offre une double fonction.<\/h1>\n<p>Cela permet d&#039;ouvrir la serrure aussi bien \u00e9lectriquement avec un bouton poussoir qu&#039;avec une ouverture automatique de la porte.<\/p>\n<div>Bien entendu, cette serrure \u00e9lectrique \u00e0 poussoir est \u00e9galement \u00e9quip\u00e9e de notre technologie brevet\u00e9e de pression de bande, qui garantit que la serrure peut r\u00e9sister \u00e0 une pression de bande tr\u00e8s \u00e9lev\u00e9e.<\/div>\n<div>Gr\u00e2ce \u00e0 ces propri\u00e9t\u00e9s, STEP 130 est un choix \u00e9vident pour les environnements de portes avec des syst\u00e8mes de portes automatiques, des exigences en mati\u00e8re d&#039;incendie et d&#039;\u00e9vacuation, o\u00f9 vous souhaitez \u00e9galement garantir une fiabilit\u00e9 op\u00e9rationnelle \u00e9lev\u00e9e.<\/div>\n<div>STEP 130 poss\u00e8de exactement les m\u00eames fonctionnalit\u00e9s et technologies que STEP 110.<\/div>\n<div>La diff\u00e9rence entre les deux serrures \u00e9lectriques \u00e0 poussoir est que le STEP 130 dispose d&#039;un piston automatique qui se replie lorsque la porte est ouverte \u00e9lectriquement.<\/div>\n<div>STEP 130 est donc adapt\u00e9 aux environnements de portes o\u00f9 vous souhaitez une accessibilit\u00e9 accrue et\/ou une adaptation au handicap.<\/div>\n<div><\/div>\n<div><b>La double fonction du piston automatique<\/b><\/div>\n<div>Le piston automatique conf\u00e8re \u00e0 la plaque d&#039;extr\u00e9mit\u00e9 \u00e9lectrique une double fonction.<\/div>\n<div>Lorsque la porte est ouverte par pression, le STEP 130 fonctionne comme une serrure \u00e0 pression \u00e9lectrique normale avec un piston tombant.<\/div>\n<div>Lorsque la porte est ouverte \u00e9lectriquement, le piston automatique peut se replier, permettant ainsi l&#039;ouverture avec fonctionnement automatique de la porte.<\/div>\n<div>Imm\u00e9diatement apr\u00e8s l&#039;ouverture de la porte, le piston automatique s&#039;\u00e9tend, se verrouille en position et fonctionne \u00e0 nouveau comme un piston de chute ordinaire.<\/div>\n<div><\/div>\n<div><b>R\u00e9tention du feu et haute r\u00e9sistance \u00e0 l\u2019usure<\/b><\/div>\n<div>Parce que le piston automatique ressemble \u00e0 un piston \u00e0 chute ordinaire, il peut r\u00e9partir la r\u00e9sistance \u00e0 l&#039;usure sur toute sa surface.<\/div>\n<div>Il garantit \u00e9galement le maintien du confinement du feu, m\u00eame si un espace se forme entre le piston et la plaque de frappe.<\/div>\n<div>En combinaison avec la technologie STEP Strip Pressure, le STEP 130 peut r\u00e9sister \u00e0 une pression de bande \u00e9lev\u00e9e et garantit une fiabilit\u00e9 op\u00e9rationnelle \u00e9lev\u00e9e.<\/div>\n<div><\/div>\n<div><b>Avec fonction split<\/b><\/div>\n<div>STEP 130 est \u00e9quip\u00e9 d&#039;une fonction split, ce qui signifie que vous pouvez laisser passer n&#039;importe quel c\u00f4t\u00e9 de la serrure avec une sortie m\u00e9canique.<\/div>\n<div>\n<p>L&#039;espace et la grande durabilit\u00e9 sont assur\u00e9s par le c\u00f4t\u00e9 \u00e0 commande m\u00e9canique dot\u00e9 d&#039;une fixation solide o\u00f9 la fonction divis\u00e9e est s\u00e9curis\u00e9e par des d\u00e9tails inoxydables et durcis.<\/p>\n<p><b>Le pack contient :<\/b><br \/>\nSerrure \u00e9lectrique \u00e0 poussoir STEP 130, c\u00e2ble de raccordement (10 m) et transfert de cadre.<\/p>\n<p><b>Propri\u00e9t\u00e9s:<\/b><\/p>\n<ul>\n<li>Placement moderne des pistons.<\/li>\n<li>Piston automatique unique<\/li>\n<li>Microrupteur unipolaire alternatif, max. 30 V CC, 1 A<\/li>\n<li>Multitension<\/li>\n<li>R\u00e9versible pour s&#039;adapter aux portes droite et gauche<\/li>\n<li>Fonction avant\/arri\u00e8re commutable.<\/li>\n<li>\u00c9vacuation d\u2019urgence approuv\u00e9e avec les accessoires d\u2019\u00e9vacuation d\u2019urgence STEP Exit. Certifi\u00e9 selon SS-EN 179:2008.<\/li>\n<li>Avec fonction split. C\u00f4t\u00e9 commutable \u00e0 commande \u00e9lectrique\/m\u00e9canique<\/li>\n<li>Avec la technologie d&#039;impression STEP List<\/li>\n<li>La fonction DirectDrive\u00ae brevet\u00e9e int\u00e9gr\u00e9e permet un contr\u00f4le direct de la pression<\/li>\n<li>Les micro-interrupteurs int\u00e9gr\u00e9s indiquent les positions ferm\u00e9es et verrouill\u00e9es ainsi que l&#039;actionnement par pression<\/li>\n<li>Diode de protection int\u00e9gr\u00e9e.<\/li>\n<li>Fonction de relogement int\u00e9gr\u00e9e<\/li>\n<li>Adapt\u00e9 aux cylindres scandinaves ronds et ovales<\/li>\n<li>Profondeur du mandrin 50 mm<\/li>\n<li>Des pressions de rebond sont recommand\u00e9es<\/li>\n<li>C\u00e2ble sans halog\u00e8ne<\/li>\n<li>Brevet en instance<\/li>\n<\/ul>\n<\/div>\n<div>\n<p><b>Fonction:<\/b><\/p>\n<ul>\n<li>Le piston automatique se verrouille\/d\u00e9verrouille \u00e9lectriquement via un signal d&#039;ouverture provenant d&#039;un syst\u00e8me d&#039;acc\u00e8s, d&#039;un verrou \u00e0 code, d&#039;un bouton-poussoir ou similaire.<\/li>\n<li>Le piston automatique est r\u00e9tract\u00e9 m\u00e9caniquement via le rameur \u00e0 cylindre avec une cl\u00e9 de l&#039;ext\u00e9rieur ou une cl\u00e9\/bouton de l&#039;int\u00e9rieur.<\/li>\n<li>La pression ext\u00e9rieure est activ\u00e9e \u00e9lectriquement via un syst\u00e8me d&#039;acc\u00e8s, une serrure \u00e0 code ou similaire et r\u00e9tracte le piston automatique.<\/li>\n<li>La pression \u00e0 l&#039;int\u00e9rieur est toujours m\u00e9caniquement active et r\u00e9tracte le piston automatique.<\/li>\n<\/ul>\n<\/div>","protected":false},"excerpt":{"rendered":"<p>STEP 130 est une serrure \u00e0 poussoir \u00e9lectrique avec un piston automatique unique qui offre une double fonction. Cela permet d&#039;ouvrir la serrure aussi bien \u00e9lectriquement avec un bouton poussoir qu&#039;automatiquement. Bien s\u00fbr, c&#039;est aussi<\/p>","protected":false},"featured_media":149454,"template":"","meta":{"_acf_changed":false},"product_brand":[],"product_cat":[2429],"product_tag":[2290],"class_list":{"0":"post-149455","1":"product","2":"type-product","3":"status-publish","4":"has-post-thumbnail","6":"product_cat-ellas","7":"product_tag-ellas-komplett-sats-kpl","8":"pa_brands-step","9":"tm-no-options","11":"first","12":"instock","13":"sale","14":"taxable","15":"shipping-taxable","16":"purchasable","17":"product-type-simple"},"acf":[],"_links":{"self":[{"href":"https:\/\/secureus.se\/fr\/wp-json\/wp\/v2\/product\/149455","targetHints":{"allow":["GET"]}}],"collection":[{"href":"https:\/\/secureus.se\/fr\/wp-json\/wp\/v2\/product"}],"about":[{"href":"https:\/\/secureus.se\/fr\/wp-json\/wp\/v2\/types\/product"}],"wp:featuredmedia":[{"embeddable":true,"href":"https:\/\/secureus.se\/fr\/wp-json\/wp\/v2\/media\/149454"}],"wp:attachment":[{"href":"https:\/\/secureus.se\/fr\/wp-json\/wp\/v2\/media?parent=149455"}],"wp:term":[{"taxonomy":"product_brand","embeddable":true,"href":"https:\/\/secureus.se\/fr\/wp-json\/wp\/v2\/product_brand?post=149455"},{"taxonomy":"product_cat","embeddable":true,"href":"https:\/\/secureus.se\/fr\/wp-json\/wp\/v2\/product_cat?post=149455"},{"taxonomy":"product_tag","embeddable":true,"href":"https:\/\/secureus.se\/fr\/wp-json\/wp\/v2\/product_tag?post=149455"}],"curies":[{"name":"wp","href":"https:\/\/api.w.org\/{rel}","templated":true}]}}