{"id":149640,"date":"2025-02-11T15:45:51","date_gmt":"2025-02-11T14:45:51","guid":{"rendered":"https:\/\/secureus.se\/porthallare-580-assa-abloy-2\/"},"modified":"2026-04-08T15:28:04","modified_gmt":"2026-04-08T13:28:04","slug":"porthallare-580-assa-abloy","status":"publish","type":"product","link":"https:\/\/secureus.se\/fr\/porthallare-580-assa-abloy\/","title":{"rendered":"Support de porte Fix 580 \u2013 Assa Abloy"},"content":{"rendered":"<div>Le support de porte ASSA ABLOY 580 est un support de porte utilis\u00e9 pour positionner des portes battantes lat\u00e9rales plus grandes ou plus lourdes en position compl\u00e8tement ouverte.<\/div>\n<div><b><br \/>\nPropri\u00e9t\u00e9s: <\/b><\/div>\n<div>\n<ul>\n<li>Longueur du bras : 1320 mm<\/li>\n<li>En position compl\u00e8tement ouverte (environ 90 degr\u00e9s), le loquet tombe automatiquement en position de verrouillage, de sorte que la porte est maintenue en toute s\u00e9curit\u00e9.<\/li>\n<li>Lorsque la porte est pouss\u00e9e plus loin vers la position ouverte, le loquet est lib\u00e9r\u00e9, permettant \u00e0 la porte de se fermer.<\/li>\n<li>Le ressort de but\u00e9e fonctionne \u00e9galement comme un amortisseur et prot\u00e8ge ainsi la porte et les charni\u00e8res.<\/li>\n<li>Convient aux portes droites et gauches.<\/li>\n<\/ul>\n<\/div>\n<div><\/div>","protected":false},"excerpt":{"rendered":"<p>Support de porte 580 d&#039;ASSA ABLOY<\/p>","protected":false},"featured_media":147796,"template":"","meta":{"_acf_changed":false},"product_brand":[],"product_cat":[4607],"product_tag":[],"class_list":{"0":"post-149640","1":"product","2":"type-product","3":"status-publish","4":"has-post-thumbnail","6":"product_cat-porthallare","7":"pa_brands-abloy","8":"tm-no-options","10":"first","11":"onbackorder","12":"sale","13":"taxable","14":"shipping-taxable","15":"purchasable","16":"product-type-simple"},"acf":[],"_links":{"self":[{"href":"https:\/\/secureus.se\/fr\/wp-json\/wp\/v2\/product\/149640","targetHints":{"allow":["GET"]}}],"collection":[{"href":"https:\/\/secureus.se\/fr\/wp-json\/wp\/v2\/product"}],"about":[{"href":"https:\/\/secureus.se\/fr\/wp-json\/wp\/v2\/types\/product"}],"wp:featuredmedia":[{"embeddable":true,"href":"https:\/\/secureus.se\/fr\/wp-json\/wp\/v2\/media\/147796"}],"wp:attachment":[{"href":"https:\/\/secureus.se\/fr\/wp-json\/wp\/v2\/media?parent=149640"}],"wp:term":[{"taxonomy":"product_brand","embeddable":true,"href":"https:\/\/secureus.se\/fr\/wp-json\/wp\/v2\/product_brand?post=149640"},{"taxonomy":"product_cat","embeddable":true,"href":"https:\/\/secureus.se\/fr\/wp-json\/wp\/v2\/product_cat?post=149640"},{"taxonomy":"product_tag","embeddable":true,"href":"https:\/\/secureus.se\/fr\/wp-json\/wp\/v2\/product_tag?post=149640"}],"curies":[{"name":"wp","href":"https:\/\/api.w.org\/{rel}","templated":true}]}}