{"id":149866,"date":"2025-04-03T14:21:11","date_gmt":"2025-04-03T12:21:11","guid":{"rendered":"https:\/\/secureus.se\/apollo-pp5067-intelligent-testutrustning-for-soteria-serien\/"},"modified":"2026-04-16T15:03:04","modified_gmt":"2026-04-16T13:03:04","slug":"apollo-pp5067-intelligent-testutrustning-for-soteria-serien","status":"publish","type":"product","link":"https:\/\/secureus.se\/fr\/apollo-pp5067-intelligent-testutrustning-for-soteria-serien\/","title":{"rendered":"\u00c9quipement de test intelligent Apollo PP5067 pour la s\u00e9rie Soteria"},"content":{"rendered":"<h1>\u00c9quipement de test intelligent Apollo PP5067 pour la s\u00e9rie Soteria<\/h1>\n<p class=\"\" data-start=\"443\" data-end=\"816\">L&#039;\u00e9quipement de test intelligent Apollo PP5067 est un appareil de test portable avec un \u00e9cran tactile LCD de 7 pouces qui permet \u00e0 l&#039;utilisateur d&#039;interagir, de contr\u00f4ler et de maintenir facilement tous les appareils connect\u00e9s \u00e0 l&#039;appareil.<\/p>\n<p class=\"\" data-start=\"443\" data-end=\"816\">Il fonctionne \u00e0 la fois pour les appareils individuels et pour les circuits entiers d&#039;appareils adressables analogiques de la s\u00e9rie Apollo, notamment CoreProtocol, Discovery et XP95.<\/p>\n<p class=\"\" data-start=\"818\" data-end=\"1193\">Cet appareil permet de tester et de diagnostiquer l&#039;int\u00e9grit\u00e9 de la boucle, ce qui est crucial lors de la mise en service et de la maintenance continue.<\/p>\n<p class=\"\" data-start=\"818\" data-end=\"1193\">L&#039;\u00e9quipement prend en charge les mises \u00e0 jour via USB et offre un support multilingue pour r\u00e9pondre aux diff\u00e9rents besoins r\u00e9gionaux.<\/p>\n<p class=\"\" data-start=\"818\" data-end=\"1193\">Il est livr\u00e9 dans un \u00e9tui de transport robuste avec un chargeur universel, un c\u00e2ble de connexion et une base de montage intelligente XPERT8.<\/p>\n<p class=\"\" data-start=\"1195\" data-end=\"1215\"><strong data-start=\"1195\" data-end=\"1214\">Caract\u00e9ristiques<\/strong>:<\/p>\n<ul data-start=\"1216\" data-end=\"1656\">\n<li class=\"\" data-start=\"1216\" data-end=\"1291\">\n<p class=\"\" data-start=\"1218\" data-end=\"1291\"><strong data-start=\"1218\" data-end=\"1232\">Source d&#039;alimentation<\/strong>:Batterie lithium-ion ou bloc d&#039;alimentation 12 V<\/p>\n<\/li>\n<li class=\"\" data-start=\"1292\" data-end=\"1333\">\n<p class=\"\" data-start=\"1294\" data-end=\"1333\"><strong data-start=\"1294\" data-end=\"1317\">Temps de charge de la batterie<\/strong>: Environ 3 heures<\/p>\n<\/li>\n<li class=\"\" data-start=\"1334\" data-end=\"1370\">\n<p class=\"\" data-start=\"1336\" data-end=\"1370\"><strong data-start=\"1336\" data-end=\"1355\">Temp\u00e9rature de fonctionnement<\/strong>: 0\u00baC \u00e0 40\u00baC<\/p>\n<\/li>\n<li class=\"\" data-start=\"1371\" data-end=\"1435\">\n<p class=\"\" data-start=\"1373\" data-end=\"1435\"><strong data-start=\"1373\" data-end=\"1386\">Humidit\u00e9<\/strong>: 10 \u00e0 95 % RH (sans condensation ni givrage)<\/p>\n<\/li>\n<li class=\"\" data-start=\"1436\" data-end=\"1478\">\n<p class=\"\" data-start=\"1438\" data-end=\"1478\"><strong data-start=\"1438\" data-end=\"1453\">Dimensions<\/strong>: 215 mm x 165 mm x 50 mm<\/p>\n<\/li>\n<li class=\"\" data-start=\"1479\" data-end=\"1496\">\n<p class=\"\" data-start=\"1481\" data-end=\"1496\"><strong data-start=\"1481\" data-end=\"1489\">Poids<\/strong>: 935g<\/p>\n<\/li>\n<li class=\"\" data-start=\"1497\" data-end=\"1531\">\n<p class=\"\" data-start=\"1499\" data-end=\"1531\"><strong data-start=\"1499\" data-end=\"1510\">Afficher<\/strong>:\u00c9cran tactile LCD de 7 pouces<\/p>\n<\/li>\n<li class=\"\" data-start=\"1532\" data-end=\"1592\">\n<p class=\"\" data-start=\"1534\" data-end=\"1592\"><strong data-start=\"1534\" data-end=\"1562\">Mises \u00e0 jour logicielles<\/strong>: Via USB et le site Web d&#039;Apollo<\/p>\n<\/li>\n<li class=\"\" data-start=\"1593\" data-end=\"1656\">\n<p class=\"\" data-start=\"1595\" data-end=\"1656\"><strong data-start=\"1595\" data-end=\"1613\">Compatibilit\u00e9<\/strong>: S\u00e9ries XP95, Discovery et CoreProtocol<\/p>\n<\/li>\n<\/ul>","protected":false},"excerpt":{"rendered":"<p>L&#039;\u00e9quipement de test intelligent Apollo PP5067 pour la s\u00e9rie Soteria permet de tester l&#039;int\u00e9grit\u00e9 de la boucle et de diagnostiquer pendant la mise en service et la maintenance.<\/p>\n<p>L&#039;unit\u00e9 \u00e0 \u00e9cran tactile portable affiche les informations sur l&#039;appareil et contr\u00f4le les modes de fonctionnement des appareils individuels ou des circuits composites des appareils adressables analogiques de la s\u00e9rie Apollo.<\/p>","protected":false},"featured_media":149865,"template":"","meta":{"_acf_changed":false},"product_brand":[],"product_cat":[4750],"product_tag":[],"class_list":{"0":"post-149866","1":"product","2":"type-product","3":"status-publish","4":"has-post-thumbnail","6":"product_cat-soteria-serien","7":"pa_brands-apollo-fire-detectors","8":"tm-no-options","10":"first","11":"instock","12":"taxable","13":"shipping-taxable","14":"purchasable","15":"product-type-simple"},"acf":[],"_links":{"self":[{"href":"https:\/\/secureus.se\/fr\/wp-json\/wp\/v2\/product\/149866","targetHints":{"allow":["GET"]}}],"collection":[{"href":"https:\/\/secureus.se\/fr\/wp-json\/wp\/v2\/product"}],"about":[{"href":"https:\/\/secureus.se\/fr\/wp-json\/wp\/v2\/types\/product"}],"wp:featuredmedia":[{"embeddable":true,"href":"https:\/\/secureus.se\/fr\/wp-json\/wp\/v2\/media\/149865"}],"wp:attachment":[{"href":"https:\/\/secureus.se\/fr\/wp-json\/wp\/v2\/media?parent=149866"}],"wp:term":[{"taxonomy":"product_brand","embeddable":true,"href":"https:\/\/secureus.se\/fr\/wp-json\/wp\/v2\/product_brand?post=149866"},{"taxonomy":"product_cat","embeddable":true,"href":"https:\/\/secureus.se\/fr\/wp-json\/wp\/v2\/product_cat?post=149866"},{"taxonomy":"product_tag","embeddable":true,"href":"https:\/\/secureus.se\/fr\/wp-json\/wp\/v2\/product_tag?post=149866"}],"curies":[{"name":"wp","href":"https:\/\/api.w.org\/{rel}","templated":true}]}}