{"id":149868,"date":"2025-04-03T14:21:08","date_gmt":"2025-04-03T12:21:08","guid":{"rendered":"https:\/\/secureus.se\/apollo-sa5100-810apo-soteria-tri-sensor-detector-dual-optical-heat-co\/"},"modified":"2026-04-09T11:23:58","modified_gmt":"2026-04-09T09:23:58","slug":"apollo-sa5100-810apo-soteria-tri-sensor-detector-dual-optical-heat-co","status":"publish","type":"product","link":"https:\/\/secureus.se\/fr\/apollo-sa5100-810apo-soteria-tri-sensor-detector-dual-optical-heat-co\/","title":{"rendered":"D\u00e9tecteur \u00e0 trois capteurs Apollo SA5100-810APO Soteria \u00e0 double optique \/ chaleur \/ CO"},"content":{"rendered":"<h1>D\u00e9tecteur \u00e0 trois capteurs Apollo SA5100-810APO Soteria \u00e0 double optique \/ chaleur \/ CO<\/h1>\n<p class=\"\" data-start=\"445\" data-end=\"1031\">Le d\u00e9tecteur Tri-Sensor Apollo SA5100-810APO Soteria est un appareil avanc\u00e9 qui combine trois m\u00e9thodes de d\u00e9tection : double d\u00e9tection optique, capteur de chaleur et capteur de dioxyde de carbone (CO).<\/p>\n<p class=\"\" data-start=\"445\" data-end=\"1031\">Ce d\u00e9tecteur polyvalent dispose de cinq mod\u00e8les de sensibilit\u00e9 diff\u00e9rents pour optimiser les performances dans diff\u00e9rents environnements, notamment les param\u00e8tres NT (sensibilit\u00e9 normale) et MT (sensibilit\u00e9 moyenne).<\/p>\n<p class=\"\" data-start=\"445\" data-end=\"1031\">L&#039;appareil utilise un capteur de fum\u00e9e optique avanc\u00e9 avec \u00e9metteur-r\u00e9cepteur IR et une photodiode secondaire pour obtenir plusieurs angles de diffusion de la lumi\u00e8re, ce qui am\u00e9liore la capacit\u00e9 \u00e0 filtrer les signaux interf\u00e9rents.<\/p>\n<p class=\"\" data-start=\"1033\" data-end=\"1479\">Son capteur de chaleur, une thermistance NTC, assure une surveillance pr\u00e9cise de la temp\u00e9rature, tandis que le capteur de CO, bas\u00e9 sur la technologie des cellules \u00e9lectrochimiques, mesure les niveaux de dioxyde de carbone pour soutenir davantage la d\u00e9tection d&#039;incendie.<\/p>\n<p class=\"\" data-start=\"1033\" data-end=\"1479\">Le d\u00e9tecteur dispose \u00e9galement d&#039;un isolateur int\u00e9gr\u00e9 et de la fonction FasTest\u00ae qui rend les tests plus rapides et plus faciles, r\u00e9duisant ainsi le temps de maintenance.<\/p>\n<p class=\"\" data-start=\"1033\" data-end=\"1479\">De plus, les commutateurs DIL permettent l&#039;adressage et un indicateur d&#039;\u00e9tat LED tricolore pour afficher l&#039;\u00e9tat de l&#039;alarme et le mode de fonctionnement.<\/p>\n<p class=\"\" data-start=\"1481\" data-end=\"1501\"><strong data-start=\"1481\" data-end=\"1500\">Caract\u00e9ristiques<\/strong>:<\/p>\n<ul data-start=\"1502\" data-end=\"1959\">\n<li class=\"\" data-start=\"1502\" data-end=\"1532\">\n<p class=\"\" data-start=\"1504\" data-end=\"1532\"><strong data-start=\"1504\" data-end=\"1518\">Source d&#039;alimentation<\/strong>: 17 V \u2013 35 V CC<\/p>\n<\/li>\n<li class=\"\" data-start=\"1533\" data-end=\"1583\">\n<p class=\"\" data-start=\"1535\" data-end=\"1583\"><strong data-start=\"1535\" data-end=\"1558\">Tension de modulation<\/strong>: 5 V \u2013 13 V cr\u00eate \u00e0 cr\u00eate<\/p>\n<\/li>\n<li class=\"\" data-start=\"1584\" data-end=\"1627\">\n<p class=\"\" data-start=\"1586\" data-end=\"1627\"><strong data-start=\"1586\" data-end=\"1610\">Faible consommation d&#039;\u00e9nergie<\/strong>: 600 \u00b5A au repos<\/p>\n<\/li>\n<li class=\"\" data-start=\"1628\" data-end=\"1662\">\n<p class=\"\" data-start=\"1630\" data-end=\"1662\"><strong data-start=\"1630\" data-end=\"1656\">Pic de puissance au d\u00e9marrage<\/strong>: 2 mA<\/p>\n<\/li>\n<li class=\"\" data-start=\"1663\" data-end=\"1704\">\n<p class=\"\" data-start=\"1665\" data-end=\"1704\"><strong data-start=\"1665\" data-end=\"1679\">Courant d&#039;alarme<\/strong>: 4 mA lors de l&#039;\u00e9clairage LED<\/p>\n<\/li>\n<li class=\"\" data-start=\"1705\" data-end=\"1750\">\n<p class=\"\" data-start=\"1707\" data-end=\"1750\"><strong data-start=\"1707\" data-end=\"1733\">Temp\u00e9ratures de fonctionnement<\/strong>: \u201310\u00b0C \u00e0 55\u00b0C<\/p>\n<\/li>\n<li class=\"\" data-start=\"1751\" data-end=\"1814\">\n<p class=\"\" data-start=\"1753\" data-end=\"1814\"><strong data-start=\"1753\" data-end=\"1766\">Humidit\u00e9<\/strong>: 0% \u00e0 90% RH (sans condensation ni givrage)<\/p>\n<\/li>\n<li class=\"\" data-start=\"1815\" data-end=\"1842\">\n<p class=\"\" data-start=\"1817\" data-end=\"1842\"><strong data-start=\"1817\" data-end=\"1825\">Mesure<\/strong>: \u00d8103mm x 55mm<\/p>\n<\/li>\n<li class=\"\" data-start=\"1843\" data-end=\"1860\">\n<p class=\"\" data-start=\"1845\" data-end=\"1860\"><strong data-start=\"1845\" data-end=\"1853\">Poids<\/strong>: 105g<\/p>\n<\/li>\n<li class=\"\" data-start=\"1861\" data-end=\"1909\">\n<p class=\"\" data-start=\"1863\" data-end=\"1909\"><strong data-start=\"1863\" data-end=\"1881\">Compatibilit\u00e9<\/strong>: D\u00e9couverte et CoreProtocol<\/p>\n<\/li>\n<li class=\"\" data-start=\"1910\" data-end=\"1930\">\n<p class=\"\" data-start=\"1912\" data-end=\"1930\"><strong data-start=\"1912\" data-end=\"1924\">Classe IP<\/strong>:IP40<\/p>\n<\/li>\n<li class=\"\" data-start=\"1931\" data-end=\"1959\">\n<p class=\"\" data-start=\"1933\" data-end=\"1959\"><strong data-start=\"1933\" data-end=\"1945\">Mat\u00e9riel<\/strong>: ABS, POM, PC<\/p>\n<\/li>\n<\/ul>","protected":false},"excerpt":{"rendered":"<p>Le d\u00e9tecteur \u00e0 trois capteurs Apollo SA5100-810APO Soteria utilise une technologie de d\u00e9tection optique double ainsi qu&#039;un capteur de chaleur et un capteur de CO pour une d\u00e9tection pr\u00e9cise de la fum\u00e9e et pour minimiser le risque de fausses alarmes.<\/p>\n<p>L&#039;appareil est compatible avec Discovery et CoreProtocol et propose cinq mod\u00e8les de sensibilit\u00e9.<\/p>","protected":false},"featured_media":149867,"template":"","meta":{"_acf_changed":false},"product_brand":[],"product_cat":[4750],"product_tag":[],"class_list":{"0":"post-149868","1":"product","2":"type-product","3":"status-publish","4":"has-post-thumbnail","6":"product_cat-soteria-serien","7":"pa_brands-apollo-fire-detectors","8":"tm-no-options","10":"first","11":"onbackorder","12":"taxable","13":"shipping-taxable","14":"purchasable","15":"product-type-simple"},"acf":[],"_links":{"self":[{"href":"https:\/\/secureus.se\/fr\/wp-json\/wp\/v2\/product\/149868","targetHints":{"allow":["GET"]}}],"collection":[{"href":"https:\/\/secureus.se\/fr\/wp-json\/wp\/v2\/product"}],"about":[{"href":"https:\/\/secureus.se\/fr\/wp-json\/wp\/v2\/types\/product"}],"wp:featuredmedia":[{"embeddable":true,"href":"https:\/\/secureus.se\/fr\/wp-json\/wp\/v2\/media\/149867"}],"wp:attachment":[{"href":"https:\/\/secureus.se\/fr\/wp-json\/wp\/v2\/media?parent=149868"}],"wp:term":[{"taxonomy":"product_brand","embeddable":true,"href":"https:\/\/secureus.se\/fr\/wp-json\/wp\/v2\/product_brand?post=149868"},{"taxonomy":"product_cat","embeddable":true,"href":"https:\/\/secureus.se\/fr\/wp-json\/wp\/v2\/product_cat?post=149868"},{"taxonomy":"product_tag","embeddable":true,"href":"https:\/\/secureus.se\/fr\/wp-json\/wp\/v2\/product_tag?post=149868"}],"curies":[{"name":"wp","href":"https:\/\/api.w.org\/{rel}","templated":true}]}}