{"id":149870,"date":"2025-04-03T14:21:07","date_gmt":"2025-04-03T12:21:07","guid":{"rendered":"https:\/\/secureus.se\/apollo-pp2516-soteria-series-purelight-optisk-och-varmekanslig-multisensordetektor-vit\/"},"modified":"2026-05-06T14:04:53","modified_gmt":"2026-05-06T12:04:53","slug":"apollo-pp2516-soteria-series-purelight-optisk-och-varmekanslig-multisensordetektor-vit","status":"publish","type":"product","link":"https:\/\/secureus.se\/fr\/apollo-pp2516-soteria-series-purelight-optisk-och-varmekanslig-multisensordetektor-vit\/","title":{"rendered":"D\u00e9tecteur multicapteur optique et thermosensible Apollo PP2516 Soteria Series PureLight, blanc"},"content":{"rendered":"<h1>D\u00e9tecteur multicapteur optique et thermosensible Apollo PP2516 Soteria Series PureLight, blanc<\/h1>\n<p class=\"\" data-start=\"476\" data-end=\"883\">Le d\u00e9tecteur multi-capteurs optiques et thermiques Apollo PP2516 Soteria Series PureLight utilise la technologie innovante PureLight pour d\u00e9tecter les particules de fum\u00e9e avec une sensibilit\u00e9 \u00e9lev\u00e9e et minimiser le risque de fausses alarmes.<\/p>\n<p class=\"\" data-start=\"476\" data-end=\"883\">Il est \u00e9quip\u00e9 de deux capteurs de chaleur pour mesurer les changements de temp\u00e9rature et offrir une d\u00e9tection flexible qui peut \u00eatre r\u00e9gl\u00e9e pour la fum\u00e9e, la chaleur ou une combinaison des deux.<\/p>\n<p class=\"\" data-start=\"885\" data-end=\"1290\">Ce d\u00e9tecteur multi-capteurs est id\u00e9al pour une installation dans une vari\u00e9t\u00e9 d&#039;environnements tels que les chambres, les h\u00f4tels, les h\u00f4pitaux et les bureaux.<\/p>\n<p class=\"\" data-start=\"885\" data-end=\"1290\">Il offre des avantages tels que des tests plus rapides avec FasTest\u00ae, un fonctionnement avec une communication num\u00e9rique CoreProtocol et est compatible avec les syst\u00e8mes XP95 et Discovery.<\/p>\n<p class=\"\" data-start=\"885\" data-end=\"1290\">Il dispose \u00e9galement d&#039;un syst\u00e8me de compensation de d\u00e9rive int\u00e9gr\u00e9 et d&#039;un indicateur d&#039;\u00e9tat LED tricolore pour afficher l&#039;\u00e9tat d&#039;incendie et de fonctionnement.<\/p>\n<p class=\"\" data-start=\"1292\" data-end=\"1312\"><strong data-start=\"1292\" data-end=\"1311\">Caract\u00e9ristiques<\/strong>:<\/p>\n<ul data-start=\"1313\" data-end=\"1808\">\n<li class=\"\" data-start=\"1313\" data-end=\"1337\">\n<p class=\"\" data-start=\"1315\" data-end=\"1337\"><strong data-start=\"1315\" data-end=\"1329\">Source d&#039;alimentation<\/strong>: 13 V CC<\/p>\n<\/li>\n<li class=\"\" data-start=\"1338\" data-end=\"1412\">\n<p class=\"\" data-start=\"1340\" data-end=\"1412\"><strong data-start=\"1340\" data-end=\"1367\">Protocole de communication<\/strong>:Compatible avec CoreProtocol, XP95 et Discovery<\/p>\n<\/li>\n<li class=\"\" data-start=\"1413\" data-end=\"1466\">\n<p class=\"\" data-start=\"1415\" data-end=\"1466\"><strong data-start=\"1415\" data-end=\"1427\">Capteurs<\/strong>: Optique (PureLight), Thermique (Thermistance)<\/p>\n<\/li>\n<li class=\"\" data-start=\"1467\" data-end=\"1511\">\n<p class=\"\" data-start=\"1469\" data-end=\"1511\"><strong data-start=\"1469\" data-end=\"1491\">Milieu d\u00e9tectable<\/strong>:Feu (fum\u00e9e, chaleur)<\/p>\n<\/li>\n<li class=\"\" data-start=\"1512\" data-end=\"1545\">\n<p class=\"\" data-start=\"1514\" data-end=\"1545\"><strong data-start=\"1514\" data-end=\"1528\">Temp\u00e9rature<\/strong>: \u201340\u00b0C \u00e0 70\u00b0C<\/p>\n<\/li>\n<li class=\"\" data-start=\"1546\" data-end=\"1603\">\n<p class=\"\" data-start=\"1548\" data-end=\"1603\"><strong data-start=\"1548\" data-end=\"1561\">Humidit\u00e9<\/strong>: 0\u201395% RH (sans condensation ni givrage)<\/p>\n<\/li>\n<li class=\"\" data-start=\"1604\" data-end=\"1631\">\n<p class=\"\" data-start=\"1606\" data-end=\"1631\"><strong data-start=\"1606\" data-end=\"1614\">Mesure<\/strong>: \u00d8100mm x 38mm<\/p>\n<\/li>\n<li class=\"\" data-start=\"1632\" data-end=\"1648\">\n<p class=\"\" data-start=\"1634\" data-end=\"1648\"><strong data-start=\"1634\" data-end=\"1642\">Poids<\/strong>: 83g<\/p>\n<\/li>\n<li class=\"\" data-start=\"1649\" data-end=\"1667\">\n<p class=\"\" data-start=\"1651\" data-end=\"1667\"><strong data-start=\"1651\" data-end=\"1659\">Peinture<\/strong>: Argent<\/p>\n<\/li>\n<li class=\"\" data-start=\"1668\" data-end=\"1688\">\n<p class=\"\" data-start=\"1670\" data-end=\"1688\"><strong data-start=\"1670\" data-end=\"1682\">Classe IP<\/strong>: IP54<\/p>\n<\/li>\n<li class=\"\" data-start=\"1689\" data-end=\"1728\">\n<p class=\"\" data-start=\"1691\" data-end=\"1728\"><strong data-start=\"1691\" data-end=\"1702\">Garantie<\/strong>: Garantie limit\u00e9e de 10 ans<\/p>\n<\/li>\n<li class=\"\" data-start=\"1729\" data-end=\"1776\">\n<p class=\"\" data-start=\"1731\" data-end=\"1776\"><strong data-start=\"1731\" data-end=\"1749\">Compatibilit\u00e9<\/strong>:Syst\u00e8mes XP95 et Discovery<\/p>\n<\/li>\n<li class=\"\" data-start=\"1777\" data-end=\"1808\">\n<p class=\"\" data-start=\"1779\" data-end=\"1808\"><strong data-start=\"1779\" data-end=\"1800\">Technologie de connexion<\/strong>: Filet\u00e9<\/p>\n<\/li>\n<\/ul>","protected":false},"excerpt":{"rendered":"<p>Le d\u00e9tecteur multicapteur Apollo PP2516 Soteria Series PureLight combine la d\u00e9tection optique de fum\u00e9e avec des capteurs de chaleur pour une d\u00e9tection pr\u00e9cise des incendies et une r\u00e9duction des fausses alarmes.<\/p>\n<p>\u00c9quip\u00e9 de FasTest\u00ae pour des tests plus rapides, ce d\u00e9tecteur utilise la communication num\u00e9rique Core Protocol et est compatible avec les syst\u00e8mes XP95 et Discovery.<\/p>","protected":false},"featured_media":149869,"template":"","meta":{"_acf_changed":false},"product_brand":[],"product_cat":[4750],"product_tag":[],"class_list":{"0":"post-149870","1":"product","2":"type-product","3":"status-publish","4":"has-post-thumbnail","6":"product_cat-soteria-serien","7":"pa_brands-apollo-fire-detectors","8":"tm-no-options","10":"first","11":"instock","12":"sale","13":"taxable","14":"shipping-taxable","15":"purchasable","16":"product-type-simple"},"acf":[],"_links":{"self":[{"href":"https:\/\/secureus.se\/fr\/wp-json\/wp\/v2\/product\/149870","targetHints":{"allow":["GET"]}}],"collection":[{"href":"https:\/\/secureus.se\/fr\/wp-json\/wp\/v2\/product"}],"about":[{"href":"https:\/\/secureus.se\/fr\/wp-json\/wp\/v2\/types\/product"}],"wp:featuredmedia":[{"embeddable":true,"href":"https:\/\/secureus.se\/fr\/wp-json\/wp\/v2\/media\/149869"}],"wp:attachment":[{"href":"https:\/\/secureus.se\/fr\/wp-json\/wp\/v2\/media?parent=149870"}],"wp:term":[{"taxonomy":"product_brand","embeddable":true,"href":"https:\/\/secureus.se\/fr\/wp-json\/wp\/v2\/product_brand?post=149870"},{"taxonomy":"product_cat","embeddable":true,"href":"https:\/\/secureus.se\/fr\/wp-json\/wp\/v2\/product_cat?post=149870"},{"taxonomy":"product_tag","embeddable":true,"href":"https:\/\/secureus.se\/fr\/wp-json\/wp\/v2\/product_tag?post=149870"}],"curies":[{"name":"wp","href":"https:\/\/api.w.org\/{rel}","templated":true}]}}