{"id":149872,"date":"2025-04-03T14:21:06","date_gmt":"2025-04-03T12:21:06","guid":{"rendered":"https:\/\/secureus.se\/apollo-pp2517-soteria-series-varmedetektor-vit\/"},"modified":"2026-05-06T14:05:09","modified_gmt":"2026-05-06T12:05:09","slug":"apollo-pp2517-soteria-series-varmedetektor-vit","status":"publish","type":"product","link":"https:\/\/secureus.se\/fr\/apollo-pp2517-soteria-series-varmedetektor-vit\/","title":{"rendered":"D\u00e9tecteur de chaleur Apollo PP2517 s\u00e9rie Soteria, blanc"},"content":{"rendered":"<h1>D\u00e9tecteur de chaleur Apollo PP2517 s\u00e9rie Soteria, blanc<\/h1>\n<p class=\"\" data-start=\"374\" data-end=\"874\">Le d\u00e9tecteur de chaleur Apollo PP2517 de la s\u00e9rie Soteria offre une d\u00e9tection d&#039;incendie haute performance avec ses deux capteurs de chaleur positionn\u00e9s lat\u00e9ralement qui assurent une d\u00e9tection de chaleur pr\u00e9cise dans toutes les directions.<\/p>\n<p class=\"\" data-start=\"374\" data-end=\"874\">La communication num\u00e9rique CoreProtocol permet des fonctionnalit\u00e9s avanc\u00e9es de d\u00e9tection d&#039;incendie et garantit la compatibilit\u00e9 avec les syst\u00e8mes XP95 et Discovery.<\/p>\n<p class=\"\" data-start=\"374\" data-end=\"874\">Le d\u00e9tecteur de chaleur dispose \u00e9galement d&#039;un indicateur d&#039;\u00e9tat LED tricolore pour afficher l&#039;\u00e9tat d&#039;incendie, le d\u00e9faut et l&#039;\u00e9tat d&#039;isolation.<\/p>\n<p class=\"\" data-start=\"876\" data-end=\"1279\">L&#039;appareil est m\u00e9caniquement compatible avec les bases existantes et est disponible avec ou sans isolateur commutable int\u00e9gr\u00e9.<\/p>\n<p class=\"\" data-start=\"876\" data-end=\"1279\">Pour faciliter des tests de d\u00e9tecteur plus rapides, il dispose \u00e9galement de la fonctionnalit\u00e9 FasTest\u00ae, rendant la maintenance et l&#039;installation plus faciles et plus rapides.<\/p>\n<p class=\"\" data-start=\"876\" data-end=\"1279\">Il est largement test\u00e9 pour d\u00e9passer la norme EN 54-5 et offre une d\u00e9tection d&#039;incendie fiable dans une gamme d&#039;environnements.<\/p>\n<p class=\"\" data-start=\"1281\" data-end=\"1301\"><strong data-start=\"1281\" data-end=\"1300\">Caract\u00e9ristiques<\/strong>:<\/p>\n<ul data-start=\"1302\" data-end=\"1735\">\n<li class=\"\" data-start=\"1302\" data-end=\"1329\">\n<p class=\"\" data-start=\"1304\" data-end=\"1329\"><strong data-start=\"1304\" data-end=\"1318\">Source d&#039;alimentation<\/strong>: 17\u201335 V CC<\/p>\n<\/li>\n<li class=\"\" data-start=\"1330\" data-end=\"1404\">\n<p class=\"\" data-start=\"1332\" data-end=\"1404\"><strong data-start=\"1332\" data-end=\"1359\">Protocole de communication<\/strong>:Compatible avec CoreProtocol, XP95 et Discovery<\/p>\n<\/li>\n<li class=\"\" data-start=\"1405\" data-end=\"1438\">\n<p class=\"\" data-start=\"1407\" data-end=\"1438\"><strong data-start=\"1407\" data-end=\"1419\">Capteurs<\/strong>: Chauffage (Thermistance)<\/p>\n<\/li>\n<li class=\"\" data-start=\"1439\" data-end=\"1466\">\n<p class=\"\" data-start=\"1441\" data-end=\"1466\"><strong data-start=\"1441\" data-end=\"1449\">Mesure<\/strong>: \u00d8100mm x 38mm<\/p>\n<\/li>\n<li class=\"\" data-start=\"1467\" data-end=\"1483\">\n<p class=\"\" data-start=\"1469\" data-end=\"1483\"><strong data-start=\"1469\" data-end=\"1477\">Poids<\/strong>: 83g<\/p>\n<\/li>\n<li class=\"\" data-start=\"1484\" data-end=\"1502\">\n<p class=\"\" data-start=\"1486\" data-end=\"1502\"><strong data-start=\"1486\" data-end=\"1494\">Peinture<\/strong>: Argent<\/p>\n<\/li>\n<li class=\"\" data-start=\"1503\" data-end=\"1523\">\n<p class=\"\" data-start=\"1505\" data-end=\"1523\"><strong data-start=\"1505\" data-end=\"1517\">Classe IP<\/strong>: IP54<\/p>\n<\/li>\n<li class=\"\" data-start=\"1524\" data-end=\"1557\">\n<p class=\"\" data-start=\"1526\" data-end=\"1557\"><strong data-start=\"1526\" data-end=\"1540\">Temp\u00e9rature<\/strong>: \u201340\u00b0C \u00e0 70\u00b0C<\/p>\n<\/li>\n<li class=\"\" data-start=\"1558\" data-end=\"1615\">\n<p class=\"\" data-start=\"1560\" data-end=\"1615\"><strong data-start=\"1560\" data-end=\"1573\">Humidit\u00e9<\/strong>: 0\u201395% RH (sans condensation ni givrage)<\/p>\n<\/li>\n<li class=\"\" data-start=\"1616\" data-end=\"1655\">\n<p class=\"\" data-start=\"1618\" data-end=\"1655\"><strong data-start=\"1618\" data-end=\"1629\">Garantie<\/strong>: Garantie limit\u00e9e de 10 ans<\/p>\n<\/li>\n<li class=\"\" data-start=\"1656\" data-end=\"1703\">\n<p class=\"\" data-start=\"1658\" data-end=\"1703\"><strong data-start=\"1658\" data-end=\"1676\">Compatibilit\u00e9<\/strong>:Syst\u00e8mes XP95 et Discovery<\/p>\n<\/li>\n<li class=\"\" data-start=\"1704\" data-end=\"1735\">\n<p class=\"\" data-start=\"1706\" data-end=\"1735\"><strong data-start=\"1706\" data-end=\"1727\">Technologie de connexion<\/strong>: Filet\u00e9<\/p>\n<\/li>\n<\/ul>","protected":false},"excerpt":{"rendered":"<p>Le d\u00e9tecteur de chaleur Apollo PP2517 de la s\u00e9rie Soteria utilise deux capteurs de chaleur positionn\u00e9s lat\u00e9ralement pour assurer une d\u00e9tection pr\u00e9cise de la chaleur dans toutes les directions.<\/p>\n<p>Il est \u00e9quip\u00e9 de la communication num\u00e9rique CoreProtocol et est compatible avec les syst\u00e8mes XP95 et Discovery.<\/p>","protected":false},"featured_media":149871,"template":"","meta":{"_acf_changed":false},"product_brand":[],"product_cat":[4750,4157],"product_tag":[],"class_list":{"0":"post-149872","1":"product","2":"type-product","3":"status-publish","4":"has-post-thumbnail","6":"product_cat-soteria-serien","7":"product_cat-varmedetektor","8":"pa_brands-apollo-fire-detectors","9":"tm-no-options","11":"first","12":"instock","13":"sale","14":"taxable","15":"shipping-taxable","16":"purchasable","17":"product-type-simple"},"acf":[],"_links":{"self":[{"href":"https:\/\/secureus.se\/fr\/wp-json\/wp\/v2\/product\/149872","targetHints":{"allow":["GET"]}}],"collection":[{"href":"https:\/\/secureus.se\/fr\/wp-json\/wp\/v2\/product"}],"about":[{"href":"https:\/\/secureus.se\/fr\/wp-json\/wp\/v2\/types\/product"}],"wp:featuredmedia":[{"embeddable":true,"href":"https:\/\/secureus.se\/fr\/wp-json\/wp\/v2\/media\/149871"}],"wp:attachment":[{"href":"https:\/\/secureus.se\/fr\/wp-json\/wp\/v2\/media?parent=149872"}],"wp:term":[{"taxonomy":"product_brand","embeddable":true,"href":"https:\/\/secureus.se\/fr\/wp-json\/wp\/v2\/product_brand?post=149872"},{"taxonomy":"product_cat","embeddable":true,"href":"https:\/\/secureus.se\/fr\/wp-json\/wp\/v2\/product_cat?post=149872"},{"taxonomy":"product_tag","embeddable":true,"href":"https:\/\/secureus.se\/fr\/wp-json\/wp\/v2\/product_tag?post=149872"}],"curies":[{"name":"wp","href":"https:\/\/api.w.org\/{rel}","templated":true}]}}