{"id":149876,"date":"2025-04-03T14:19:27","date_gmt":"2025-04-03T12:19:27","guid":{"rendered":"https:\/\/secureus.se\/apollo-55000-137apo-65-series-cs-varmedetektor-vit\/"},"modified":"2026-04-09T11:23:45","modified_gmt":"2026-04-09T09:23:45","slug":"apollo-55000-137apo-65-series-cs-varmedetektor-vit","status":"publish","type":"product","link":"https:\/\/secureus.se\/fr\/apollo-55000-137apo-65-series-cs-varmedetektor-vit\/","title":{"rendered":"Apollo 55000-137APO S\u00e9rie 65, d\u00e9tecteur de chaleur CS, blanc"},"content":{"rendered":"<h1>Apollo 55000-137APO S\u00e9rie 65, d\u00e9tecteur de chaleur CS, blanc<\/h1>\n<p class=\"\" data-start=\"453\" data-end=\"821\">Le d\u00e9tecteur de chaleur Apollo 55000-137APO s\u00e9rie 65 CS utilise un r\u00e9seau de thermistances NTC pour surveiller la temp\u00e9rature et fournit une sortie de tension proportionnelle \u00e0 la temp\u00e9rature de l&#039;air ext\u00e9rieur.<\/p>\n<p class=\"\" data-start=\"453\" data-end=\"821\">Il est parfait pour les applications o\u00f9 les d\u00e9tecteurs de fum\u00e9e ne peuvent pas \u00eatre utilis\u00e9s, comme dans les environnements sales ou enfum\u00e9s o\u00f9 ces d\u00e9tecteurs peuvent donner de fausses alarmes.<\/p>\n<p class=\"\" data-start=\"823\" data-end=\"1197\">Il dispose d&#039;une large tension de fonctionnement de 9 \u00e0 33 V CC et peut \u00eatre utilis\u00e9 dans divers environnements, y compris ceux \u00e0 forte humidit\u00e9 (0%\u201395% RH) et o\u00f9 une surveillance fiable de la temp\u00e9rature est requise.<\/p>\n<p class=\"\" data-start=\"823\" data-end=\"1197\">La version CS dispose d&#039;une seule thermistance NTC pour une mesure de temp\u00e9rature plus rapide et plus efficace. Le d\u00e9tecteur de chaleur est \u00e9galement class\u00e9 IP54, ce qui le rend adapt\u00e9 \u00e0 une utilisation int\u00e9rieure et ext\u00e9rieure dans des environnements plus difficiles.<\/p>\n<p class=\"\" data-start=\"1199\" data-end=\"1219\"><strong data-start=\"1199\" data-end=\"1218\">Caract\u00e9ristiques<\/strong>:<\/p>\n<ul data-start=\"1220\" data-end=\"1705\">\n<li class=\"\" data-start=\"1220\" data-end=\"1246\">\n<p class=\"\" data-start=\"1222\" data-end=\"1246\"><strong data-start=\"1222\" data-end=\"1236\">Source d&#039;alimentation<\/strong>: 9\u201333 V CC<\/p>\n<\/li>\n<li class=\"\" data-start=\"1247\" data-end=\"1274\">\n<p class=\"\" data-start=\"1249\" data-end=\"1274\"><strong data-start=\"1249\" data-end=\"1257\">Mesure<\/strong>: \u00d8100mm x 42mm<\/p>\n<\/li>\n<li class=\"\" data-start=\"1275\" data-end=\"1291\">\n<p class=\"\" data-start=\"1277\" data-end=\"1291\"><strong data-start=\"1277\" data-end=\"1285\">Poids<\/strong>: 80g<\/p>\n<\/li>\n<li class=\"\" data-start=\"1292\" data-end=\"1307\">\n<p class=\"\" data-start=\"1294\" data-end=\"1307\"><strong data-start=\"1294\" data-end=\"1302\">Peinture<\/strong>: Blanc<\/p>\n<\/li>\n<li class=\"\" data-start=\"1308\" data-end=\"1394\">\n<p class=\"\" data-start=\"1310\" data-end=\"1394\"><strong data-start=\"1310\" data-end=\"1324\">Temp\u00e9rature<\/strong>: A1R : \u201320 \u00b0C \u00e0 +50 \u00b0C, BR : \u201320 \u00b0C \u00e0 +65 \u00b0C, CS\/CR : \u201320 \u00b0C \u00e0 +80 \u00b0C<\/p>\n<\/li>\n<li class=\"\" data-start=\"1395\" data-end=\"1458\">\n<p class=\"\" data-start=\"1397\" data-end=\"1458\"><strong data-start=\"1397\" data-end=\"1410\">Humidit\u00e9<\/strong>: 0% \u00e0 95% RH (sans condensation ni givrage)<\/p>\n<\/li>\n<li class=\"\" data-start=\"1459\" data-end=\"1479\">\n<p class=\"\" data-start=\"1461\" data-end=\"1479\"><strong data-start=\"1461\" data-end=\"1473\">Classe IP<\/strong>: IP54<\/p>\n<\/li>\n<li class=\"\" data-start=\"1480\" data-end=\"1519\">\n<p class=\"\" data-start=\"1482\" data-end=\"1519\"><strong data-start=\"1482\" data-end=\"1493\">Garantie<\/strong>: Garantie limit\u00e9e de 10 ans<\/p>\n<\/li>\n<li class=\"\" data-start=\"1520\" data-end=\"1571\">\n<p class=\"\" data-start=\"1522\" data-end=\"1571\"><strong data-start=\"1522\" data-end=\"1540\">Compatibilit\u00e9<\/strong>: Bases S\u00e9rie 60 et S\u00e9rie 65<\/p>\n<\/li>\n<li class=\"\" data-start=\"1572\" data-end=\"1603\">\n<p class=\"\" data-start=\"1574\" data-end=\"1603\"><strong data-start=\"1574\" data-end=\"1595\">Technologie de connexion<\/strong>: Filet\u00e9<\/p>\n<\/li>\n<li class=\"\" data-start=\"1604\" data-end=\"1705\">\n<p class=\"\" data-start=\"1606\" data-end=\"1705\"><strong data-start=\"1606\" data-end=\"1618\">Avantages<\/strong>: Id\u00e9al pour les environnements o\u00f9 les d\u00e9tecteurs de fum\u00e9e ne sont pas adapt\u00e9s, les zones sales ou enfum\u00e9es<\/p>\n<\/li>\n<\/ul>\n<p>&nbsp;<\/p>","protected":false},"excerpt":{"rendered":"<p>Le d\u00e9tecteur de chaleur Apollo 55000-137APO 65 Series CS est un d\u00e9tecteur fiable pour la surveillance de la temp\u00e9rature \u00e0 l&#039;aide d&#039;un r\u00e9seau de thermistances NTC.<\/p>\n<p>Il est id\u00e9al pour une utilisation dans des environnements o\u00f9 les d\u00e9tecteurs de fum\u00e9e ne sont pas adapt\u00e9s, comme les zones sales ou enfum\u00e9es.<\/p>\n<p>Il dispose d&#039;une large tension de fonctionnement et r\u00e9pond aux normes de s\u00e9curit\u00e9 internationales.<\/p>","protected":false},"featured_media":149875,"template":"","meta":{"_acf_changed":false},"product_brand":[],"product_cat":[4747,4157],"product_tag":[],"class_list":{"0":"post-149876","1":"product","2":"type-product","3":"status-publish","4":"has-post-thumbnail","6":"product_cat-65-serien","7":"product_cat-varmedetektor","8":"pa_brands-apollo-fire-detectors","9":"tm-no-options","11":"first","12":"instock","13":"sale","14":"taxable","15":"shipping-taxable","16":"purchasable","17":"product-type-simple"},"acf":[],"_links":{"self":[{"href":"https:\/\/secureus.se\/fr\/wp-json\/wp\/v2\/product\/149876","targetHints":{"allow":["GET"]}}],"collection":[{"href":"https:\/\/secureus.se\/fr\/wp-json\/wp\/v2\/product"}],"about":[{"href":"https:\/\/secureus.se\/fr\/wp-json\/wp\/v2\/types\/product"}],"wp:featuredmedia":[{"embeddable":true,"href":"https:\/\/secureus.se\/fr\/wp-json\/wp\/v2\/media\/149875"}],"wp:attachment":[{"href":"https:\/\/secureus.se\/fr\/wp-json\/wp\/v2\/media?parent=149876"}],"wp:term":[{"taxonomy":"product_brand","embeddable":true,"href":"https:\/\/secureus.se\/fr\/wp-json\/wp\/v2\/product_brand?post=149876"},{"taxonomy":"product_cat","embeddable":true,"href":"https:\/\/secureus.se\/fr\/wp-json\/wp\/v2\/product_cat?post=149876"},{"taxonomy":"product_tag","embeddable":true,"href":"https:\/\/secureus.se\/fr\/wp-json\/wp\/v2\/product_tag?post=149876"}],"curies":[{"name":"wp","href":"https:\/\/api.w.org\/{rel}","templated":true}]}}