{"id":149878,"date":"2025-04-03T14:19:26","date_gmt":"2025-04-03T12:19:26","guid":{"rendered":"https:\/\/secureus.se\/apollo-55000-136apo-65-series-cs-varmedetektor-med-blinkande-led-vit\/"},"modified":"2026-03-30T14:29:21","modified_gmt":"2026-03-30T12:29:21","slug":"apollo-55000-136apo-65-series-cs-varmedetektor-med-blinkande-led-vit","status":"publish","type":"product","link":"https:\/\/secureus.se\/fr\/apollo-55000-136apo-65-series-cs-varmedetektor-med-blinkande-led-vit\/","title":{"rendered":"Apollo 55000-136APO S\u00e9rie 65, d\u00e9tecteur de chaleur CS avec LED clignotante, blanc"},"content":{"rendered":"<h1>Apollo 55000-136APO S\u00e9rie 65, d\u00e9tecteur de chaleur CS avec LED clignotante, blanc<\/h1>\n<p class=\"\" data-start=\"416\" data-end=\"813\">Le d\u00e9tecteur de chaleur Apollo 55000-136APO s\u00e9rie 65 CS avec LED clignotante utilise un r\u00e9seau de thermistances avanc\u00e9 pour surveiller la temp\u00e9rature de l&#039;air et fournir une alarme en cas d&#039;augmentation soudaine de la temp\u00e9rature.<\/p>\n<p class=\"\" data-start=\"416\" data-end=\"813\">Le d\u00e9tecteur est con\u00e7u pour \u00eatre utilis\u00e9 dans des environnements o\u00f9 les d\u00e9tecteurs de fum\u00e9e traditionnels ne peuvent pas \u00eatre utilis\u00e9s, par exemple dans des zones enfum\u00e9es ou sales dans des conditions naturelles.<\/p>\n<p class=\"\" data-start=\"815\" data-end=\"1214\">Il est \u00e9quip\u00e9 d&#039;une LED int\u00e9gr\u00e9e qui clignote lorsque le d\u00e9tecteur est en mode veille et s&#039;allume en cas d&#039;alarme. La large tension de fonctionnement (9-33 V CC) le rend compatible avec une large gamme de syst\u00e8mes.<\/p>\n<p class=\"\" data-start=\"815\" data-end=\"1214\">Le mat\u00e9riau du bo\u00eetier est en polycarbonate blanc, qui offre \u00e0 la fois r\u00e9sistance et stabilit\u00e9 des couleurs. Le d\u00e9tecteur est \u00e9galement class\u00e9 IP54 et fonctionne efficacement dans diverses conditions de temp\u00e9rature et d&#039;humidit\u00e9 (0% \u00e0 95% RH).<\/p>\n<p class=\"\" data-start=\"1216\" data-end=\"1395\">Avec ses performances \u00e9prouv\u00e9es et sa longue durabilit\u00e9 (garantie de 10 ans), ce d\u00e9tecteur est un excellent choix pour surveiller la temp\u00e9rature dans les applications o\u00f9 les d\u00e9tecteurs de fum\u00e9e ne conviennent pas.<\/p>\n<p class=\"\" data-start=\"1397\" data-end=\"1417\"><strong data-start=\"1397\" data-end=\"1416\">Caract\u00e9ristiques<\/strong>:<\/p>\n<ul data-start=\"1418\" data-end=\"1778\">\n<li class=\"\" data-start=\"1418\" data-end=\"1444\">\n<p class=\"\" data-start=\"1420\" data-end=\"1444\"><strong data-start=\"1420\" data-end=\"1434\">Source d&#039;alimentation<\/strong>: 9\u201333 V CC<\/p>\n<\/li>\n<li class=\"\" data-start=\"1445\" data-end=\"1472\">\n<p class=\"\" data-start=\"1447\" data-end=\"1472\"><strong data-start=\"1447\" data-end=\"1455\">Mesure<\/strong>: \u00d8100mm x 42mm<\/p>\n<\/li>\n<li class=\"\" data-start=\"1473\" data-end=\"1489\">\n<p class=\"\" data-start=\"1475\" data-end=\"1489\"><strong data-start=\"1475\" data-end=\"1483\">Poids<\/strong>: 80g<\/p>\n<\/li>\n<li class=\"\" data-start=\"1490\" data-end=\"1505\">\n<p class=\"\" data-start=\"1492\" data-end=\"1505\"><strong data-start=\"1492\" data-end=\"1500\">Peinture<\/strong>: Blanc<\/p>\n<\/li>\n<li class=\"\" data-start=\"1506\" data-end=\"1540\">\n<p class=\"\" data-start=\"1508\" data-end=\"1540\"><strong data-start=\"1508\" data-end=\"1522\">Temp\u00e9rature<\/strong>: \u201320\u00b0C \u00e0 +60\u00b0C<\/p>\n<\/li>\n<li class=\"\" data-start=\"1541\" data-end=\"1604\">\n<p class=\"\" data-start=\"1543\" data-end=\"1604\"><strong data-start=\"1543\" data-end=\"1556\">Humidit\u00e9<\/strong>: 0% \u00e0 95% RH (sans condensation ni givrage)<\/p>\n<\/li>\n<li class=\"\" data-start=\"1605\" data-end=\"1625\">\n<p class=\"\" data-start=\"1607\" data-end=\"1625\"><strong data-start=\"1607\" data-end=\"1619\">Classe IP<\/strong>: IP54<\/p>\n<\/li>\n<li class=\"\" data-start=\"1626\" data-end=\"1665\">\n<p class=\"\" data-start=\"1628\" data-end=\"1665\"><strong data-start=\"1628\" data-end=\"1639\">Garantie<\/strong>: Garantie limit\u00e9e de 10 ans<\/p>\n<\/li>\n<li class=\"\" data-start=\"1666\" data-end=\"1694\">\n<p class=\"\" data-start=\"1668\" data-end=\"1694\"><strong data-start=\"1668\" data-end=\"1680\">Mat\u00e9riel<\/strong>: Polycarbonate<\/p>\n<\/li>\n<li class=\"\" data-start=\"1695\" data-end=\"1746\">\n<p class=\"\" data-start=\"1697\" data-end=\"1746\"><strong data-start=\"1697\" data-end=\"1715\">Compatibilit\u00e9<\/strong>: Bases S\u00e9rie 60 et S\u00e9rie 65<\/p>\n<\/li>\n<li class=\"\" data-start=\"1747\" data-end=\"1778\">\n<p class=\"\" data-start=\"1749\" data-end=\"1778\"><strong data-start=\"1749\" data-end=\"1770\">Technologie de connexion<\/strong>: Filet\u00e9<\/p>\n<\/li>\n<\/ul>","protected":false},"excerpt":{"rendered":"<p>Le d\u00e9tecteur de chaleur Apollo 55000-136APO s\u00e9rie 65 CS avec LED clignotante est id\u00e9al pour les environnements o\u00f9 les d\u00e9tecteurs de fum\u00e9e ne conviennent pas, comme les zones sales ou enfum\u00e9es.<\/p>\n<p>Avec une large tension de fonctionnement et des performances de d\u00e9tection \u00e9prouv\u00e9es, ce d\u00e9tecteur assure une surveillance fiable de la temp\u00e9rature.<\/p>","protected":false},"featured_media":149877,"template":"","meta":{"_acf_changed":false},"product_brand":[],"product_cat":[4747,4157],"product_tag":[],"class_list":{"0":"post-149878","1":"product","2":"type-product","3":"status-publish","4":"has-post-thumbnail","6":"product_cat-65-serien","7":"product_cat-varmedetektor","8":"pa_brands-apollo-fire-detectors","9":"tm-no-options","11":"first","12":"instock","13":"taxable","14":"shipping-taxable","15":"purchasable","16":"product-type-simple"},"acf":[],"_links":{"self":[{"href":"https:\/\/secureus.se\/fr\/wp-json\/wp\/v2\/product\/149878","targetHints":{"allow":["GET"]}}],"collection":[{"href":"https:\/\/secureus.se\/fr\/wp-json\/wp\/v2\/product"}],"about":[{"href":"https:\/\/secureus.se\/fr\/wp-json\/wp\/v2\/types\/product"}],"wp:featuredmedia":[{"embeddable":true,"href":"https:\/\/secureus.se\/fr\/wp-json\/wp\/v2\/media\/149877"}],"wp:attachment":[{"href":"https:\/\/secureus.se\/fr\/wp-json\/wp\/v2\/media?parent=149878"}],"wp:term":[{"taxonomy":"product_brand","embeddable":true,"href":"https:\/\/secureus.se\/fr\/wp-json\/wp\/v2\/product_brand?post=149878"},{"taxonomy":"product_cat","embeddable":true,"href":"https:\/\/secureus.se\/fr\/wp-json\/wp\/v2\/product_cat?post=149878"},{"taxonomy":"product_tag","embeddable":true,"href":"https:\/\/secureus.se\/fr\/wp-json\/wp\/v2\/product_tag?post=149878"}],"curies":[{"name":"wp","href":"https:\/\/api.w.org\/{rel}","templated":true}]}}