{"id":149882,"date":"2025-04-03T14:19:23","date_gmt":"2025-04-03T12:19:23","guid":{"rendered":"https:\/\/secureus.se\/apollo-29600-458-intelligent-basmonterad-flamdetektor-med-monteringsbox-for-dackhuvud\/"},"modified":"2026-04-09T11:24:00","modified_gmt":"2026-04-09T09:24:00","slug":"apollo-29600-458-intelligent-basmonterad-flamdetektor-med-monteringsbox-for-dackhuvud","status":"publish","type":"product","link":"https:\/\/secureus.se\/fr\/apollo-29600-458-intelligent-basmonterad-flamdetektor-med-monteringsbox-for-dackhuvud\/","title":{"rendered":"D\u00e9tecteur de flamme intelligent Apollo 29600-458 avec bo\u00eetier de montage sur socle"},"content":{"rendered":"<h1>D\u00e9tecteur de flamme intelligent Apollo 29600-458 avec bo\u00eetier de montage sur socle<\/h1>\n<p class=\"\" data-start=\"378\" data-end=\"778\">L&#039;Apollo 29600-458 est un d\u00e9tecteur de flamme intelligent mont\u00e9 sur base qui comprend un support robuste et un bo\u00eetier de montage con\u00e7u pour les t\u00eates de pont.<\/p>\n<p class=\"\" data-start=\"378\" data-end=\"778\">Ce d\u00e9tecteur de flamme est con\u00e7u pour identifier rapidement et efficacement les incendies en d\u00e9tectant les signatures de flammes.<\/p>\n<p class=\"\" data-start=\"378\" data-end=\"778\">Il est souvent utilis\u00e9 dans les applications industrielles et commerciales o\u00f9 il est n\u00e9cessaire de r\u00e9agir rapidement aux conditions d\u2019incendie.<\/p>\n<p class=\"\" data-start=\"780\" data-end=\"1127\">Les appareils pris en charge incluent notamment les d\u00e9tecteurs de flammes. Il est important de noter que la base de montage interne est vendue s\u00e9par\u00e9ment.<\/p>\n<p class=\"\" data-start=\"780\" data-end=\"1127\">Il est fabriqu\u00e9 en acier inoxydable, garantissant une durabilit\u00e9 \u00e0 long terme et une r\u00e9sistance \u00e0 la corrosion dans les environnements difficiles.<\/p>\n<p class=\"\" data-start=\"780\" data-end=\"1127\">Il poss\u00e8de \u00e9galement le marquage CE, qui garantit qu&#039;il r\u00e9pond aux normes de s\u00e9curit\u00e9 europ\u00e9ennes.<\/p>\n<p class=\"\" data-start=\"1129\" data-end=\"1149\"><strong data-start=\"1129\" data-end=\"1148\">Caract\u00e9ristiques<\/strong>:<\/p>\n<ul data-start=\"1150\" data-end=\"1357\">\n<li class=\"\" data-start=\"1150\" data-end=\"1180\">\n<p class=\"\" data-start=\"1152\" data-end=\"1180\"><strong data-start=\"1152\" data-end=\"1164\">Mat\u00e9riel<\/strong>: Acier inoxydable<\/p>\n<\/li>\n<li class=\"\" data-start=\"1181\" data-end=\"1196\">\n<p class=\"\" data-start=\"1183\" data-end=\"1196\"><strong data-start=\"1183\" data-end=\"1191\">Peinture<\/strong>: Gris<\/p>\n<\/li>\n<li class=\"\" data-start=\"1197\" data-end=\"1234\">\n<p class=\"\" data-start=\"1199\" data-end=\"1234\"><strong data-start=\"1199\" data-end=\"1220\">Appareils pris en charge<\/strong>: D\u00e9tecteur de flamme<\/p>\n<\/li>\n<li class=\"\" data-start=\"1235\" data-end=\"1266\">\n<p class=\"\" data-start=\"1237\" data-end=\"1266\"><strong data-start=\"1237\" data-end=\"1253\">Attestation<\/strong>:Marquage CE<\/p>\n<\/li>\n<li class=\"\" data-start=\"1267\" data-end=\"1301\">\n<p class=\"\" data-start=\"1269\" data-end=\"1301\"><strong data-start=\"1269\" data-end=\"1286\">Bo\u00eete de montage<\/strong>: Pour t\u00eate de pneu<\/p>\n<\/li>\n<li class=\"\" data-start=\"1302\" data-end=\"1357\">\n<p class=\"\" data-start=\"1304\" data-end=\"1357\"><strong data-start=\"1304\" data-end=\"1321\">Base de montage<\/strong>: Base de montage interne vendue s\u00e9par\u00e9ment<\/p>\n<\/li>\n<\/ul>","protected":false},"excerpt":{"rendered":"<p>Le d\u00e9tecteur de flamme intelligent \u00e0 montage sur base Apollo 29600-458 est livr\u00e9 avec un support et un bo\u00eetier de montage \u00e0 t\u00eate de pont, parfait pour une utilisation dans des environnements industriels o\u00f9 la d\u00e9tection de flamme est essentielle.<\/p>\n<p>La base de montage est vendue s\u00e9par\u00e9ment.<\/p>","protected":false},"featured_media":149881,"template":"","meta":{"_acf_changed":false},"product_brand":[],"product_cat":[4747],"product_tag":[],"class_list":{"0":"post-149882","1":"product","2":"type-product","3":"status-publish","4":"has-post-thumbnail","6":"product_cat-65-serien","7":"pa_brands-apollo-fire-detectors","8":"tm-no-options","10":"first","11":"instock","12":"taxable","13":"shipping-taxable","14":"purchasable","15":"product-type-simple"},"acf":[],"_links":{"self":[{"href":"https:\/\/secureus.se\/fr\/wp-json\/wp\/v2\/product\/149882","targetHints":{"allow":["GET"]}}],"collection":[{"href":"https:\/\/secureus.se\/fr\/wp-json\/wp\/v2\/product"}],"about":[{"href":"https:\/\/secureus.se\/fr\/wp-json\/wp\/v2\/types\/product"}],"wp:featuredmedia":[{"embeddable":true,"href":"https:\/\/secureus.se\/fr\/wp-json\/wp\/v2\/media\/149881"}],"wp:attachment":[{"href":"https:\/\/secureus.se\/fr\/wp-json\/wp\/v2\/media?parent=149882"}],"wp:term":[{"taxonomy":"product_brand","embeddable":true,"href":"https:\/\/secureus.se\/fr\/wp-json\/wp\/v2\/product_brand?post=149882"},{"taxonomy":"product_cat","embeddable":true,"href":"https:\/\/secureus.se\/fr\/wp-json\/wp\/v2\/product_cat?post=149882"},{"taxonomy":"product_tag","embeddable":true,"href":"https:\/\/secureus.se\/fr\/wp-json\/wp\/v2\/product_tag?post=149882"}],"curies":[{"name":"wp","href":"https:\/\/api.w.org\/{rel}","templated":true}]}}