{"id":149888,"date":"2025-04-03T14:15:46","date_gmt":"2025-04-03T12:15:46","guid":{"rendered":"https:\/\/secureus.se\/apollo-58100-971mar-discovery-marine-manuell-anropspunkt-isolerande\/"},"modified":"2026-04-09T11:24:47","modified_gmt":"2026-04-09T09:24:47","slug":"apollo-58100-971mar-discovery-marine-manuell-anropspunkt-isolerande","status":"publish","type":"product","link":"https:\/\/secureus.se\/fr\/apollo-58100-971mar-discovery-marine-manuell-anropspunkt-isolerande\/","title":{"rendered":"Point d&#039;appel manuel Apollo 58100-971MAR Discovery Marine, isolant"},"content":{"rendered":"<h1>Point d&#039;appel manuel Apollo 58100-971MAR Discovery Marine, isolant<\/h1>\n<p class=\"\" data-start=\"434\" data-end=\"805\">Le point d&#039;appel manuel (MCP) Apollo 58100-971MAR Discovery Marine fait partie de la s\u00e9rie Discovery et est sp\u00e9cialement con\u00e7u pour une utilisation dans les applications marines int\u00e9rieures.<\/p>\n<p class=\"\" data-start=\"434\" data-end=\"805\">Le point d&#039;appel dispose d&#039;un commutateur DIL \u00e0 sept segments pour un adressage facile lors de la mise en service et utilise un m\u00e9canisme de r\u00e9ponse rapide qui interrompt le protocole normal lors de l&#039;activation.<\/p>\n<p class=\"\" data-start=\"807\" data-end=\"1177\">Il dispose d&#039;un indicateur LED bicolore qui indique l&#039;isolement et les \u00e9tats normaux, ainsi que d&#039;une LED rouge qui s&#039;allume lorsque le point d&#039;appel est activ\u00e9.<\/p>\n<p class=\"\" data-start=\"807\" data-end=\"1177\">Pour faciliter l&#039;installation, le point d&#039;appel est fourni avec des borniers \u00e0 pince et un connecteur permettant de tester la continuit\u00e9 avant l&#039;installation.<\/p>\n<p class=\"\" data-start=\"807\" data-end=\"1177\">La version isol\u00e9e du point d&#039;appel indique \u00e9galement un court-circuit dans le c\u00e2blage.<\/p>\n<p class=\"\" data-start=\"1179\" data-end=\"1473\">Il fonctionne avec un \u00e9l\u00e9ment r\u00e9armable et est livr\u00e9 avec un bo\u00eetier arri\u00e8re pour montage en surface.<\/p>\n<p class=\"\" data-start=\"1179\" data-end=\"1473\">Pour une protection suppl\u00e9mentaire, un couvercle \u00e0 charni\u00e8re transparent avec \u00e9tiquette de verrouillage peut \u00eatre install\u00e9 pour \u00e9viter tout fonctionnement accidentel, bien que cela puisse affecter la conformit\u00e9 \u00e0 certaines normes lorsqu&#039;il est verrouill\u00e9.<\/p>\n<p class=\"\" data-start=\"1475\" data-end=\"1495\"><strong data-start=\"1475\" data-end=\"1494\">Caract\u00e9ristiques<\/strong>:<\/p>\n<ul data-start=\"1496\" data-end=\"1970\">\n<li class=\"\" data-start=\"1496\" data-end=\"1534\">\n<p class=\"\" data-start=\"1498\" data-end=\"1534\"><strong data-start=\"1498\" data-end=\"1512\">Source d&#039;alimentation<\/strong>: 24 V CC, 5 V CC, 9 V CC<\/p>\n<\/li>\n<li class=\"\" data-start=\"1535\" data-end=\"1620\">\n<p class=\"\" data-start=\"1537\" data-end=\"1620\"><strong data-start=\"1537\" data-end=\"1551\">Fonctions<\/strong>: \u00c9l\u00e9ment r\u00e9armable, indicateur LED, Plug &amp; Play, lien de continuit\u00e9<\/p>\n<\/li>\n<li class=\"\" data-start=\"1621\" data-end=\"1656\">\n<p class=\"\" data-start=\"1623\" data-end=\"1656\"><strong data-start=\"1623\" data-end=\"1650\">Temp\u00e9rature maximale de fonctionnement<\/strong>: 60\u00b0C<\/p>\n<\/li>\n<li class=\"\" data-start=\"1657\" data-end=\"1693\">\n<p class=\"\" data-start=\"1659\" data-end=\"1693\"><strong data-start=\"1659\" data-end=\"1686\">Temp\u00e9rature minimale de fonctionnement<\/strong>: \u201320\u00b0C<\/p>\n<\/li>\n<li class=\"\" data-start=\"1694\" data-end=\"1729\">\n<p class=\"\" data-start=\"1696\" data-end=\"1729\"><strong data-start=\"1696\" data-end=\"1704\">Mesure<\/strong>: Largeur 89 mm, Profondeur 60 mm<\/p>\n<\/li>\n<li class=\"\" data-start=\"1730\" data-end=\"1745\">\n<p class=\"\" data-start=\"1732\" data-end=\"1745\"><strong data-start=\"1732\" data-end=\"1740\">Peinture<\/strong>: Rouge<\/p>\n<\/li>\n<li class=\"\" data-start=\"1746\" data-end=\"1779\">\n<p class=\"\" data-start=\"1748\" data-end=\"1779\"><strong data-start=\"1748\" data-end=\"1760\">Mat\u00e9riel<\/strong>: ABS, Polycarbonate<\/p>\n<\/li>\n<li class=\"\" data-start=\"1780\" data-end=\"1827\">\n<p class=\"\" data-start=\"1782\" data-end=\"1827\"><strong data-start=\"1782\" data-end=\"1799\">Type de montage<\/strong>: Montage encastr\u00e9, montage en surface<\/p>\n<\/li>\n<li class=\"\" data-start=\"1828\" data-end=\"1867\">\n<p class=\"\" data-start=\"1830\" data-end=\"1867\"><strong data-start=\"1830\" data-end=\"1841\">Garantie<\/strong>: Garantie limit\u00e9e de 10 ans<\/p>\n<\/li>\n<li class=\"\" data-start=\"1868\" data-end=\"1905\">\n<p class=\"\" data-start=\"1870\" data-end=\"1905\"><strong data-start=\"1870\" data-end=\"1888\">Compatibilit\u00e9<\/strong>: D\u00e9couverte, XP95<\/p>\n<\/li>\n<li class=\"\" data-start=\"1906\" data-end=\"1936\">\n<p class=\"\" data-start=\"1908\" data-end=\"1936\"><strong data-start=\"1908\" data-end=\"1926\">Certifications<\/strong>: Marqu\u00e9 CE<\/p>\n<\/li>\n<li class=\"\" data-start=\"1937\" data-end=\"1970\">\n<p class=\"\" data-start=\"1939\" data-end=\"1970\"><strong data-start=\"1939\" data-end=\"1953\">Utiliser<\/strong>: Int\u00e9rieur, Marin<\/p>\n<\/li>\n<\/ul>","protected":false},"excerpt":{"rendered":"<p>Le point d&#039;appel manuel Apollo 58100-971MAR Discovery Marine est une solution rapide et fiable pour activer les alarmes incendie dans les applications marines.<\/p>\n<p>Il dispose de connexions de bornes \u00ab Plug and Play \u00bb pour une installation facile, d&#039;un lien de continuit\u00e9 pour les tests de c\u00e2bles et signale une alarme en moins de 0,2 seconde.<\/p>","protected":false},"featured_media":149887,"template":"","meta":{"_acf_changed":false},"product_brand":[],"product_cat":[4748],"product_tag":[],"class_list":{"0":"post-149888","1":"product","2":"type-product","3":"status-publish","4":"has-post-thumbnail","6":"product_cat-discovery-serien","7":"pa_brands-apollo-fire-detectors","8":"tm-no-options","10":"first","11":"instock","12":"taxable","13":"shipping-taxable","14":"purchasable","15":"product-type-simple"},"acf":[],"_links":{"self":[{"href":"https:\/\/secureus.se\/fr\/wp-json\/wp\/v2\/product\/149888","targetHints":{"allow":["GET"]}}],"collection":[{"href":"https:\/\/secureus.se\/fr\/wp-json\/wp\/v2\/product"}],"about":[{"href":"https:\/\/secureus.se\/fr\/wp-json\/wp\/v2\/types\/product"}],"wp:featuredmedia":[{"embeddable":true,"href":"https:\/\/secureus.se\/fr\/wp-json\/wp\/v2\/media\/149887"}],"wp:attachment":[{"href":"https:\/\/secureus.se\/fr\/wp-json\/wp\/v2\/media?parent=149888"}],"wp:term":[{"taxonomy":"product_brand","embeddable":true,"href":"https:\/\/secureus.se\/fr\/wp-json\/wp\/v2\/product_brand?post=149888"},{"taxonomy":"product_cat","embeddable":true,"href":"https:\/\/secureus.se\/fr\/wp-json\/wp\/v2\/product_cat?post=149888"},{"taxonomy":"product_tag","embeddable":true,"href":"https:\/\/secureus.se\/fr\/wp-json\/wp\/v2\/product_tag?post=149888"}],"curies":[{"name":"wp","href":"https:\/\/api.w.org\/{rel}","templated":true}]}}