{"id":149890,"date":"2025-04-03T14:19:21","date_gmt":"2025-04-03T12:19:21","guid":{"rendered":"https:\/\/secureus.se\/apollo-55000-122apo-65-serien-a1r-varmedetektor-vit\/"},"modified":"2026-04-16T15:14:36","modified_gmt":"2026-04-16T13:14:36","slug":"apollo-55000-122apo-65-serien-a1r-varmedetektor-vit","status":"publish","type":"product","link":"https:\/\/secureus.se\/fr\/apollo-55000-122apo-65-serien-a1r-varmedetektor-vit\/","title":{"rendered":"D\u00e9tecteur de chaleur Apollo 55000-122APO s\u00e9rie 65, A1R, blanc"},"content":{"rendered":"<h1>D\u00e9tecteur de chaleur Apollo 55000-122APO s\u00e9rie 65, A1R, blanc<\/h1>\n<p class=\"\" data-start=\"389\" data-end=\"794\">Le d\u00e9tecteur de chaleur Apollo 55000-122APO 65 Series A1R est con\u00e7u pour surveiller et r\u00e9agir aux augmentations de temp\u00e9rature dans les environnements o\u00f9 la d\u00e9tection de fum\u00e9e n&#039;est pas efficace, comme dans les zones sales ou enfum\u00e9es.<\/p>\n<p class=\"\" data-start=\"389\" data-end=\"794\">Il utilise un r\u00e9seau de thermistances doubles pour fournir une sortie de tension proportionnelle \u00e0 la temp\u00e9rature de l&#039;air ext\u00e9rieur.<\/p>\n<p class=\"\" data-start=\"389\" data-end=\"794\">Si la temp\u00e9rature augmente rapidement, une alarme se d\u00e9clenche.<\/p>\n<p class=\"\" data-start=\"796\" data-end=\"1136\">Ce d\u00e9tecteur est id\u00e9al pour une utilisation dans les environnements commerciaux et industriels et offre une solution fiable pour d\u00e9tecter les changements de temp\u00e9rature.<\/p>\n<p class=\"\" data-start=\"796\" data-end=\"1136\">Des versions avec LED clignotante sont \u00e9galement disponibles pour une indication visuelle de l&#039;\u00e9tat du d\u00e9tecteur.<\/p>\n<p class=\"\" data-start=\"796\" data-end=\"1136\">Il dispose d&#039;une large tension de fonctionnement et est \u00e9galement compatible avec un certain nombre de bases de la s\u00e9rie 65.<\/p>\n<p class=\"\" data-start=\"1138\" data-end=\"1158\"><strong data-start=\"1138\" data-end=\"1157\">Caract\u00e9ristiques<\/strong>:<\/p>\n<ul data-start=\"1159\" data-end=\"1531\">\n<li class=\"\" data-start=\"1159\" data-end=\"1185\">\n<p class=\"\" data-start=\"1161\" data-end=\"1185\"><strong data-start=\"1161\" data-end=\"1175\">Source d&#039;alimentation<\/strong>: 9\u201333 V CC<\/p>\n<\/li>\n<li class=\"\" data-start=\"1186\" data-end=\"1213\">\n<p class=\"\" data-start=\"1188\" data-end=\"1213\"><strong data-start=\"1188\" data-end=\"1196\">Mesure<\/strong>: \u00d8100mm x 42mm<\/p>\n<\/li>\n<li class=\"\" data-start=\"1214\" data-end=\"1230\">\n<p class=\"\" data-start=\"1216\" data-end=\"1230\"><strong data-start=\"1216\" data-end=\"1224\">Poids<\/strong>: 80g<\/p>\n<\/li>\n<li class=\"\" data-start=\"1231\" data-end=\"1246\">\n<p class=\"\" data-start=\"1233\" data-end=\"1246\"><strong data-start=\"1233\" data-end=\"1241\">Peinture<\/strong>: Blanc<\/p>\n<\/li>\n<li class=\"\" data-start=\"1247\" data-end=\"1281\">\n<p class=\"\" data-start=\"1249\" data-end=\"1281\"><strong data-start=\"1249\" data-end=\"1263\">Temp\u00e9rature<\/strong>: \u201320\u00b0C \u00e0 +50\u00b0C<\/p>\n<\/li>\n<li class=\"\" data-start=\"1282\" data-end=\"1339\">\n<p class=\"\" data-start=\"1284\" data-end=\"1339\"><strong data-start=\"1284\" data-end=\"1297\">Humidit\u00e9<\/strong>: 0\u201395% RH (sans condensation ni givrage)<\/p>\n<\/li>\n<li class=\"\" data-start=\"1340\" data-end=\"1360\">\n<p class=\"\" data-start=\"1342\" data-end=\"1360\"><strong data-start=\"1342\" data-end=\"1354\">Classe IP<\/strong>: IP54<\/p>\n<\/li>\n<li class=\"\" data-start=\"1361\" data-end=\"1400\">\n<p class=\"\" data-start=\"1363\" data-end=\"1400\"><strong data-start=\"1363\" data-end=\"1374\">Garantie<\/strong>: Garantie limit\u00e9e de 10 ans<\/p>\n<\/li>\n<li class=\"\" data-start=\"1401\" data-end=\"1447\">\n<p class=\"\" data-start=\"1403\" data-end=\"1447\"><strong data-start=\"1403\" data-end=\"1415\">Mat\u00e9riel<\/strong>: Polycarbonate (ignifuge)<\/p>\n<\/li>\n<li class=\"\" data-start=\"1448\" data-end=\"1499\">\n<p class=\"\" data-start=\"1450\" data-end=\"1499\"><strong data-start=\"1450\" data-end=\"1468\">Compatibilit\u00e9<\/strong>: Bases S\u00e9rie 60 et S\u00e9rie 65<\/p>\n<\/li>\n<li class=\"\" data-start=\"1500\" data-end=\"1531\">\n<p class=\"\" data-start=\"1502\" data-end=\"1531\"><strong data-start=\"1502\" data-end=\"1523\">Technologie de connexion<\/strong>: Filet\u00e9<\/p>\n<\/li>\n<\/ul>","protected":false},"excerpt":{"rendered":"<p>Le d\u00e9tecteur de chaleur Apollo 55000-122APO 65 Series A1R est id\u00e9al pour une utilisation lorsque les d\u00e9tecteurs de fum\u00e9e ne conviennent pas, en particulier dans les environnements sales, enfum\u00e9s ou remplis de vapeur.<\/p>\n<p>Il surveille la temp\u00e9rature avec un r\u00e9seau de thermistances doubles et propose des options de version avec LED clignotante.<\/p>","protected":false},"featured_media":149889,"template":"","meta":{"_acf_changed":false},"product_brand":[],"product_cat":[4747,4157],"product_tag":[],"class_list":{"0":"post-149890","1":"product","2":"type-product","3":"status-publish","4":"has-post-thumbnail","6":"product_cat-65-serien","7":"product_cat-varmedetektor","8":"pa_brands-apollo-fire-detectors","9":"tm-no-options","11":"first","12":"onbackorder","13":"taxable","14":"shipping-taxable","15":"purchasable","16":"product-type-simple"},"acf":[],"_links":{"self":[{"href":"https:\/\/secureus.se\/fr\/wp-json\/wp\/v2\/product\/149890","targetHints":{"allow":["GET"]}}],"collection":[{"href":"https:\/\/secureus.se\/fr\/wp-json\/wp\/v2\/product"}],"about":[{"href":"https:\/\/secureus.se\/fr\/wp-json\/wp\/v2\/types\/product"}],"wp:featuredmedia":[{"embeddable":true,"href":"https:\/\/secureus.se\/fr\/wp-json\/wp\/v2\/media\/149889"}],"wp:attachment":[{"href":"https:\/\/secureus.se\/fr\/wp-json\/wp\/v2\/media?parent=149890"}],"wp:term":[{"taxonomy":"product_brand","embeddable":true,"href":"https:\/\/secureus.se\/fr\/wp-json\/wp\/v2\/product_brand?post=149890"},{"taxonomy":"product_cat","embeddable":true,"href":"https:\/\/secureus.se\/fr\/wp-json\/wp\/v2\/product_cat?post=149890"},{"taxonomy":"product_tag","embeddable":true,"href":"https:\/\/secureus.se\/fr\/wp-json\/wp\/v2\/product_tag?post=149890"}],"curies":[{"name":"wp","href":"https:\/\/api.w.org\/{rel}","templated":true}]}}