{"id":149894,"date":"2025-04-03T14:15:42","date_gmt":"2025-04-03T12:15:42","guid":{"rendered":"https:\/\/secureus.se\/apollo-58000-300apo-discovery-series-kolmonoxiddetektor-vit\/"},"modified":"2026-04-16T15:16:00","modified_gmt":"2026-04-16T13:16:00","slug":"apollo-58000-300apo-discovery-series-kolmonoxiddetektor-vit","status":"publish","type":"product","link":"https:\/\/secureus.se\/fr\/apollo-58000-300apo-discovery-series-kolmonoxiddetektor-vit\/","title":{"rendered":"D\u00e9tecteur de monoxyde de carbone Apollo 58000-300APO Discovery Series, blanc"},"content":{"rendered":"<h1>D\u00e9tecteur de monoxyde de carbone Apollo 58000-300APO Discovery Series<\/h1>\n<p class=\"\" data-start=\"426\" data-end=\"872\">Le d\u00e9tecteur de monoxyde de carbone Apollo 58000-300APO Discovery Series est un d\u00e9tecteur d&#039;incendie avanc\u00e9 qui utilise un capteur \u00e9lectrochimique pour d\u00e9tecter le monoxyde de carbone (CO), ce qui le rend particuli\u00e8rement efficace pour identifier les incendies couvants o\u00f9 les d\u00e9tecteurs de fum\u00e9e peuvent \u00eatre moins fiables.<\/p>\n<p class=\"\" data-start=\"426\" data-end=\"872\">Le d\u00e9tecteur est tr\u00e8s sensible aux augmentations rapides de CO, souvent associ\u00e9es aux incendies chauds, et fournit une r\u00e9ponse rapide dans ces conditions.<\/p>\n<p class=\"\" data-start=\"874\" data-end=\"1279\">Avec une large interop\u00e9rabilit\u00e9, y compris la prise en charge des syst\u00e8mes XP95 et Discovery, ce d\u00e9tecteur est con\u00e7u pour fournir une alerte pr\u00e9coce des niveaux dangereux de CO dans l&#039;environnement, augmentant ainsi la s\u00e9curit\u00e9 dans les environnements r\u00e9sidentiels et commerciaux.<\/p>\n<p class=\"\" data-start=\"874\" data-end=\"1279\">Le d\u00e9tecteur est \u00e9galement plus r\u00e9sistant aux fausses alarmes provenant de vapeurs ou de particules courantes dans l&#039;air, ce qui le rend plus fiable dans certaines applications que les d\u00e9tecteurs de fum\u00e9e.<\/p>\n<p class=\"\" data-start=\"1281\" data-end=\"1301\"><strong data-start=\"1281\" data-end=\"1300\">Caract\u00e9ristiques<\/strong>:<\/p>\n<ul data-start=\"1302\" data-end=\"1929\">\n<li class=\"\" data-start=\"1302\" data-end=\"1329\">\n<p class=\"\" data-start=\"1304\" data-end=\"1329\"><strong data-start=\"1304\" data-end=\"1318\">Source d&#039;alimentation<\/strong>: 17\u201328 V CC<\/p>\n<\/li>\n<li class=\"\" data-start=\"1330\" data-end=\"1357\">\n<p class=\"\" data-start=\"1332\" data-end=\"1357\"><strong data-start=\"1332\" data-end=\"1340\">Mesure<\/strong>: \u00d8100mm x 42mm<\/p>\n<\/li>\n<li class=\"\" data-start=\"1358\" data-end=\"1373\">\n<p class=\"\" data-start=\"1360\" data-end=\"1373\"><strong data-start=\"1360\" data-end=\"1368\">Peinture<\/strong>: Blanc<\/p>\n<\/li>\n<li class=\"\" data-start=\"1374\" data-end=\"1391\">\n<p class=\"\" data-start=\"1376\" data-end=\"1391\"><strong data-start=\"1376\" data-end=\"1384\">Poids<\/strong>: 105g<\/p>\n<\/li>\n<li class=\"\" data-start=\"1392\" data-end=\"1430\">\n<p class=\"\" data-start=\"1394\" data-end=\"1430\"><strong data-start=\"1394\" data-end=\"1413\">Gaz d\u00e9tectable<\/strong>: Monoxyde de carbone (CO)<\/p>\n<\/li>\n<li class=\"\" data-start=\"1431\" data-end=\"1504\">\n<p class=\"\" data-start=\"1433\" data-end=\"1504\"><strong data-start=\"1433\" data-end=\"1447\">Temp\u00e9rature<\/strong>: \u201320\u00b0C \u00e0 +50\u00b0C (\u00e9tat transitoire : \u201320\u00b0C \u00e0 +55\u00b0C)<\/p>\n<\/li>\n<li class=\"\" data-start=\"1505\" data-end=\"1537\">\n<p class=\"\" data-start=\"1507\" data-end=\"1537\"><strong data-start=\"1507\" data-end=\"1520\">Humidit\u00e9<\/strong>: 15% \u00e0 90% RH<\/p>\n<\/li>\n<li class=\"\" data-start=\"1538\" data-end=\"1558\">\n<p class=\"\" data-start=\"1540\" data-end=\"1558\"><strong data-start=\"1540\" data-end=\"1552\">Classe IP<\/strong>: IP44<\/p>\n<\/li>\n<li class=\"\" data-start=\"1559\" data-end=\"1610\">\n<p class=\"\" data-start=\"1561\" data-end=\"1610\"><strong data-start=\"1561\" data-end=\"1579\">Certifications<\/strong>: EN 54-11, EN 54-17, CPR, LPCB<\/p>\n<\/li>\n<li class=\"\" data-start=\"1611\" data-end=\"1666\">\n<p class=\"\" data-start=\"1613\" data-end=\"1666\"><strong data-start=\"1613\" data-end=\"1631\">Pression maximale<\/strong>:Installation jusqu&#039;\u00e0 2000 m d&#039;altitude<\/p>\n<\/li>\n<li class=\"\" data-start=\"1667\" data-end=\"1738\">\n<p class=\"\" data-start=\"1669\" data-end=\"1738\"><strong data-start=\"1669\" data-end=\"1696\">Protocole de communication<\/strong>: XP95, Discovery, compatible CoreProtocol<\/p>\n<\/li>\n<li class=\"\" data-start=\"1739\" data-end=\"1763\">\n<p class=\"\" data-start=\"1741\" data-end=\"1763\"><strong data-start=\"1741\" data-end=\"1753\">Marquage<\/strong>: Marqu\u00e9 CE<\/p>\n<\/li>\n<li class=\"\" data-start=\"1764\" data-end=\"1806\">\n<p class=\"\" data-start=\"1766\" data-end=\"1806\"><strong data-start=\"1766\" data-end=\"1780\">Autonomie de la batterie<\/strong>: 5 ans (dur\u00e9e de vie des cellules)<\/p>\n<\/li>\n<li class=\"\" data-start=\"1807\" data-end=\"1853\">\n<p class=\"\" data-start=\"1809\" data-end=\"1853\"><strong data-start=\"1809\" data-end=\"1821\">Mat\u00e9riel<\/strong>: Polycarbonate (ignifuge)<\/p>\n<\/li>\n<li class=\"\" data-start=\"1854\" data-end=\"1929\">\n<p class=\"\" data-start=\"1856\" data-end=\"1929\"><strong data-start=\"1856\" data-end=\"1870\">Fonctions<\/strong>: \u00c9l\u00e9ment r\u00e9initialisable, indicateur LED, fonction de test \u00e0 distance<\/p>\n<\/li>\n<\/ul>","protected":false},"excerpt":{"rendered":"<p>Le d\u00e9tecteur de monoxyde de carbone Apollo 58000-300APO Discovery Series est sp\u00e9cialement con\u00e7u pour d\u00e9tecter les incendies couvants et fournir une alerte pr\u00e9coce, en particulier pour les incendies incandescents.<\/p>\n<p>Il est moins sensible aux fausses alarmes de vapeur que les d\u00e9tecteurs de fum\u00e9e et est id\u00e9al pour une utilisation dans des environnements o\u00f9 ces conditions se produisent.<\/p>","protected":false},"featured_media":149893,"template":"","meta":{"_acf_changed":false},"product_brand":[],"product_cat":[4748],"product_tag":[],"class_list":{"0":"post-149894","1":"product","2":"type-product","3":"status-publish","4":"has-post-thumbnail","6":"product_cat-discovery-serien","7":"pa_brands-apollo-fire-detectors","8":"tm-no-options","10":"first","11":"onbackorder","12":"taxable","13":"shipping-taxable","14":"purchasable","15":"product-type-simple"},"acf":[],"_links":{"self":[{"href":"https:\/\/secureus.se\/fr\/wp-json\/wp\/v2\/product\/149894","targetHints":{"allow":["GET"]}}],"collection":[{"href":"https:\/\/secureus.se\/fr\/wp-json\/wp\/v2\/product"}],"about":[{"href":"https:\/\/secureus.se\/fr\/wp-json\/wp\/v2\/types\/product"}],"wp:featuredmedia":[{"embeddable":true,"href":"https:\/\/secureus.se\/fr\/wp-json\/wp\/v2\/media\/149893"}],"wp:attachment":[{"href":"https:\/\/secureus.se\/fr\/wp-json\/wp\/v2\/media?parent=149894"}],"wp:term":[{"taxonomy":"product_brand","embeddable":true,"href":"https:\/\/secureus.se\/fr\/wp-json\/wp\/v2\/product_brand?post=149894"},{"taxonomy":"product_cat","embeddable":true,"href":"https:\/\/secureus.se\/fr\/wp-json\/wp\/v2\/product_cat?post=149894"},{"taxonomy":"product_tag","embeddable":true,"href":"https:\/\/secureus.se\/fr\/wp-json\/wp\/v2\/product_tag?post=149894"}],"curies":[{"name":"wp","href":"https:\/\/api.w.org\/{rel}","templated":true}]}}