{"id":149896,"date":"2025-04-03T14:15:41","date_gmt":"2025-04-03T12:15:41","guid":{"rendered":"https:\/\/secureus.se\/apollo-58000-400apo-discovery-series-varmedetektor-vit\/"},"modified":"2026-04-16T15:16:58","modified_gmt":"2026-04-16T13:16:58","slug":"apollo-58000-400apo-discovery-series-varmedetektor-vit","status":"publish","type":"product","link":"https:\/\/secureus.se\/fr\/apollo-58000-400apo-discovery-series-varmedetektor-vit\/","title":{"rendered":"Apollo 58000-400APO Discovery Series, d\u00e9tecteur de chaleur, blanc"},"content":{"rendered":"<h1>D\u00e9tecteur de chaleur Apollo 58000-400APO Discovery Series<\/h1>\n<p class=\"\" data-start=\"397\" data-end=\"871\">Le d\u00e9tecteur de chaleur Apollo 58000-400APO Discovery Series utilise une seule thermistance pour mesurer avec pr\u00e9cision la temp\u00e9rature de l&#039;air \u00e0 l&#039;emplacement du d\u00e9tecteur.<\/p>\n<p class=\"\" data-start=\"397\" data-end=\"871\">\u00c0 l&#039;aide d&#039;un r\u00e9seau de r\u00e9sistances, une sortie de tension d\u00e9pendante de la temp\u00e9rature est g\u00e9n\u00e9r\u00e9e qui fournit une r\u00e9ponse lin\u00e9aire entre 10 \u00b0C et 80 \u00b0C.<\/p>\n<p class=\"\" data-start=\"397\" data-end=\"871\">Le d\u00e9tecteur est tr\u00e8s pr\u00e9cis et n&#039;est pas affect\u00e9 par des facteurs externes tels que le vent ou la pression atmosph\u00e9rique, ce qui le rend particuli\u00e8rement adapt\u00e9 \u00e0 une utilisation dans des environnements sales ou enfum\u00e9s.<\/p>\n<p class=\"\" data-start=\"873\" data-end=\"1239\">Il dispose de cinq modes de r\u00e9ponse diff\u00e9rents approuv\u00e9s selon la norme EN54-5, ce qui permet d&#039;adapter la sensibilit\u00e9 en fonction de l&#039;application.<\/p>\n<p class=\"\" data-start=\"873\" data-end=\"1239\">Le d\u00e9tecteur de chaleur est compatible avec les syst\u00e8mes XP95 et Discovery et peut y \u00eatre connect\u00e9 via des connexions \u00e0 deux fils. Il dispose \u00e9galement d&#039;une fonction de test int\u00e9gr\u00e9e qui permet de tester facilement le fonctionnement du d\u00e9tecteur \u00e0 partir du panneau de commande.<\/p>\n<p class=\"\" data-start=\"1241\" data-end=\"1261\"><strong data-start=\"1241\" data-end=\"1260\">Caract\u00e9ristiques<\/strong>:<\/p>\n<ul data-start=\"1262\" data-end=\"1824\">\n<li class=\"\" data-start=\"1262\" data-end=\"1289\">\n<p class=\"\" data-start=\"1264\" data-end=\"1289\"><strong data-start=\"1264\" data-end=\"1278\">Source d&#039;alimentation<\/strong>: 17\u201328 V CC<\/p>\n<\/li>\n<li class=\"\" data-start=\"1290\" data-end=\"1317\">\n<p class=\"\" data-start=\"1292\" data-end=\"1317\"><strong data-start=\"1292\" data-end=\"1300\">Mesure<\/strong>: \u00d8100mm x 42mm<\/p>\n<\/li>\n<li class=\"\" data-start=\"1318\" data-end=\"1333\">\n<p class=\"\" data-start=\"1320\" data-end=\"1333\"><strong data-start=\"1320\" data-end=\"1328\">Peinture<\/strong>: Blanc<\/p>\n<\/li>\n<li class=\"\" data-start=\"1334\" data-end=\"1351\">\n<p class=\"\" data-start=\"1336\" data-end=\"1351\"><strong data-start=\"1336\" data-end=\"1344\">Poids<\/strong>: 105g<\/p>\n<\/li>\n<li class=\"\" data-start=\"1352\" data-end=\"1425\">\n<p class=\"\" data-start=\"1354\" data-end=\"1425\"><strong data-start=\"1354\" data-end=\"1368\">Temp\u00e9rature<\/strong>: \u201320\u00b0C \u00e0 +50\u00b0C (\u00e9tat transitoire : \u201320\u00b0C \u00e0 +55\u00b0C)<\/p>\n<\/li>\n<li class=\"\" data-start=\"1426\" data-end=\"1489\">\n<p class=\"\" data-start=\"1428\" data-end=\"1489\"><strong data-start=\"1428\" data-end=\"1441\">Humidit\u00e9<\/strong>: 0% \u00e0 95% RH (sans condensation ni givrage)<\/p>\n<\/li>\n<li class=\"\" data-start=\"1490\" data-end=\"1510\">\n<p class=\"\" data-start=\"1492\" data-end=\"1510\"><strong data-start=\"1492\" data-end=\"1504\">Classe IP<\/strong>: IP44<\/p>\n<\/li>\n<li class=\"\" data-start=\"1511\" data-end=\"1549\">\n<p class=\"\" data-start=\"1513\" data-end=\"1549\"><strong data-start=\"1513\" data-end=\"1531\">Compatibilit\u00e9<\/strong>: XP95 et Soteria<\/p>\n<\/li>\n<li class=\"\" data-start=\"1550\" data-end=\"1624\">\n<p class=\"\" data-start=\"1552\" data-end=\"1624\"><strong data-start=\"1552\" data-end=\"1579\">Protocole de communication<\/strong>:Compatible avec Discovery, XP95 et CoreProtocol<\/p>\n<\/li>\n<li class=\"\" data-start=\"1625\" data-end=\"1677\">\n<p class=\"\" data-start=\"1627\" data-end=\"1677\"><strong data-start=\"1627\" data-end=\"1645\">Certifications<\/strong>: EN 54-5, CPR, LPCB, VdS, BOSEC<\/p>\n<\/li>\n<li class=\"\" data-start=\"1678\" data-end=\"1728\">\n<p class=\"\" data-start=\"1680\" data-end=\"1728\"><strong data-start=\"1680\" data-end=\"1710\">Temp\u00e9rature maximale de stockage<\/strong>: \u201310\u00b0C \u00e0 +30\u00b0C<\/p>\n<\/li>\n<li class=\"\" data-start=\"1729\" data-end=\"1777\">\n<p class=\"\" data-start=\"1731\" data-end=\"1777\"><strong data-start=\"1731\" data-end=\"1749\">Connexion \u00e0 la terre<\/strong>: Aucune exigence de fonctionnement s\u00fbr<\/p>\n<\/li>\n<li class=\"\" data-start=\"1778\" data-end=\"1824\">\n<p class=\"\" data-start=\"1780\" data-end=\"1824\"><strong data-start=\"1780\" data-end=\"1792\">Mat\u00e9riel<\/strong>: Polycarbonate (ignifuge)<\/p>\n<\/li>\n<\/ul>","protected":false},"excerpt":{"rendered":"<p>Le d\u00e9tecteur de chaleur Apollo 58000-400APO Discovery Series est id\u00e9al pour une utilisation dans des environnements o\u00f9 les d\u00e9tecteurs de fum\u00e9e peuvent \u00eatre inadapt\u00e9s, comme les zones sales ou enfum\u00e9es.<\/p>\n<p>Il est parfaitement adapt\u00e9 aux entrep\u00f4ts, aux quais de chargement et aux parkings et n&#039;est pas affect\u00e9 par le vent ou la pression atmosph\u00e9rique.<\/p>","protected":false},"featured_media":149895,"template":"","meta":{"_acf_changed":false},"product_brand":[],"product_cat":[4748],"product_tag":[],"class_list":{"0":"post-149896","1":"product","2":"type-product","3":"status-publish","4":"has-post-thumbnail","6":"product_cat-discovery-serien","7":"pa_brands-apollo-fire-detectors","8":"tm-no-options","10":"first","11":"instock","12":"taxable","13":"shipping-taxable","14":"purchasable","15":"product-type-simple"},"acf":[],"_links":{"self":[{"href":"https:\/\/secureus.se\/fr\/wp-json\/wp\/v2\/product\/149896","targetHints":{"allow":["GET"]}}],"collection":[{"href":"https:\/\/secureus.se\/fr\/wp-json\/wp\/v2\/product"}],"about":[{"href":"https:\/\/secureus.se\/fr\/wp-json\/wp\/v2\/types\/product"}],"wp:featuredmedia":[{"embeddable":true,"href":"https:\/\/secureus.se\/fr\/wp-json\/wp\/v2\/media\/149895"}],"wp:attachment":[{"href":"https:\/\/secureus.se\/fr\/wp-json\/wp\/v2\/media?parent=149896"}],"wp:term":[{"taxonomy":"product_brand","embeddable":true,"href":"https:\/\/secureus.se\/fr\/wp-json\/wp\/v2\/product_brand?post=149896"},{"taxonomy":"product_cat","embeddable":true,"href":"https:\/\/secureus.se\/fr\/wp-json\/wp\/v2\/product_cat?post=149896"},{"taxonomy":"product_tag","embeddable":true,"href":"https:\/\/secureus.se\/fr\/wp-json\/wp\/v2\/product_tag?post=149896"}],"curies":[{"name":"wp","href":"https:\/\/api.w.org\/{rel}","templated":true}]}}