{"id":149900,"date":"2025-04-03T14:15:38","date_gmt":"2025-04-03T12:15:38","guid":{"rendered":"https:\/\/secureus.se\/apollo-58000-600apo-optisk-rokdetektor-i-discovery-serien-vit\/"},"modified":"2026-04-09T12:29:15","modified_gmt":"2026-04-09T10:29:15","slug":"apollo-58000-600apo-optisk-rokdetektor-i-discovery-serien-vit","status":"publish","type":"product","link":"https:\/\/secureus.se\/fr\/apollo-58000-600apo-optisk-rokdetektor-i-discovery-serien-vit\/","title":{"rendered":"D\u00e9tecteur de fum\u00e9e optique Apollo 58000-600APO Discovery Series, blanc"},"content":{"rendered":"<h1>D\u00e9tecteur de fum\u00e9e optique Apollo 58000-600APO Discovery Series<\/h1>\n<p class=\"\" data-start=\"395\" data-end=\"835\">Le d\u00e9tecteur de fum\u00e9e optique Apollo 58000-600APO Discovery Series est un appareil avanc\u00e9 qui utilise la technologie optique et photo\u00e9lectrique pour d\u00e9tecter la fum\u00e9e.<\/p>\n<p class=\"\" data-start=\"395\" data-end=\"835\">Il est dot\u00e9 d&#039;un bo\u00eetier en polycarbonate moul\u00e9 blanc et d&#039;entr\u00e9es de fum\u00e9e r\u00e9sistantes au vent pour garantir une d\u00e9tection efficace m\u00eame dans des environnements difficiles.<\/p>\n<p class=\"\" data-start=\"395\" data-end=\"835\">La LED infrarouge \u00e9met une lumi\u00e8re collimat\u00e9e toutes les secondes et la photodiode mesure la quantit\u00e9 de lumi\u00e8re diffus\u00e9e par la fum\u00e9e dans la chambre du d\u00e9tecteur.<\/p>\n<p class=\"\" data-start=\"837\" data-end=\"1243\">Ce d\u00e9tecteur est id\u00e9al pour les environnements o\u00f9 des variations de temp\u00e9rature peuvent se produire, car il fonctionne efficacement \u00e0 des temp\u00e9ratures comprises entre -40\u00b0C et 70\u00b0C.<\/p>\n<p class=\"\" data-start=\"837\" data-end=\"1243\">Il dispose de cinq modes de fonctionnement diff\u00e9rents, ce qui le rend adapt\u00e9 \u00e0 une vari\u00e9t\u00e9 d&#039;applications, notamment les chambres, les bureaux, les h\u00f4tels, les h\u00f4pitaux, etc.<\/p>\n<p class=\"\" data-start=\"837\" data-end=\"1243\">La compensation de d\u00e9rive garantit que le d\u00e9tecteur maintient une sensibilit\u00e9 constante dans le temps et minimise le risque de fausses alarmes.<\/p>\n<p class=\"\" data-start=\"1245\" data-end=\"1265\"><strong data-start=\"1245\" data-end=\"1264\">Caract\u00e9ristiques<\/strong>:<\/p>\n<ul data-start=\"1266\" data-end=\"1866\">\n<li class=\"\" data-start=\"1266\" data-end=\"1290\">\n<p class=\"\" data-start=\"1268\" data-end=\"1290\"><strong data-start=\"1268\" data-end=\"1282\">Source d&#039;alimentation<\/strong>: 28 V CC<\/p>\n<\/li>\n<li class=\"\" data-start=\"1291\" data-end=\"1318\">\n<p class=\"\" data-start=\"1293\" data-end=\"1318\"><strong data-start=\"1293\" data-end=\"1301\">Mesure<\/strong>: \u00d8100mm x 42mm<\/p>\n<\/li>\n<li class=\"\" data-start=\"1319\" data-end=\"1334\">\n<p class=\"\" data-start=\"1321\" data-end=\"1334\"><strong data-start=\"1321\" data-end=\"1329\">Peinture<\/strong>: Blanc<\/p>\n<\/li>\n<li class=\"\" data-start=\"1335\" data-end=\"1352\">\n<p class=\"\" data-start=\"1337\" data-end=\"1352\"><strong data-start=\"1337\" data-end=\"1345\">Poids<\/strong>: 105g<\/p>\n<\/li>\n<li class=\"\" data-start=\"1353\" data-end=\"1387\">\n<p class=\"\" data-start=\"1355\" data-end=\"1387\"><strong data-start=\"1355\" data-end=\"1369\">Temp\u00e9rature<\/strong>: \u201340\u00b0C \u00e0 +70\u00b0C<\/p>\n<\/li>\n<li class=\"\" data-start=\"1388\" data-end=\"1445\">\n<p class=\"\" data-start=\"1390\" data-end=\"1445\"><strong data-start=\"1390\" data-end=\"1403\">Humidit\u00e9<\/strong>: 0\u201395% RH (sans condensation ni givrage)<\/p>\n<\/li>\n<li class=\"\" data-start=\"1446\" data-end=\"1484\">\n<p class=\"\" data-start=\"1448\" data-end=\"1484\"><strong data-start=\"1448\" data-end=\"1467\">Gaz d\u00e9tectable<\/strong>: Monoxyde de carbone (CO)<\/p>\n<\/li>\n<li class=\"\" data-start=\"1485\" data-end=\"1523\">\n<p class=\"\" data-start=\"1487\" data-end=\"1523\"><strong data-start=\"1487\" data-end=\"1510\">Milieu d\u00e9tectable<\/strong>: Feu (Fum\u00e9e)<\/p>\n<\/li>\n<li class=\"\" data-start=\"1524\" data-end=\"1560\">\n<p class=\"\" data-start=\"1526\" data-end=\"1560\"><strong data-start=\"1526\" data-end=\"1553\">Protocole de communication<\/strong>: C\u00e2bl\u00e9<\/p>\n<\/li>\n<li class=\"\" data-start=\"1561\" data-end=\"1615\">\n<p class=\"\" data-start=\"1563\" data-end=\"1615\"><strong data-start=\"1563\" data-end=\"1577\">Fonctions<\/strong>: D\u00e9tection optique et photo\u00e9lectrique<\/p>\n<\/li>\n<li class=\"\" data-start=\"1616\" data-end=\"1672\">\n<p class=\"\" data-start=\"1618\" data-end=\"1672\"><strong data-start=\"1618\" data-end=\"1639\">Certification environnementale<\/strong>: BOSEC, CPR, FG, LPCB, SBSC, VdS<\/p>\n<\/li>\n<li class=\"\" data-start=\"1673\" data-end=\"1712\">\n<p class=\"\" data-start=\"1675\" data-end=\"1712\"><strong data-start=\"1675\" data-end=\"1686\">Garantie<\/strong>: Garantie limit\u00e9e de 10 ans<\/p>\n<\/li>\n<li class=\"\" data-start=\"1713\" data-end=\"1733\">\n<p class=\"\" data-start=\"1715\" data-end=\"1733\"><strong data-start=\"1715\" data-end=\"1727\">Classe IP<\/strong>: IP44<\/p>\n<\/li>\n<li class=\"\" data-start=\"1734\" data-end=\"1774\">\n<p class=\"\" data-start=\"1736\" data-end=\"1774\"><strong data-start=\"1736\" data-end=\"1754\">Compatibilit\u00e9<\/strong>: XP95 et Discovery<\/p>\n<\/li>\n<li class=\"\" data-start=\"1775\" data-end=\"1866\">\n<p class=\"\" data-start=\"1777\" data-end=\"1866\"><strong data-start=\"1777\" data-end=\"1791\">Utiliser<\/strong>:Pour les chambres, les h\u00f4tels, les h\u00f4pitaux, les bureaux, les entrep\u00f4ts et autres environnements commerciaux<\/p>\n<\/li>\n<\/ul>","protected":false},"excerpt":{"rendered":"<p>Le d\u00e9tecteur de fum\u00e9e optique Apollo 58000-600APO Discovery Series offre une d\u00e9tection d&#039;incendie fiable sur une large plage de temp\u00e9ratures allant de -40\u00b0C \u00e0 70\u00b0C.<\/p>\n<p>Il est \u00e9quip\u00e9 de cinq modes de fonctionnement pour diff\u00e9rentes applications et dispose d&#039;une compensation de d\u00e9rive pour assurer une sensibilit\u00e9 constante.<\/p>","protected":false},"featured_media":149899,"template":"","meta":{"_acf_changed":false},"product_brand":[],"product_cat":[4748],"product_tag":[],"class_list":{"0":"post-149900","1":"product","2":"type-product","3":"status-publish","4":"has-post-thumbnail","6":"product_cat-discovery-serien","7":"pa_brands-apollo-fire-detectors","8":"tm-no-options","10":"first","11":"instock","12":"sale","13":"taxable","14":"shipping-taxable","15":"purchasable","16":"product-type-simple"},"acf":[],"_links":{"self":[{"href":"https:\/\/secureus.se\/fr\/wp-json\/wp\/v2\/product\/149900","targetHints":{"allow":["GET"]}}],"collection":[{"href":"https:\/\/secureus.se\/fr\/wp-json\/wp\/v2\/product"}],"about":[{"href":"https:\/\/secureus.se\/fr\/wp-json\/wp\/v2\/types\/product"}],"wp:featuredmedia":[{"embeddable":true,"href":"https:\/\/secureus.se\/fr\/wp-json\/wp\/v2\/media\/149899"}],"wp:attachment":[{"href":"https:\/\/secureus.se\/fr\/wp-json\/wp\/v2\/media?parent=149900"}],"wp:term":[{"taxonomy":"product_brand","embeddable":true,"href":"https:\/\/secureus.se\/fr\/wp-json\/wp\/v2\/product_brand?post=149900"},{"taxonomy":"product_cat","embeddable":true,"href":"https:\/\/secureus.se\/fr\/wp-json\/wp\/v2\/product_cat?post=149900"},{"taxonomy":"product_tag","embeddable":true,"href":"https:\/\/secureus.se\/fr\/wp-json\/wp\/v2\/product_tag?post=149900"}],"curies":[{"name":"wp","href":"https:\/\/api.w.org\/{rel}","templated":true}]}}