{"id":149908,"date":"2025-04-03T14:12:32","date_gmt":"2025-04-03T12:12:32","guid":{"rendered":"https:\/\/secureus.se\/apollo-pp2620-orbis-series-optisk-och-varmekanslig-multisensordetektor\/"},"modified":"2026-04-23T13:13:03","modified_gmt":"2026-04-23T11:13:03","slug":"apollo-pp2620-orbis-series-optisk-och-varmekanslig-multisensordetektor","status":"publish","type":"product","link":"https:\/\/secureus.se\/fr\/apollo-pp2620-orbis-series-optisk-och-varmekanslig-multisensordetektor\/","title":{"rendered":"D\u00e9tecteur multicapteurs optique et thermique Apollo PP2620 s\u00e9rie Orbis"},"content":{"rendered":"<h1>D\u00e9tecteur multicapteurs optique et thermique Apollo PP2620 s\u00e9rie Orbis<\/h1>\n<p class=\"\" data-start=\"430\" data-end=\"837\">Le d\u00e9tecteur optique et thermique multi-capteurs Apollo PP2620 Orbis Series est un d\u00e9tecteur d&#039;incendie innovant qui utilise \u00e0 la fois la d\u00e9tection optique de fum\u00e9e et un capteur de temp\u00e9rature \u00e0 thermistance pour fournir un signal combin\u00e9 et s\u00e9par\u00e9 pour les signaux de chaleur.<\/p>\n<p class=\"\" data-start=\"430\" data-end=\"837\">Cela permet au d\u00e9tecteur de g\u00e9rer efficacement les fausses alarmes, en particulier dans les environnements o\u00f9 la fum\u00e9e et les changements de temp\u00e9rature peuvent se produire simultan\u00e9ment.<\/p>\n<p class=\"\" data-start=\"839\" data-end=\"1189\">Ce d\u00e9tecteur dispose d&#039;algorithmes de rejet transitoire, ce qui r\u00e9duit le risque de fausses alarmes et garantit une d\u00e9tection d&#039;incendie fiable et efficace.<\/p>\n<p class=\"\" data-start=\"839\" data-end=\"1189\">La compensation de d\u00e9rive, y compris DirtAlert (une LED jaune clignotante), permet d&#039;identifier facilement quand le d\u00e9tecteur doit \u00eatre nettoy\u00e9 et garantit une sensibilit\u00e9 constante m\u00eame lorsque le d\u00e9tecteur devient sale.<\/p>\n<p class=\"\" data-start=\"1191\" data-end=\"1211\"><strong data-start=\"1191\" data-end=\"1210\">Caract\u00e9ristiques<\/strong>:<\/p>\n<ul data-start=\"1212\" data-end=\"1695\">\n<li class=\"\" data-start=\"1212\" data-end=\"1239\">\n<p class=\"\" data-start=\"1214\" data-end=\"1239\"><strong data-start=\"1214\" data-end=\"1228\">Source d&#039;alimentation<\/strong>: 17\u201328 V CC<\/p>\n<\/li>\n<li class=\"\" data-start=\"1240\" data-end=\"1268\">\n<p class=\"\" data-start=\"1242\" data-end=\"1268\"><strong data-start=\"1242\" data-end=\"1250\">Mesure<\/strong>: \u00d897mm x 41,9mm<\/p>\n<\/li>\n<li class=\"\" data-start=\"1269\" data-end=\"1287\">\n<p class=\"\" data-start=\"1271\" data-end=\"1287\"><strong data-start=\"1271\" data-end=\"1279\">Peinture<\/strong>: Argent<\/p>\n<\/li>\n<li class=\"\" data-start=\"1288\" data-end=\"1306\">\n<p class=\"\" data-start=\"1290\" data-end=\"1306\"><strong data-start=\"1290\" data-end=\"1298\">Poids<\/strong>: 81,6 g<\/p>\n<\/li>\n<li class=\"\" data-start=\"1307\" data-end=\"1341\">\n<p class=\"\" data-start=\"1309\" data-end=\"1341\"><strong data-start=\"1309\" data-end=\"1323\">Temp\u00e9rature<\/strong>: \u201340\u00b0C \u00e0 +70\u00b0C<\/p>\n<\/li>\n<li class=\"\" data-start=\"1342\" data-end=\"1382\">\n<p class=\"\" data-start=\"1344\" data-end=\"1382\"><strong data-start=\"1344\" data-end=\"1357\">Humidit\u00e9<\/strong>: 0\u201395% RH (sans condensation)<\/p>\n<\/li>\n<li class=\"\" data-start=\"1383\" data-end=\"1421\">\n<p class=\"\" data-start=\"1385\" data-end=\"1421\"><strong data-start=\"1385\" data-end=\"1408\">Milieu d\u00e9tectable<\/strong>: Feu (Fum\u00e9e)<\/p>\n<\/li>\n<li class=\"\" data-start=\"1422\" data-end=\"1467\">\n<p class=\"\" data-start=\"1424\" data-end=\"1467\"><strong data-start=\"1424\" data-end=\"1444\">Technologie de d\u00e9tection<\/strong>: Optique, photo\u00e9lectrique<\/p>\n<\/li>\n<li class=\"\" data-start=\"1468\" data-end=\"1552\">\n<p class=\"\" data-start=\"1470\" data-end=\"1552\"><strong data-start=\"1470\" data-end=\"1484\">Fonctions<\/strong>: Cinq modes de r\u00e9ponse, compensation de d\u00e9rive, DirtAlert, FasTest (4 secondes)<\/p>\n<\/li>\n<li class=\"\" data-start=\"1553\" data-end=\"1592\">\n<p class=\"\" data-start=\"1555\" data-end=\"1592\"><strong data-start=\"1555\" data-end=\"1566\">Garantie<\/strong>: Garantie limit\u00e9e de 10 ans<\/p>\n<\/li>\n<li class=\"\" data-start=\"1593\" data-end=\"1613\">\n<p class=\"\" data-start=\"1595\" data-end=\"1613\"><strong data-start=\"1595\" data-end=\"1607\">Classe IP<\/strong>: IP44<\/p>\n<\/li>\n<li class=\"\" data-start=\"1614\" data-end=\"1695\">\n<p class=\"\" data-start=\"1616\" data-end=\"1695\"><strong data-start=\"1616\" data-end=\"1634\">Compatibilit\u00e9<\/strong>: Apollo s\u00e9rie 65 et s\u00e9ries de d\u00e9tecteurs conventionnels pr\u00e9c\u00e9dentes<\/p>\n<\/li>\n<\/ul>","protected":false},"excerpt":{"rendered":"<p>Le d\u00e9tecteur optique et thermique multicapteur Apollo PP2620 Orbis Series combine \u00e0 la fois la d\u00e9tection optique de fum\u00e9e et des capteurs de temp\u00e9rature \u00e0 thermistance pour une meilleure d\u00e9tection d&#039;incendie et une minimisation des fausses alarmes.<\/p>\n<p>Il est id\u00e9al pour une large gamme d&#039;applications et dispose d&#039;une compensation automatique de la d\u00e9rive.<\/p>","protected":false},"featured_media":149907,"template":"","meta":{"_acf_changed":false},"product_brand":[],"product_cat":[4749,3373,4157],"product_tag":[],"class_list":{"0":"post-149908","1":"product","2":"type-product","3":"status-publish","4":"has-post-thumbnail","6":"product_cat-orbis-serien","7":"product_cat-rokdetektorer","8":"product_cat-varmedetektor","9":"pa_brands-apollo-fire-detectors","10":"tm-no-options","12":"first","13":"instock","14":"sale","15":"taxable","16":"shipping-taxable","17":"purchasable","18":"product-type-simple"},"acf":[],"_links":{"self":[{"href":"https:\/\/secureus.se\/fr\/wp-json\/wp\/v2\/product\/149908","targetHints":{"allow":["GET"]}}],"collection":[{"href":"https:\/\/secureus.se\/fr\/wp-json\/wp\/v2\/product"}],"about":[{"href":"https:\/\/secureus.se\/fr\/wp-json\/wp\/v2\/types\/product"}],"wp:featuredmedia":[{"embeddable":true,"href":"https:\/\/secureus.se\/fr\/wp-json\/wp\/v2\/media\/149907"}],"wp:attachment":[{"href":"https:\/\/secureus.se\/fr\/wp-json\/wp\/v2\/media?parent=149908"}],"wp:term":[{"taxonomy":"product_brand","embeddable":true,"href":"https:\/\/secureus.se\/fr\/wp-json\/wp\/v2\/product_brand?post=149908"},{"taxonomy":"product_cat","embeddable":true,"href":"https:\/\/secureus.se\/fr\/wp-json\/wp\/v2\/product_cat?post=149908"},{"taxonomy":"product_tag","embeddable":true,"href":"https:\/\/secureus.se\/fr\/wp-json\/wp\/v2\/product_tag?post=149908"}],"curies":[{"name":"wp","href":"https:\/\/api.w.org\/{rel}","templated":true}]}}