{"id":149977,"date":"2025-04-03T14:12:31","date_gmt":"2025-04-03T12:12:31","guid":{"rendered":"https:\/\/secureus.se\/apollo-pp5021-orbis-serie-marin-optisk-rokdetektor-vit\/"},"modified":"2026-04-09T12:26:29","modified_gmt":"2026-04-09T10:26:29","slug":"apollo-pp5021-orbis-serie-marin-optisk-rokdetektor-vit","status":"publish","type":"product","link":"https:\/\/secureus.se\/fr\/apollo-pp5021-orbis-serie-marin-optisk-rokdetektor-vit\/","title":{"rendered":"D\u00e9tecteur de fum\u00e9e optique marin Apollo PP5021 s\u00e9rie Orbis, blanc"},"content":{"rendered":"<h1>D\u00e9tecteur de fum\u00e9e optique marin Apollo PP5021 s\u00e9rie Orbis<\/h1>\n<p class=\"\" data-start=\"383\" data-end=\"834\">Le d\u00e9tecteur de fum\u00e9e optique marin Apollo PP5021 Orbis Series est bas\u00e9 sur le principe de diffusion de la lumi\u00e8re pour mesurer les particules de fum\u00e9e dans l&#039;air.<\/p>\n<p class=\"\" data-start=\"383\" data-end=\"834\">Ce d\u00e9tecteur a une conception innovante qui le rend plus sensible \u00e0 la fum\u00e9e noire, am\u00e9liorant ses performances par rapport aux d\u00e9tecteurs de fum\u00e9e optiques traditionnels.<\/p>\n<p class=\"\" data-start=\"383\" data-end=\"834\">Il dispose \u00e9galement d\u2019algorithmes avanc\u00e9s pour r\u00e9duire le risque de fausses alarmes en rejetant les transitoires et en g\u00e9rant les incendies \u00e0 combustion lente.<\/p>\n<p class=\"\" data-start=\"836\" data-end=\"1177\">Dot\u00e9 d&#039;une technologie de d\u00e9tection stable et fiable et d&#039;une LED clignotante qui fournit des informations d&#039;\u00e9tat, ce d\u00e9tecteur est id\u00e9al pour les environnements marins o\u00f9 une d\u00e9tection pr\u00e9cise de la fum\u00e9e est essentielle.<\/p>\n<p class=\"\" data-start=\"836\" data-end=\"1177\">Il est certifi\u00e9 selon plusieurs normes internationales et dispose de fonctionnalit\u00e9s telles que DirtAlert et SensAlert pour indiquer la n\u00e9cessit\u00e9 d&#039;un nettoyage ou de tests de fonctionnement.<\/p>\n<p class=\"\" data-start=\"1179\" data-end=\"1199\"><strong data-start=\"1179\" data-end=\"1198\">Caract\u00e9ristiques<\/strong>:<\/p>\n<ul data-start=\"1200\" data-end=\"1712\">\n<li class=\"\" data-start=\"1200\" data-end=\"1224\">\n<p class=\"\" data-start=\"1202\" data-end=\"1224\"><strong data-start=\"1202\" data-end=\"1216\">Source d&#039;alimentation<\/strong>: 33 V CC<\/p>\n<\/li>\n<li class=\"\" data-start=\"1225\" data-end=\"1251\">\n<p class=\"\" data-start=\"1227\" data-end=\"1251\"><strong data-start=\"1227\" data-end=\"1235\">Mesure<\/strong>: \u00d897mm x 31mm<\/p>\n<\/li>\n<li class=\"\" data-start=\"1252\" data-end=\"1267\">\n<p class=\"\" data-start=\"1254\" data-end=\"1267\"><strong data-start=\"1254\" data-end=\"1262\">Peinture<\/strong>: Blanc<\/p>\n<\/li>\n<li class=\"\" data-start=\"1268\" data-end=\"1284\">\n<p class=\"\" data-start=\"1270\" data-end=\"1284\"><strong data-start=\"1270\" data-end=\"1278\">Poids<\/strong>: 75 g<\/p>\n<\/li>\n<li class=\"\" data-start=\"1285\" data-end=\"1319\">\n<p class=\"\" data-start=\"1287\" data-end=\"1319\"><strong data-start=\"1287\" data-end=\"1301\">Temp\u00e9rature<\/strong>: \u201340\u00b0C \u00e0 +70\u00b0C<\/p>\n<\/li>\n<li class=\"\" data-start=\"1320\" data-end=\"1360\">\n<p class=\"\" data-start=\"1322\" data-end=\"1360\"><strong data-start=\"1322\" data-end=\"1335\">Humidit\u00e9<\/strong>: 0\u201398% RH (sans condensation)<\/p>\n<\/li>\n<li class=\"\" data-start=\"1361\" data-end=\"1399\">\n<p class=\"\" data-start=\"1363\" data-end=\"1399\"><strong data-start=\"1363\" data-end=\"1386\">Milieu d\u00e9tectable<\/strong>: Feu (Fum\u00e9e)<\/p>\n<\/li>\n<li class=\"\" data-start=\"1400\" data-end=\"1455\">\n<p class=\"\" data-start=\"1402\" data-end=\"1455\"><strong data-start=\"1402\" data-end=\"1422\">Technologie de d\u00e9tection<\/strong>: Infrarouge, optique, photo\u00e9lectrique<\/p>\n<\/li>\n<li class=\"\" data-start=\"1456\" data-end=\"1503\">\n<p class=\"\" data-start=\"1458\" data-end=\"1503\"><strong data-start=\"1458\" data-end=\"1472\">Fonctions<\/strong>: DirtAlert, SensAlert, FasTest<\/p>\n<\/li>\n<li class=\"\" data-start=\"1504\" data-end=\"1568\">\n<p class=\"\" data-start=\"1506\" data-end=\"1568\"><strong data-start=\"1506\" data-end=\"1524\">Certifications<\/strong>: EN54-7, MED, BV, ABS, CCS, CRS, DNV.GL, LR<\/p>\n<\/li>\n<li class=\"\" data-start=\"1569\" data-end=\"1650\">\n<p class=\"\" data-start=\"1571\" data-end=\"1650\"><strong data-start=\"1571\" data-end=\"1589\">Compatibilit\u00e9<\/strong>: Apollo s\u00e9rie 65 et s\u00e9ries de d\u00e9tecteurs conventionnels pr\u00e9c\u00e9dentes<\/p>\n<\/li>\n<li class=\"\" data-start=\"1651\" data-end=\"1672\">\n<p class=\"\" data-start=\"1653\" data-end=\"1672\"><strong data-start=\"1653\" data-end=\"1665\">Classe IP<\/strong>: IP23D<\/p>\n<\/li>\n<li class=\"\" data-start=\"1673\" data-end=\"1712\">\n<p class=\"\" data-start=\"1675\" data-end=\"1712\"><strong data-start=\"1675\" data-end=\"1686\">Garantie<\/strong>: Garantie limit\u00e9e de 10 ans<\/p>\n<\/li>\n<\/ul>","protected":false},"excerpt":{"rendered":"<p>Le d\u00e9tecteur de fum\u00e9e optique marin Apollo PP5021 Orbis Series est un appareil avanc\u00e9 qui utilise le principe de diffusion de la lumi\u00e8re pour fournir une d\u00e9tection fiable de la fum\u00e9e.<\/p>\n<p>Il r\u00e9duit le risque de fausses alarmes gr\u00e2ce \u00e0 une technologie am\u00e9lior\u00e9e et est id\u00e9al pour une utilisation dans les environnements marins.<\/p>","protected":false},"featured_media":149976,"template":"","meta":{"_acf_changed":false},"product_brand":[],"product_cat":[4749,3373],"product_tag":[],"class_list":{"0":"post-149977","1":"product","2":"type-product","3":"status-publish","4":"has-post-thumbnail","6":"product_cat-orbis-serien","7":"product_cat-rokdetektorer","8":"pa_brands-apollo-fire-detectors","9":"tm-no-options","11":"first","12":"instock","13":"sale","14":"taxable","15":"shipping-taxable","16":"purchasable","17":"product-type-simple"},"acf":[],"_links":{"self":[{"href":"https:\/\/secureus.se\/fr\/wp-json\/wp\/v2\/product\/149977","targetHints":{"allow":["GET"]}}],"collection":[{"href":"https:\/\/secureus.se\/fr\/wp-json\/wp\/v2\/product"}],"about":[{"href":"https:\/\/secureus.se\/fr\/wp-json\/wp\/v2\/types\/product"}],"wp:featuredmedia":[{"embeddable":true,"href":"https:\/\/secureus.se\/fr\/wp-json\/wp\/v2\/media\/149976"}],"wp:attachment":[{"href":"https:\/\/secureus.se\/fr\/wp-json\/wp\/v2\/media?parent=149977"}],"wp:term":[{"taxonomy":"product_brand","embeddable":true,"href":"https:\/\/secureus.se\/fr\/wp-json\/wp\/v2\/product_brand?post=149977"},{"taxonomy":"product_cat","embeddable":true,"href":"https:\/\/secureus.se\/fr\/wp-json\/wp\/v2\/product_cat?post=149977"},{"taxonomy":"product_tag","embeddable":true,"href":"https:\/\/secureus.se\/fr\/wp-json\/wp\/v2\/product_tag?post=149977"}],"curies":[{"name":"wp","href":"https:\/\/api.w.org\/{rel}","templated":true}]}}