{"id":149983,"date":"2025-04-03T14:11:19","date_gmt":"2025-04-03T12:11:19","guid":{"rendered":"https:\/\/secureus.se\/apollo-orb-ht-11001-apo-orbis-series-a1r-varmedetektor-med-blinkande-lysdiod-vit\/"},"modified":"2026-04-23T13:15:14","modified_gmt":"2026-04-23T11:15:14","slug":"apollo-orb-ht-11001-apo-orbis-series-a1r-varmedetektor-med-blinkande-lysdiod-vit","status":"publish","type":"product","link":"https:\/\/secureus.se\/fr\/apollo-orb-ht-11001-apo-orbis-series-a1r-varmedetektor-med-blinkande-lysdiod-vit\/","title":{"rendered":"Apollo ORB-HT-11001-APO S\u00e9rie Orbis, d\u00e9tecteur de chaleur A1R avec LED clignotante, blanc"},"content":{"rendered":"<h1>Apollo ORB-HT-11001-APO S\u00e9rie Orbis, d\u00e9tecteur de chaleur A1R avec LED clignotante<\/h1>\n<p class=\"\" data-start=\"471\" data-end=\"878\">Le d\u00e9tecteur de chaleur Apollo ORB-HT-11001-APO Orbis Series A1R offre une excellente solution pour d\u00e9tecter un incendie par augmentation de temp\u00e9rature dans des environnements o\u00f9 les d\u00e9tecteurs de fum\u00e9e ne peuvent pas \u00eatre utilis\u00e9s, par exemple. zones sales ou enfum\u00e9es.<\/p>\n<p class=\"\" data-start=\"471\" data-end=\"878\">Le d\u00e9tecteur utilise une thermistance pour mesurer les changements de temp\u00e9rature et peut identifier les augmentations de temp\u00e9rature en comparant ces valeurs aux seuils d&#039;alarme pr\u00e9d\u00e9finis.<\/p>\n<p class=\"\" data-start=\"880\" data-end=\"1206\">Il est \u00e9quip\u00e9 d&#039;une LED rouge clignotante au d\u00e9marrage pour confirmer que l&#039;unit\u00e9 est op\u00e9rationnelle, ce qui facilite la surveillance et garantit son bon fonctionnement.<\/p>\n<p class=\"\" data-start=\"880\" data-end=\"1206\">Pour am\u00e9liorer la fiabilit\u00e9 et r\u00e9duire le risque de fausses alarmes, le d\u00e9tecteur est \u00e9galement \u00e9quip\u00e9 de DirtAlert\u00ae, qui avertit lorsque le d\u00e9tecteur doit \u00eatre nettoy\u00e9.<\/p>\n<p class=\"\" data-start=\"1208\" data-end=\"1425\">Il est con\u00e7u pour \u00eatre flexible et est utilis\u00e9 dans une vari\u00e9t\u00e9 d&#039;applications, notamment les chambres d&#039;h\u00f4tel, les services hospitaliers et d&#039;autres zones o\u00f9 une surveillance pr\u00e9cise de la temp\u00e9rature est essentielle pour garantir la s\u00e9curit\u00e9 incendie.<\/p>\n<p class=\"\" data-start=\"1427\" data-end=\"1447\"><strong data-start=\"1427\" data-end=\"1446\">Caract\u00e9ristiques<\/strong>:<\/p>\n<ul data-start=\"1448\" data-end=\"2022\">\n<li class=\"\" data-start=\"1448\" data-end=\"1474\">\n<p class=\"\" data-start=\"1450\" data-end=\"1474\"><strong data-start=\"1450\" data-end=\"1464\">Source d&#039;alimentation<\/strong>: 5\u201333 V CC<\/p>\n<\/li>\n<li class=\"\" data-start=\"1475\" data-end=\"1501\">\n<p class=\"\" data-start=\"1477\" data-end=\"1501\"><strong data-start=\"1477\" data-end=\"1485\">Mesure<\/strong>: \u00d897mm x 36mm<\/p>\n<\/li>\n<li class=\"\" data-start=\"1502\" data-end=\"1517\">\n<p class=\"\" data-start=\"1504\" data-end=\"1517\"><strong data-start=\"1504\" data-end=\"1512\">Peinture<\/strong>: Blanc<\/p>\n<\/li>\n<li class=\"\" data-start=\"1518\" data-end=\"1534\">\n<p class=\"\" data-start=\"1520\" data-end=\"1534\"><strong data-start=\"1520\" data-end=\"1528\">Poids<\/strong>: 70g<\/p>\n<\/li>\n<li class=\"\" data-start=\"1535\" data-end=\"1569\">\n<p class=\"\" data-start=\"1537\" data-end=\"1569\"><strong data-start=\"1537\" data-end=\"1551\">Temp\u00e9rature<\/strong>: \u201340\u00b0C \u00e0 +70\u00b0C<\/p>\n<\/li>\n<li class=\"\" data-start=\"1570\" data-end=\"1595\">\n<p class=\"\" data-start=\"1572\" data-end=\"1595\"><strong data-start=\"1572\" data-end=\"1585\">Humidit\u00e9<\/strong>: 0\u201398% RH<\/p>\n<\/li>\n<li class=\"\" data-start=\"1596\" data-end=\"1636\">\n<p class=\"\" data-start=\"1598\" data-end=\"1636\"><strong data-start=\"1598\" data-end=\"1621\">Milieu d\u00e9tectable<\/strong>: Feu (chaleur)<\/p>\n<\/li>\n<li class=\"\" data-start=\"1637\" data-end=\"1684\">\n<p class=\"\" data-start=\"1639\" data-end=\"1684\"><strong data-start=\"1639\" data-end=\"1659\">Technologie de d\u00e9tection<\/strong>: Thermistance (capteur de chaleur)<\/p>\n<\/li>\n<li class=\"\" data-start=\"1685\" data-end=\"1747\">\n<p class=\"\" data-start=\"1687\" data-end=\"1747\"><strong data-start=\"1687\" data-end=\"1701\">Fonctions<\/strong>: DirtAlert, LED clignotante, SensAlert, FasTest<\/p>\n<\/li>\n<li class=\"\" data-start=\"1748\" data-end=\"1787\">\n<p class=\"\" data-start=\"1750\" data-end=\"1787\"><strong data-start=\"1750\" data-end=\"1761\">Garantie<\/strong>: Garantie limit\u00e9e de 10 ans<\/p>\n<\/li>\n<li class=\"\" data-start=\"1788\" data-end=\"1879\">\n<p class=\"\" data-start=\"1790\" data-end=\"1879\"><strong data-start=\"1790\" data-end=\"1802\">Classe IP<\/strong>: IP23D (Prot\u00e9g\u00e9 contre la p\u00e9n\u00e9tration d&#039;objets de plus de 12 mm et les gouttes d&#039;eau)<\/p>\n<\/li>\n<li class=\"\" data-start=\"1880\" data-end=\"1961\">\n<p class=\"\" data-start=\"1882\" data-end=\"1961\"><strong data-start=\"1882\" data-end=\"1900\">Compatibilit\u00e9<\/strong>: Apollo s\u00e9rie 65 et s\u00e9ries de d\u00e9tecteurs conventionnels pr\u00e9c\u00e9dentes<\/p>\n<\/li>\n<li class=\"\" data-start=\"1962\" data-end=\"2022\">\n<p class=\"\" data-start=\"1964\" data-end=\"2022\"><strong data-start=\"1964\" data-end=\"1982\">Certifications<\/strong>: EN54-5, MED, DNV.GL, BV, CCS, KRS, CRS<\/p>\n<\/li>\n<\/ul>","protected":false},"excerpt":{"rendered":"<p>Le d\u00e9tecteur de chaleur Apollo ORB-HT-11001-APO Orbis Series A1R avec LED clignotante est un d\u00e9tecteur fiable con\u00e7u pour \u00eatre utilis\u00e9 dans des environnements sales ou enfum\u00e9s o\u00f9 les d\u00e9tecteurs de fum\u00e9e ne conviennent pas.<\/p>\n<p>Il dispose d&#039;une LED rouge clignotante au d\u00e9marrage pour confirmer que l&#039;appareil est op\u00e9rationnel et a une longue dur\u00e9e de vie avec une garantie de 10 ans.<\/p>","protected":false},"featured_media":149982,"template":"","meta":{"_acf_changed":false},"product_brand":[],"product_cat":[4749,4157],"product_tag":[],"class_list":{"0":"post-149983","1":"product","2":"type-product","3":"status-publish","4":"has-post-thumbnail","6":"product_cat-orbis-serien","7":"product_cat-varmedetektor","8":"pa_brands-apollo-fire-detectors","9":"tm-no-options","11":"first","12":"instock","13":"taxable","14":"shipping-taxable","15":"purchasable","16":"product-type-simple"},"acf":[],"_links":{"self":[{"href":"https:\/\/secureus.se\/fr\/wp-json\/wp\/v2\/product\/149983","targetHints":{"allow":["GET"]}}],"collection":[{"href":"https:\/\/secureus.se\/fr\/wp-json\/wp\/v2\/product"}],"about":[{"href":"https:\/\/secureus.se\/fr\/wp-json\/wp\/v2\/types\/product"}],"wp:featuredmedia":[{"embeddable":true,"href":"https:\/\/secureus.se\/fr\/wp-json\/wp\/v2\/media\/149982"}],"wp:attachment":[{"href":"https:\/\/secureus.se\/fr\/wp-json\/wp\/v2\/media?parent=149983"}],"wp:term":[{"taxonomy":"product_brand","embeddable":true,"href":"https:\/\/secureus.se\/fr\/wp-json\/wp\/v2\/product_brand?post=149983"},{"taxonomy":"product_cat","embeddable":true,"href":"https:\/\/secureus.se\/fr\/wp-json\/wp\/v2\/product_cat?post=149983"},{"taxonomy":"product_tag","embeddable":true,"href":"https:\/\/secureus.se\/fr\/wp-json\/wp\/v2\/product_tag?post=149983"}],"curies":[{"name":"wp","href":"https:\/\/api.w.org\/{rel}","templated":true}]}}