{"id":149988,"date":"2025-04-03T14:11:17","date_gmt":"2025-04-03T12:11:17","guid":{"rendered":"https:\/\/secureus.se\/apollo-pp5025-orbis-series-kontinuitetsbrytare-marine-timesaver-base-vit\/"},"modified":"2026-04-16T15:32:39","modified_gmt":"2026-04-16T13:32:39","slug":"apollo-pp5025-orbis-series-kontinuitetsbrytare-marine-timesaver-base-vit","status":"publish","type":"product","link":"https:\/\/secureus.se\/fr\/apollo-pp5025-orbis-series-kontinuitetsbrytare-marine-timesaver-base-vit\/","title":{"rendered":"Interrupteur de continuit\u00e9 Apollo PP5025 Orbis Series, base marine TimeSaver, blanc"},"content":{"rendered":"<h1>Interrupteur de continuit\u00e9 Apollo PP5025 s\u00e9rie Orbis, base marine TimeSaver<\/h1>\n<p class=\"\" data-start=\"391\" data-end=\"833\">La base Apollo PP5025 Orbis Series Marine TimeSaver est une base de montage qui rend l&#039;installation des d\u00e9tecteurs de la s\u00e9rie Orbis rapide et facile.<\/p>\n<p class=\"\" data-start=\"391\" data-end=\"833\">Avec un concept de conception innovant, cette base offre une surface de travail ouverte avec des trous de montage pour permettre un assemblage rapide.<\/p>\n<p class=\"\" data-start=\"391\" data-end=\"833\">Il dispose de deux points de fixation et d&#039;un rep\u00e8re d&#039;alignement LED qui permet de garantir que tous les d\u00e9tecteurs sont install\u00e9s correctement avec les LED orient\u00e9es dans la m\u00eame direction.<\/p>\n<p class=\"\" data-start=\"835\" data-end=\"1200\">Il est \u00e9quip\u00e9 d&#039;un guide de d\u00e9nudage de c\u00e2bles pour rendre l&#039;installation encore plus facile et garantir une bonne pr\u00e9paration des c\u00e2bles.<\/p>\n<p class=\"\" data-start=\"835\" data-end=\"1200\">Cela fait du TimeSaver Base un choix efficace pour l&#039;installation de d\u00e9tecteurs de fum\u00e9e et de chaleur dans les environnements marins.<\/p>\n<p class=\"\" data-start=\"835\" data-end=\"1200\">Il est \u00e9galement approuv\u00e9 conform\u00e9ment \u00e0 la directive sur les \u00e9quipements marins 2014\/90\/UE pour une utilisation dans des applications marines.<\/p>\n<p class=\"\" data-start=\"1202\" data-end=\"1222\"><strong data-start=\"1202\" data-end=\"1221\">Caract\u00e9ristiques<\/strong>:<\/p>\n<ul data-start=\"1223\" data-end=\"1528\">\n<li class=\"\" data-start=\"1223\" data-end=\"1241\">\n<p class=\"\" data-start=\"1225\" data-end=\"1241\"><strong data-start=\"1225\" data-end=\"1233\">Peinture<\/strong>: Argent<\/p>\n<\/li>\n<li class=\"\" data-start=\"1242\" data-end=\"1286\">\n<p class=\"\" data-start=\"1244\" data-end=\"1286\"><strong data-start=\"1244\" data-end=\"1252\">Mesure<\/strong>:Taille standard pour la s\u00e9rie Orbis<\/p>\n<\/li>\n<li class=\"\" data-start=\"1287\" data-end=\"1363\">\n<p class=\"\" data-start=\"1289\" data-end=\"1363\"><strong data-start=\"1289\" data-end=\"1303\">Fonctions<\/strong>: Deux points de fixation, rep\u00e8re d&#039;alignement LED, guide de d\u00e9nudage des c\u00e2bles<\/p>\n<\/li>\n<li class=\"\" data-start=\"1364\" data-end=\"1415\">\n<p class=\"\" data-start=\"1366\" data-end=\"1415\"><strong data-start=\"1366\" data-end=\"1384\">Compatibilit\u00e9<\/strong>: D\u00e9tecteur de chaleur, d\u00e9tecteur de fum\u00e9e<\/p>\n<\/li>\n<li class=\"\" data-start=\"1416\" data-end=\"1488\">\n<p class=\"\" data-start=\"1418\" data-end=\"1488\"><strong data-start=\"1418\" data-end=\"1436\">Certifications<\/strong>:Marquage CE, Directive sur les \u00e9quipements marins 2014\/90\/UE<\/p>\n<\/li>\n<li class=\"\" data-start=\"1489\" data-end=\"1528\">\n<p class=\"\" data-start=\"1491\" data-end=\"1528\"><strong data-start=\"1491\" data-end=\"1502\">Garantie<\/strong>: Garantie limit\u00e9e de 10 ans<\/p>\n<\/li>\n<\/ul>","protected":false},"excerpt":{"rendered":"<p>La base Marine TimeSaver de l&#039;interrupteur de continuit\u00e9 Apollo PP5025 Orbis Series est con\u00e7ue pour une installation facile et rapide des d\u00e9tecteurs.<\/p>\n<p>Il dispose de deux points de fixation, d&#039;un rep\u00e8re d&#039;alignement LED pour une installation correcte et d&#039;un guide de d\u00e9nudage de c\u00e2ble pour un travail efficace.<\/p>","protected":false},"featured_media":149987,"template":"","meta":{"_acf_changed":false},"product_brand":[],"product_cat":[4749],"product_tag":[],"class_list":{"0":"post-149988","1":"product","2":"type-product","3":"status-publish","4":"has-post-thumbnail","6":"product_cat-orbis-serien","7":"pa_brands-apollo-fire-detectors","8":"tm-no-options","10":"first","11":"instock","12":"taxable","13":"shipping-taxable","14":"purchasable","15":"product-type-simple"},"acf":[],"_links":{"self":[{"href":"https:\/\/secureus.se\/fr\/wp-json\/wp\/v2\/product\/149988","targetHints":{"allow":["GET"]}}],"collection":[{"href":"https:\/\/secureus.se\/fr\/wp-json\/wp\/v2\/product"}],"about":[{"href":"https:\/\/secureus.se\/fr\/wp-json\/wp\/v2\/types\/product"}],"wp:featuredmedia":[{"embeddable":true,"href":"https:\/\/secureus.se\/fr\/wp-json\/wp\/v2\/media\/149987"}],"wp:attachment":[{"href":"https:\/\/secureus.se\/fr\/wp-json\/wp\/v2\/media?parent=149988"}],"wp:term":[{"taxonomy":"product_brand","embeddable":true,"href":"https:\/\/secureus.se\/fr\/wp-json\/wp\/v2\/product_brand?post=149988"},{"taxonomy":"product_cat","embeddable":true,"href":"https:\/\/secureus.se\/fr\/wp-json\/wp\/v2\/product_cat?post=149988"},{"taxonomy":"product_tag","embeddable":true,"href":"https:\/\/secureus.se\/fr\/wp-json\/wp\/v2\/product_tag?post=149988"}],"curies":[{"name":"wp","href":"https:\/\/api.w.org\/{rel}","templated":true}]}}