{"id":149990,"date":"2025-04-03T14:11:14","date_gmt":"2025-04-03T12:11:14","guid":{"rendered":"https:\/\/secureus.se\/apollo-orb-mb-00001-apo-orbis-series-kontinuitetsbrytare-timesaver-base-vit\/"},"modified":"2026-04-09T11:29:38","modified_gmt":"2026-04-09T09:29:38","slug":"apollo-orb-mb-00001-apo-orbis-series-kontinuitetsbrytare-timesaver-base-vit","status":"publish","type":"product","link":"https:\/\/secureus.se\/fr\/apollo-orb-mb-00001-apo-orbis-series-kontinuitetsbrytare-timesaver-base-vit\/","title":{"rendered":"Interrupteur de continuit\u00e9 Apollo ORB-MB-00001-APO, s\u00e9rie Orbis, base TimeSaver, blanc"},"content":{"rendered":"<h1>Interrupteur de continuit\u00e9 Apollo ORB-MB-00001-APO s\u00e9rie Orbis, base TimeSaver<\/h1>\n<p class=\"\" data-start=\"472\" data-end=\"897\">La base TimeSaver du commutateur de continuit\u00e9 Apollo Orbis est con\u00e7ue pour optimiser l&#039;installation des d\u00e9tecteurs d&#039;incendie en offrant une surface de travail ouverte avec des trous de montage qui permettent un montage rapide et facile.<\/p>\n<p class=\"\" data-start=\"472\" data-end=\"897\">La base est livr\u00e9e avec un rep\u00e8re d&#039;alignement LED, qui permet \u00e0 l&#039;installateur de positionner correctement les d\u00e9tecteurs pour garantir que les LED sont orient\u00e9es dans la bonne direction.<\/p>\n<p class=\"\" data-start=\"899\" data-end=\"1390\">La base TimeSaver est une solution parfaite pour une utilisation avec les mod\u00e8les Apollo Series 65 et ant\u00e9rieurs de d\u00e9tecteurs conventionnels.<\/p>\n<p class=\"\" data-start=\"899\" data-end=\"1390\">Il est con\u00e7u pour \u00eatre \u00e0 la fois fonctionnel et fiable avec un marquage CE et une conformit\u00e9 aux normes de s\u00e9curit\u00e9 applicables.<\/p>\n<p class=\"\" data-start=\"899\" data-end=\"1390\">La base est en mat\u00e9riau PC et a une profondeur de 20 mm, ce qui assure une installation durable et stable.<\/p>\n<p class=\"\" data-start=\"899\" data-end=\"1390\">Avec ses deux points de fixation et sa conception robuste, il peut \u00eatre utilis\u00e9 dans divers syst\u00e8mes de s\u00e9curit\u00e9 pour assurer une d\u00e9tection efficace.<\/p>\n<p class=\"\" data-start=\"1392\" data-end=\"1422\"><strong data-start=\"1392\" data-end=\"1420\">Caract\u00e9ristiques principales\u00a0:<\/strong><\/p>\n<ul data-start=\"1423\" data-end=\"1660\">\n<li class=\"\" data-start=\"1423\" data-end=\"1442\">\n<p class=\"\" data-start=\"1425\" data-end=\"1442\">Deux points d&#039;attache<\/p>\n<\/li>\n<li class=\"\" data-start=\"1443\" data-end=\"1467\">\n<p class=\"\" data-start=\"1445\" data-end=\"1467\">Marque d&#039;alignement des LED<\/p>\n<\/li>\n<li class=\"\" data-start=\"1468\" data-end=\"1520\">\n<p class=\"\" data-start=\"1470\" data-end=\"1520\">Appareils pris en charge\u00a0: d\u00e9tecteur de chaleur, d\u00e9tecteur de fum\u00e9e<\/p>\n<\/li>\n<li class=\"\" data-start=\"1521\" data-end=\"1595\">\n<p class=\"\" data-start=\"1523\" data-end=\"1595\">Compatible avec la s\u00e9rie Apollo 65 et les d\u00e9tecteurs conventionnels pr\u00e9c\u00e9dents<\/p>\n<\/li>\n<li class=\"\" data-start=\"1596\" data-end=\"1660\">\n<p class=\"\" data-start=\"1598\" data-end=\"1660\">Marqu\u00e9 CE et certifi\u00e9 pour une utilisation dans les syst\u00e8mes de s\u00e9curit\u00e9<\/p>\n<\/li>\n<\/ul>\n<p class=\"\" data-start=\"1662\" data-end=\"1693\"><strong data-start=\"1662\" data-end=\"1691\">Sp\u00e9cifications techniques\u00a0:<\/strong><\/p>\n<ul data-start=\"1694\" data-end=\"1875\">\n<li class=\"\" data-start=\"1694\" data-end=\"1709\">\n<p class=\"\" data-start=\"1696\" data-end=\"1709\">Profondeur : 20 mm<\/p>\n<\/li>\n<li class=\"\" data-start=\"1710\" data-end=\"1726\">\n<p class=\"\" data-start=\"1712\" data-end=\"1726\">Couleur: Argent<\/p>\n<\/li>\n<li class=\"\" data-start=\"1727\" data-end=\"1758\">\n<p class=\"\" data-start=\"1729\" data-end=\"1758\">Mat\u00e9riau : PC (polycarbonate)<\/p>\n<\/li>\n<li class=\"\" data-start=\"1759\" data-end=\"1801\">\n<p class=\"\" data-start=\"1761\" data-end=\"1801\">Certifications : Marquage CE, Conforme<\/p>\n<\/li>\n<li class=\"\" data-start=\"1802\" data-end=\"1875\">\n<p class=\"\" data-start=\"1804\" data-end=\"1875\">Compatibilit\u00e9 : Apollo Series 65 et d\u00e9tecteurs conventionnels ant\u00e9rieurs<\/p>\n<\/li>\n<\/ul>","protected":false},"excerpt":{"rendered":"<p>Le commutateur de continuit\u00e9 Apollo Orbis TimeSaver Base offre une solution efficace pour une installation rapide des d\u00e9tecteurs d&#039;incendie.<\/p>\n<p>Avec deux points de fixation et un rep\u00e8re d&#039;alignement LED, il rend l&#039;installation facile et rapide. Il est compatible avec la s\u00e9rie Apollo 65 et les d\u00e9tecteurs conventionnels pr\u00e9c\u00e9dents.<\/p>","protected":false},"featured_media":149989,"template":"","meta":{"_acf_changed":false},"product_brand":[],"product_cat":[4749],"product_tag":[],"class_list":{"0":"post-149990","1":"product","2":"type-product","3":"status-publish","4":"has-post-thumbnail","6":"product_cat-orbis-serien","7":"pa_brands-apollo-fire-detectors","8":"tm-no-options","10":"first","11":"instock","12":"taxable","13":"shipping-taxable","14":"purchasable","15":"product-type-simple"},"acf":[],"_links":{"self":[{"href":"https:\/\/secureus.se\/fr\/wp-json\/wp\/v2\/product\/149990","targetHints":{"allow":["GET"]}}],"collection":[{"href":"https:\/\/secureus.se\/fr\/wp-json\/wp\/v2\/product"}],"about":[{"href":"https:\/\/secureus.se\/fr\/wp-json\/wp\/v2\/types\/product"}],"wp:featuredmedia":[{"embeddable":true,"href":"https:\/\/secureus.se\/fr\/wp-json\/wp\/v2\/media\/149989"}],"wp:attachment":[{"href":"https:\/\/secureus.se\/fr\/wp-json\/wp\/v2\/media?parent=149990"}],"wp:term":[{"taxonomy":"product_brand","embeddable":true,"href":"https:\/\/secureus.se\/fr\/wp-json\/wp\/v2\/product_brand?post=149990"},{"taxonomy":"product_cat","embeddable":true,"href":"https:\/\/secureus.se\/fr\/wp-json\/wp\/v2\/product_cat?post=149990"},{"taxonomy":"product_tag","embeddable":true,"href":"https:\/\/secureus.se\/fr\/wp-json\/wp\/v2\/product_tag?post=149990"}],"curies":[{"name":"wp","href":"https:\/\/api.w.org\/{rel}","templated":true}]}}