{"id":149992,"date":"2025-04-03T14:11:14","date_gmt":"2025-04-03T12:11:14","guid":{"rendered":"https:\/\/secureus.se\/apollo-orb-mb-50018-apo-orbis-series-egensaker-timesaver-bas-vit\/"},"modified":"2026-04-09T11:29:49","modified_gmt":"2026-04-09T09:29:49","slug":"apollo-orb-mb-50018-apo-orbis-series-egensaker-timesaver-bas-vit","status":"publish","type":"product","link":"https:\/\/secureus.se\/fr\/apollo-orb-mb-50018-apo-orbis-series-egensaker-timesaver-bas-vit\/","title":{"rendered":"Apollo ORB-MB-50018-APO Orbis Series base TimeSaver \u00e0 s\u00e9curit\u00e9 intrins\u00e8que, blanche"},"content":{"rendered":"<h1>Base TimeSaver \u00e0 s\u00e9curit\u00e9 intrins\u00e8que Apollo ORB-MB-50018-APO Orbis Series<\/h1>\n<p class=\"\" data-start=\"558\" data-end=\"1130\">Apollo Orbis IS TimeSaver Base est une solution innovante pour les d\u00e9tecteurs d&#039;incendie qui simplifie \u00e0 la fois l&#039;installation et l&#039;utilisation.<\/p>\n<p class=\"\" data-start=\"558\" data-end=\"1130\">Il est sp\u00e9cialement con\u00e7u pour \u00eatre intrins\u00e8quement s\u00fbr, ce qui lui permet d&#039;\u00eatre utilis\u00e9 dans des environnements dangereux.<\/p>\n<p class=\"\" data-start=\"558\" data-end=\"1130\">La base poss\u00e8de deux points de fixation et est livr\u00e9e avec des rep\u00e8res d&#039;alignement LED pour une installation facile et une orientation correcte des d\u00e9tecteurs avec indicateurs LED.<\/p>\n<p class=\"\" data-start=\"558\" data-end=\"1130\">De plus, les vis des bornes sont fix\u00e9es pour \u00e9viter qu&#039;elles ne tombent lors de l&#039;installation, ce qui permet de gagner du temps et de faciliter le travail des installateurs.<\/p>\n<p class=\"\" data-start=\"1132\" data-end=\"1520\">Le produit est marqu\u00e9 CE et r\u00e9pond aux exigences de la directive sur les \u00e9quipements marins 2014\/90\/UE, ce qui le rend adapt\u00e9 \u00e0 une utilisation sur les navires.<\/p>\n<p class=\"\" data-start=\"1132\" data-end=\"1520\">Avec plusieurs points de fixation et un guide d&#039;extraction de c\u00e2ble, la base Orbis IS TimeSaver rend l&#039;installation rapide et pratique.<\/p>\n<p class=\"\" data-start=\"1132\" data-end=\"1520\">La base prend en charge des d\u00e9tecteurs tels que le d\u00e9tecteur de chaleur et le d\u00e9tecteur de fum\u00e9e et peut \u00eatre utilis\u00e9e dans des syst\u00e8mes n\u00e9cessitant un fonctionnement s\u00fbr et stable dans des zones dangereuses.<\/p>\n<p class=\"\" data-start=\"1522\" data-end=\"1552\"><strong data-start=\"1522\" data-end=\"1550\">Caract\u00e9ristiques principales\u00a0:<\/strong><\/p>\n<ul data-start=\"1553\" data-end=\"1871\">\n<li class=\"\" data-start=\"1553\" data-end=\"1572\">\n<p class=\"\" data-start=\"1555\" data-end=\"1572\">Deux points d&#039;attache<\/p>\n<\/li>\n<li class=\"\" data-start=\"1573\" data-end=\"1597\">\n<p class=\"\" data-start=\"1575\" data-end=\"1597\">Marque d&#039;alignement des LED<\/p>\n<\/li>\n<li class=\"\" data-start=\"1598\" data-end=\"1650\">\n<p class=\"\" data-start=\"1600\" data-end=\"1650\">Appareils pris en charge\u00a0: d\u00e9tecteur de chaleur, d\u00e9tecteur de fum\u00e9e<\/p>\n<\/li>\n<li class=\"\" data-start=\"1651\" data-end=\"1697\">\n<p class=\"\" data-start=\"1653\" data-end=\"1697\">Bornes group\u00e9es pour un c\u00e2blage facile<\/p>\n<\/li>\n<li class=\"\" data-start=\"1698\" data-end=\"1774\">\n<p class=\"\" data-start=\"1700\" data-end=\"1774\">Marqu\u00e9 CE et certifi\u00e9 selon la directive sur les \u00e9quipements marins 2014\/90\/UE<\/p>\n<\/li>\n<li class=\"\" data-start=\"1775\" data-end=\"1811\">\n<p class=\"\" data-start=\"1777\" data-end=\"1811\">Support pour blindage s\u00e9curis\u00e9 des c\u00e2bles<\/p>\n<\/li>\n<li class=\"\" data-start=\"1812\" data-end=\"1871\">\n<p class=\"\" data-start=\"1814\" data-end=\"1871\">Conception intrins\u00e8quement s\u00fbre pour une utilisation dans des environnements dangereux<\/p>\n<\/li>\n<\/ul>\n<p class=\"\" data-start=\"1873\" data-end=\"1904\"><strong data-start=\"1873\" data-end=\"1902\">Sp\u00e9cifications techniques\u00a0:<\/strong><\/p>\n<ul data-start=\"1905\" data-end=\"2038\">\n<li class=\"\" data-start=\"1905\" data-end=\"1921\">\n<p class=\"\" data-start=\"1907\" data-end=\"1921\">Couleur: Argent<\/p>\n<\/li>\n<li class=\"\" data-start=\"1922\" data-end=\"1950\">\n<p class=\"\" data-start=\"1924\" data-end=\"1950\">Certifications : Marquage CE<\/p>\n<\/li>\n<li class=\"\" data-start=\"1951\" data-end=\"1994\">\n<p class=\"\" data-start=\"1953\" data-end=\"1994\">S\u00e9curit\u00e9 intrins\u00e8que selon ATEX et IECEx<\/p>\n<\/li>\n<li class=\"\" data-start=\"1995\" data-end=\"2038\">\n<p class=\"\" data-start=\"1997\" data-end=\"2038\">Compatible avec les d\u00e9tecteurs de chaleur et de fum\u00e9e<\/p>\n<\/li>\n<\/ul>","protected":false},"excerpt":{"rendered":"<p>La base Apollo Orbis IS TimeSaver est une base intrins\u00e8quement s\u00fbre con\u00e7ue pour une installation rapide et facile.<\/p>\n<p>Equip\u00e9 de deux points de fixation et d&#039;un rep\u00e8re d&#039;alignement LED, il offre \u00e0 l&#039;installateur une surface de travail efficace pour le montage de d\u00e9tecteurs tels que les d\u00e9tecteurs de chaleur et de fum\u00e9e.<\/p>\n<p>La base marqu\u00e9e CE est conforme aux normes de s\u00e9curit\u00e9 et facilite l&#039;installation gr\u00e2ce \u00e0 ses bornes connect\u00e9es en groupe.<\/p>","protected":false},"featured_media":149991,"template":"","meta":{"_acf_changed":false},"product_brand":[],"product_cat":[4749],"product_tag":[],"class_list":{"0":"post-149992","1":"product","2":"type-product","3":"status-publish","4":"has-post-thumbnail","6":"product_cat-orbis-serien","7":"pa_brands-apollo-fire-detectors","8":"tm-no-options","10":"first","11":"instock","12":"taxable","13":"shipping-taxable","14":"purchasable","15":"product-type-simple"},"acf":[],"_links":{"self":[{"href":"https:\/\/secureus.se\/fr\/wp-json\/wp\/v2\/product\/149992","targetHints":{"allow":["GET"]}}],"collection":[{"href":"https:\/\/secureus.se\/fr\/wp-json\/wp\/v2\/product"}],"about":[{"href":"https:\/\/secureus.se\/fr\/wp-json\/wp\/v2\/types\/product"}],"wp:featuredmedia":[{"embeddable":true,"href":"https:\/\/secureus.se\/fr\/wp-json\/wp\/v2\/media\/149991"}],"wp:attachment":[{"href":"https:\/\/secureus.se\/fr\/wp-json\/wp\/v2\/media?parent=149992"}],"wp:term":[{"taxonomy":"product_brand","embeddable":true,"href":"https:\/\/secureus.se\/fr\/wp-json\/wp\/v2\/product_brand?post=149992"},{"taxonomy":"product_cat","embeddable":true,"href":"https:\/\/secureus.se\/fr\/wp-json\/wp\/v2\/product_cat?post=149992"},{"taxonomy":"product_tag","embeddable":true,"href":"https:\/\/secureus.se\/fr\/wp-json\/wp\/v2\/product_tag?post=149992"}],"curies":[{"name":"wp","href":"https:\/\/api.w.org\/{rel}","templated":true}]}}