{"id":149994,"date":"2025-04-03T14:11:13","date_gmt":"2025-04-03T12:11:13","guid":{"rendered":"https:\/\/secureus.se\/apollo-45681-519apo-orbis-series-vattentat-uppvarmd-basskydd\/"},"modified":"2026-05-06T14:07:53","modified_gmt":"2026-05-06T12:07:53","slug":"apollo-45681-519apo-orbis-series-vattentat-uppvarmd-basskydd","status":"publish","type":"product","link":"https:\/\/secureus.se\/fr\/apollo-45681-519apo-orbis-series-vattentat-uppvarmd-basskydd\/","title":{"rendered":"Apollo 45681-519APO S\u00e9rie Orbis, Housse de base chauffante \u00e9tanche"},"content":{"rendered":"<h1>Apollo 45681-519APO S\u00e9rie Orbis, Housse de base chauffante \u00e9tanche<\/h1>\n<p>La housse de base chauffante \u00e9tanche Apollo Orbis Series (mod\u00e8le 45681-519APO) est un accessoire indispensable pour votre base chauffante Orbis.<\/p>\n<p>Le couvercle est con\u00e7u pour prot\u00e9ger contre les intemp\u00e9ries et pr\u00e9server l&#039;int\u00e9grit\u00e9 de l&#039;appareil dans toutes les conditions.<\/p>\n<p>Gr\u00e2ce \u00e0 sa construction r\u00e9sistante \u00e0 l&#039;eau, cette housse prot\u00e8ge votre base chauffante de l&#039;humidit\u00e9 et des dommages pouvant survenir dans des conditions m\u00e9t\u00e9orologiques difficiles.<\/p>\n<p class=\"\" data-start=\"845\" data-end=\"1109\">Cette housse de base est un composant fiable et important pour assurer la durabilit\u00e9 et la fonctionnalit\u00e9 \u00e0 long terme de votre base chauffante Orbis. Le produit est marqu\u00e9 CE et r\u00e9pond aux exigences de s\u00e9curit\u00e9 pertinentes pour offrir aux utilisateurs une tranquillit\u00e9 d&#039;esprit lors de l&#039;installation et de l&#039;utilisation.<\/p>\n<p class=\"\" data-start=\"1111\" data-end=\"1141\"><strong data-start=\"1111\" data-end=\"1139\">Caract\u00e9ristiques principales\u00a0:<\/strong><\/p>\n<ul data-start=\"1142\" data-end=\"1289\">\n<li class=\"\" data-start=\"1142\" data-end=\"1197\">\n<p class=\"\" data-start=\"1144\" data-end=\"1197\">Housse imperm\u00e9able con\u00e7ue pour la base Orbis \u2013 Chauffante<\/p>\n<\/li>\n<li class=\"\" data-start=\"1198\" data-end=\"1213\">\n<p class=\"\" data-start=\"1200\" data-end=\"1213\">Marquage CE<\/p>\n<\/li>\n<li class=\"\" data-start=\"1214\" data-end=\"1289\">\n<p class=\"\" data-start=\"1216\" data-end=\"1289\">Assure une protection et une fonctionnalit\u00e9 durables dans toutes les conditions m\u00e9t\u00e9orologiques<\/p>\n<\/li>\n<\/ul>\n<p class=\"\" data-start=\"1291\" data-end=\"1322\"><strong data-start=\"1291\" data-end=\"1320\">Sp\u00e9cifications techniques\u00a0:<\/strong><\/p>\n<ul data-start=\"1323\" data-end=\"1460\">\n<li class=\"\" data-start=\"1323\" data-end=\"1360\">\n<p class=\"\" data-start=\"1325\" data-end=\"1360\">Compatibilit\u00e9 : Orbis Base Chauffante<\/p>\n<\/li>\n<li class=\"\" data-start=\"1361\" data-end=\"1392\">\n<p class=\"\" data-start=\"1363\" data-end=\"1392\">Certifications : Marquage CE<\/p>\n<\/li>\n<li class=\"\" data-start=\"1393\" data-end=\"1460\">\n<p class=\"\" data-start=\"1395\" data-end=\"1460\">Autre : Construction r\u00e9sistante \u00e0 l&#039;eau pour une meilleure protection et durabilit\u00e9<\/p>\n<\/li>\n<\/ul>","protected":false},"excerpt":{"rendered":"<p>La housse de base chauffante imperm\u00e9able de la s\u00e9rie Apollo Orbis est con\u00e7ue pour offrir une protection et une durabilit\u00e9 maximales \u00e0 votre base chauffante Orbis.<\/p>\n<p>Cette solution imperm\u00e9able garantit que votre base reste prot\u00e9g\u00e9e dans toutes les conditions m\u00e9t\u00e9orologiques et conserve sa fonctionnalit\u00e9.<\/p>","protected":false},"featured_media":149993,"template":"","meta":{"_acf_changed":false},"product_brand":[],"product_cat":[4749],"product_tag":[],"class_list":{"0":"post-149994","1":"product","2":"type-product","3":"status-publish","4":"has-post-thumbnail","6":"product_cat-orbis-serien","7":"pa_brands-apollo-fire-detectors","8":"tm-no-options","10":"first","11":"instock","12":"sale","13":"taxable","14":"shipping-taxable","15":"purchasable","16":"product-type-simple"},"acf":[],"_links":{"self":[{"href":"https:\/\/secureus.se\/fr\/wp-json\/wp\/v2\/product\/149994","targetHints":{"allow":["GET"]}}],"collection":[{"href":"https:\/\/secureus.se\/fr\/wp-json\/wp\/v2\/product"}],"about":[{"href":"https:\/\/secureus.se\/fr\/wp-json\/wp\/v2\/types\/product"}],"wp:featuredmedia":[{"embeddable":true,"href":"https:\/\/secureus.se\/fr\/wp-json\/wp\/v2\/media\/149993"}],"wp:attachment":[{"href":"https:\/\/secureus.se\/fr\/wp-json\/wp\/v2\/media?parent=149994"}],"wp:term":[{"taxonomy":"product_brand","embeddable":true,"href":"https:\/\/secureus.se\/fr\/wp-json\/wp\/v2\/product_brand?post=149994"},{"taxonomy":"product_cat","embeddable":true,"href":"https:\/\/secureus.se\/fr\/wp-json\/wp\/v2\/product_cat?post=149994"},{"taxonomy":"product_tag","embeddable":true,"href":"https:\/\/secureus.se\/fr\/wp-json\/wp\/v2\/product_tag?post=149994"}],"curies":[{"name":"wp","href":"https:\/\/api.w.org\/{rel}","templated":true}]}}