{"id":149996,"date":"2025-04-03T14:11:10","date_gmt":"2025-04-03T12:11:10","guid":{"rendered":"https:\/\/secureus.se\/apollo-pp2632-orbis-series-optisk-rokdetektor-vit\/"},"modified":"2026-04-23T13:20:16","modified_gmt":"2026-04-23T11:20:16","slug":"apollo-pp2632-orbis-series-optisk-rokdetektor-vit","status":"publish","type":"product","link":"https:\/\/secureus.se\/fr\/apollo-pp2632-orbis-series-optisk-rokdetektor-vit\/","title":{"rendered":"D\u00e9tecteur de fum\u00e9e optique Apollo PP2632 s\u00e9rie Orbis, blanc"},"content":{"rendered":"<h1>D\u00e9tecteur de fum\u00e9e optique Apollo PP2632 s\u00e9rie Orbis<\/h1>\n<p class=\"\" data-start=\"521\" data-end=\"960\">Le d\u00e9tecteur de fum\u00e9e optique Apollo Orbis est con\u00e7u pour am\u00e9liorer les syst\u00e8mes de d\u00e9tection d&#039;incendie gr\u00e2ce \u00e0 sa technologie de pointe et sa fiabilit\u00e9.<\/p>\n<p class=\"\" data-start=\"521\" data-end=\"960\">En utilisant le principe de diffusion de la lumi\u00e8re, il offre une sensibilit\u00e9 am\u00e9lior\u00e9e \u00e0 la fum\u00e9e noire et blanche.<\/p>\n<p class=\"\" data-start=\"521\" data-end=\"960\">L\u2019un des avantages uniques d\u2019Orbis est sa capacit\u00e9 \u00e0 g\u00e9rer efficacement la fum\u00e9e noire, ce qui le distingue des d\u00e9tecteurs de fum\u00e9e traditionnels qui ont de meilleures performances pour la fum\u00e9e blanche.<\/p>\n<p class=\"\" data-start=\"962\" data-end=\"1352\">Une autre caract\u00e9ristique importante est l\u2019algorithme de rejet transitoire, qui r\u00e9duit le nombre de fausses alarmes et garantit que le d\u00e9tecteur ne r\u00e9agit pas aux changements environnementaux ou aux ph\u00e9nom\u00e8nes non li\u00e9s au feu.<\/p>\n<p class=\"\" data-start=\"962\" data-end=\"1352\">La compensation automatique de d\u00e9rive et la technologie DirtAlert\u00ae facilitent l&#039;identification des d\u00e9tecteurs sales gr\u00e2ce \u00e0 une LED jaune clignotante, rendant la maintenance rapide et efficace.<\/p>\n<p class=\"\" data-start=\"1354\" data-end=\"1602\">Avec une temp\u00e9rature de fonctionnement de -40\u00b0C \u00e0 +70\u00b0C et un indice de protection IP23D, ce d\u00e9tecteur est fiable dans les environnements int\u00e9rieurs et ext\u00e9rieurs.<\/p>\n<p class=\"\" data-start=\"1354\" data-end=\"1602\">Il pr\u00e9sente \u00e9galement une faible consommation d&#039;\u00e9nergie et est compatible avec la s\u00e9rie Apollo 65 et les d\u00e9tecteurs conventionnels pr\u00e9c\u00e9dents.<\/p>\n<p class=\"\" data-start=\"1604\" data-end=\"1634\"><strong data-start=\"1604\" data-end=\"1632\">Caract\u00e9ristiques principales\u00a0:<\/strong><\/p>\n<ul data-start=\"1635\" data-end=\"2031\">\n<li class=\"\" data-start=\"1635\" data-end=\"1697\">\n<p class=\"\" data-start=\"1637\" data-end=\"1697\">Algorithmes pour rejeter les transitoires et r\u00e9duire les fausses alarmes<\/p>\n<\/li>\n<li class=\"\" data-start=\"1698\" data-end=\"1792\">\n<p class=\"\" data-start=\"1700\" data-end=\"1792\">Compensation automatique de la d\u00e9rive avec DirtAlert\u00ae pour une identification facile des d\u00e9tecteurs sales<\/p>\n<\/li>\n<li class=\"\" data-start=\"1793\" data-end=\"1832\">\n<p class=\"\" data-start=\"1795\" data-end=\"1832\">Sensibilit\u00e9 am\u00e9lior\u00e9e \u00e0 la fum\u00e9e noire<\/p>\n<\/li>\n<li class=\"\" data-start=\"1833\" data-end=\"1898\">\n<p class=\"\" data-start=\"1835\" data-end=\"1898\">Performances am\u00e9lior\u00e9es pour les feux couvants et \u00e0 combustion rapide<\/p>\n<\/li>\n<li class=\"\" data-start=\"1899\" data-end=\"1973\">\n<p class=\"\" data-start=\"1901\" data-end=\"1973\">Compatible avec la s\u00e9rie Apollo 65 et les d\u00e9tecteurs conventionnels pr\u00e9c\u00e9dents<\/p>\n<\/li>\n<li class=\"\" data-start=\"1974\" data-end=\"2031\">\n<p class=\"\" data-start=\"1976\" data-end=\"2031\">Marqu\u00e9 CE et conforme aux directives CEM et produits de construction<\/p>\n<\/li>\n<\/ul>\n<p class=\"\" data-start=\"2033\" data-end=\"2064\"><strong data-start=\"2033\" data-end=\"2062\">Sp\u00e9cifications techniques\u00a0:<\/strong><\/p>\n<ul data-start=\"2065\" data-end=\"2293\">\n<li class=\"\" data-start=\"2065\" data-end=\"2081\">\n<p class=\"\" data-start=\"2067\" data-end=\"2081\">Couleur: Argent<\/p>\n<\/li>\n<li class=\"\" data-start=\"2082\" data-end=\"2108\">\n<p class=\"\" data-start=\"2084\" data-end=\"2108\">Mat\u00e9riau : Polycarbonate<\/p>\n<\/li>\n<li class=\"\" data-start=\"2109\" data-end=\"2124\">\n<p class=\"\" data-start=\"2111\" data-end=\"2124\">Hauteur : 31 mm<\/p>\n<\/li>\n<li class=\"\" data-start=\"2125\" data-end=\"2144\">\n<p class=\"\" data-start=\"2127\" data-end=\"2144\">Diam\u00e8tre : 97 mm<\/p>\n<\/li>\n<li class=\"\" data-start=\"2145\" data-end=\"2170\">\n<p class=\"\" data-start=\"2147\" data-end=\"2170\">Poids : 75 g (sans base)<\/p>\n<\/li>\n<li class=\"\" data-start=\"2171\" data-end=\"2203\">\n<p class=\"\" data-start=\"2173\" data-end=\"2203\">Alimentation : 8,5\u201333 V CC<\/p>\n<\/li>\n<li class=\"\" data-start=\"2204\" data-end=\"2242\">\n<p class=\"\" data-start=\"2206\" data-end=\"2242\">Temp\u00e9rature de fonctionnement : -40\u00b0C \u00e0 +70\u00b0C<\/p>\n<\/li>\n<li class=\"\" data-start=\"2243\" data-end=\"2271\">\n<p class=\"\" data-start=\"2245\" data-end=\"2271\">Indice de protection IP : IP23D<\/p>\n<\/li>\n<li class=\"\" data-start=\"2272\" data-end=\"2293\">\n<p class=\"\" data-start=\"2274\" data-end=\"2293\">P\u00e9riode de garantie : 10 ans<\/p>\n<\/li>\n<\/ul>","protected":false},"excerpt":{"rendered":"<p>Le d\u00e9tecteur de fum\u00e9e optique Apollo Orbis offre une sensibilit\u00e9 am\u00e9lior\u00e9e \u00e0 la fum\u00e9e noire et r\u00e9duit le risque de fausses alarmes gr\u00e2ce \u00e0 des algorithmes avanc\u00e9s de rejet transitoire.<\/p>\n<p>Dot\u00e9 de la technologie DirtAlert\u00ae pour une compensation automatique de la d\u00e9rive, il avertit par une LED jaune clignotante des d\u00e9tecteurs sales.<\/p>\n<p>Id\u00e9al pour l&#039;alerte pr\u00e9coce en cas d&#039;incendie couvant.<\/p>","protected":false},"featured_media":149995,"template":"","meta":{"_acf_changed":false},"product_brand":[],"product_cat":[4749],"product_tag":[],"class_list":{"0":"post-149996","1":"product","2":"type-product","3":"status-publish","4":"has-post-thumbnail","6":"product_cat-orbis-serien","7":"pa_brands-apollo-fire-detectors","8":"tm-no-options","10":"first","11":"instock","12":"taxable","13":"shipping-taxable","14":"purchasable","15":"product-type-simple"},"acf":[],"_links":{"self":[{"href":"https:\/\/secureus.se\/fr\/wp-json\/wp\/v2\/product\/149996","targetHints":{"allow":["GET"]}}],"collection":[{"href":"https:\/\/secureus.se\/fr\/wp-json\/wp\/v2\/product"}],"about":[{"href":"https:\/\/secureus.se\/fr\/wp-json\/wp\/v2\/types\/product"}],"wp:featuredmedia":[{"embeddable":true,"href":"https:\/\/secureus.se\/fr\/wp-json\/wp\/v2\/media\/149995"}],"wp:attachment":[{"href":"https:\/\/secureus.se\/fr\/wp-json\/wp\/v2\/media?parent=149996"}],"wp:term":[{"taxonomy":"product_brand","embeddable":true,"href":"https:\/\/secureus.se\/fr\/wp-json\/wp\/v2\/product_brand?post=149996"},{"taxonomy":"product_cat","embeddable":true,"href":"https:\/\/secureus.se\/fr\/wp-json\/wp\/v2\/product_cat?post=149996"},{"taxonomy":"product_tag","embeddable":true,"href":"https:\/\/secureus.se\/fr\/wp-json\/wp\/v2\/product_tag?post=149996"}],"curies":[{"name":"wp","href":"https:\/\/api.w.org\/{rel}","templated":true}]}}