{"id":149998,"date":"2025-04-03T14:11:09","date_gmt":"2025-04-03T12:11:09","guid":{"rendered":"https:\/\/secureus.se\/apollo-pp2147-orbis-series-timesaver-detektorbas-med-rela\/"},"modified":"2026-04-09T11:30:26","modified_gmt":"2026-04-09T09:30:26","slug":"apollo-pp2147-orbis-series-timesaver-detektorbas-med-rela","status":"publish","type":"product","link":"https:\/\/secureus.se\/fr\/apollo-pp2147-orbis-series-timesaver-detektorbas-med-rela\/","title":{"rendered":"Base de d\u00e9tecteur TimeSaver Apollo PP2147 Orbis Series avec relais"},"content":{"rendered":"<h1>Base de d\u00e9tecteur TimeSaver Apollo PP2147 Orbis Series avec relais<\/h1>\n<p class=\"\" data-start=\"501\" data-end=\"880\">La base de d\u00e9tecteur Apollo Orbis TimeSaver avec relais est con\u00e7ue pour rationaliser l&#039;installation et le fonctionnement des d\u00e9tecteurs d&#039;incendie.<\/p>\n<p class=\"\" data-start=\"501\" data-end=\"880\">La base est \u00e9quip\u00e9e de bornes group\u00e9es qui simplifient le c\u00e2blage et l&#039;installation, ainsi que de deux points de fixation et d&#039;un rep\u00e8re d&#039;alignement LED qui permet aux installateurs de monter et d&#039;\u00e9talonner correctement les d\u00e9tecteurs.<\/p>\n<p class=\"\" data-start=\"882\" data-end=\"1308\">Le relais sur la base poss\u00e8de un contact inverseur unipolaire sans potentiel qui est activ\u00e9 lorsque le d\u00e9tecteur entre en mode alarme.<\/p>\n<p class=\"\" data-start=\"882\" data-end=\"1308\">Cela permet la connexion \u00e0 des \u00e9quipements et syst\u00e8mes externes, et le relais reste activ\u00e9 jusqu&#039;\u00e0 ce que le d\u00e9tecteur soit r\u00e9initialis\u00e9.<\/p>\n<p class=\"\" data-start=\"882\" data-end=\"1308\">La base dispose \u00e9galement d&#039;un lien de continuit\u00e9 pour faciliter les tests de tension des c\u00e2bles de zone avant la mise en service, garantissant que toutes les connexions fonctionnent correctement avant la mise en service du syst\u00e8me.<\/p>\n<p class=\"\" data-start=\"1310\" data-end=\"1522\">La base est en polycarbonate, ce qui la rend durable et respectueuse de l&#039;environnement.<\/p>\n<p class=\"\" data-start=\"1310\" data-end=\"1522\">Il est marqu\u00e9 CE et b\u00e9n\u00e9ficie d&#039;une garantie de 10 ans, garantissant des performances et une fiabilit\u00e9 \u00e0 long terme du syst\u00e8me de d\u00e9tection d&#039;incendie.<\/p>\n<p class=\"\" data-start=\"1524\" data-end=\"1554\"><strong data-start=\"1524\" data-end=\"1552\">Caract\u00e9ristiques principales\u00a0:<\/strong><\/p>\n<ul data-start=\"1555\" data-end=\"1960\">\n<li class=\"\" data-start=\"1555\" data-end=\"1604\">\n<p class=\"\" data-start=\"1557\" data-end=\"1604\">Bornes group\u00e9es pour un c\u00e2blage facile<\/p>\n<\/li>\n<li class=\"\" data-start=\"1605\" data-end=\"1672\">\n<p class=\"\" data-start=\"1607\" data-end=\"1672\">Deux points de fixation et rep\u00e8re d&#039;alignement LED pour une installation facile<\/p>\n<\/li>\n<li class=\"\" data-start=\"1673\" data-end=\"1754\">\n<p class=\"\" data-start=\"1675\" data-end=\"1754\">Contact de commutation unipolaire pour \u00e9quipement externe (peut commuter jusqu&#039;\u00e0 30 V \u00e0 1 A)<\/p>\n<\/li>\n<li class=\"\" data-start=\"1755\" data-end=\"1811\">\n<p class=\"\" data-start=\"1757\" data-end=\"1811\">Guide pour le d\u00e9nudage des c\u00e2bles et le m\u00e9canisme de verrouillage du d\u00e9tecteur<\/p>\n<\/li>\n<li class=\"\" data-start=\"1812\" data-end=\"1886\">\n<p class=\"\" data-start=\"1814\" data-end=\"1886\">Liaison de continuit\u00e9 pour les tests de tension des c\u00e2bles de zone avant la mise en service<\/p>\n<\/li>\n<li class=\"\" data-start=\"1887\" data-end=\"1925\">\n<p class=\"\" data-start=\"1889\" data-end=\"1925\">Marquage CE et conception respectueuse de l&#039;environnement<\/p>\n<\/li>\n<li class=\"\" data-start=\"1926\" data-end=\"1960\">\n<p class=\"\" data-start=\"1928\" data-end=\"1960\">Compatible avec les d\u00e9tecteurs de fum\u00e9e<\/p>\n<\/li>\n<\/ul>\n<p class=\"\" data-start=\"1962\" data-end=\"1993\"><strong data-start=\"1962\" data-end=\"1991\">Sp\u00e9cifications techniques\u00a0:<\/strong><\/p>\n<ul data-start=\"1994\" data-end=\"2130\">\n<li class=\"\" data-start=\"1994\" data-end=\"2011\">\n<p class=\"\" data-start=\"1996\" data-end=\"2011\">Profondeur : 23,5 mm<\/p>\n<\/li>\n<li class=\"\" data-start=\"2012\" data-end=\"2028\">\n<p class=\"\" data-start=\"2014\" data-end=\"2028\">Couleur: Argent<\/p>\n<\/li>\n<li class=\"\" data-start=\"2029\" data-end=\"2056\">\n<p class=\"\" data-start=\"2031\" data-end=\"2056\">Mat\u00e9riau : Polycarbonate<\/p>\n<\/li>\n<li class=\"\" data-start=\"2057\" data-end=\"2078\">\n<p class=\"\" data-start=\"2059\" data-end=\"2078\">P\u00e9riode de garantie : 10 ans<\/p>\n<\/li>\n<li class=\"\" data-start=\"2079\" data-end=\"2110\">\n<p class=\"\" data-start=\"2081\" data-end=\"2110\">Certifications : Marquage CE<\/p>\n<\/li>\n<li class=\"\" data-start=\"2111\" data-end=\"2130\">\n<p class=\"\" data-start=\"2113\" data-end=\"2130\">\u00c9cologique : Oui<\/p>\n<\/li>\n<\/ul>","protected":false},"excerpt":{"rendered":"<p>La base de d\u00e9tecteur Apollo Orbis TimeSaver avec relais offre une solution d&#039;installation simple et rapide avec des bornes group\u00e9es pour le c\u00e2blage, deux points de fixation et un rep\u00e8re d&#039;alignement LED.<\/p>\n<p>Le relais est activ\u00e9 lorsque le d\u00e9tecteur passe en mode alarme, permettant une connexion facile d&#039;\u00e9quipements externes.<\/p>","protected":false},"featured_media":149997,"template":"","meta":{"_acf_changed":false},"product_brand":[],"product_cat":[4749],"product_tag":[],"class_list":{"0":"post-149998","1":"product","2":"type-product","3":"status-publish","4":"has-post-thumbnail","6":"product_cat-orbis-serien","7":"pa_brands-apollo-fire-detectors","8":"tm-no-options","10":"first","11":"instock","12":"taxable","13":"shipping-taxable","14":"purchasable","15":"product-type-simple"},"acf":[],"_links":{"self":[{"href":"https:\/\/secureus.se\/fr\/wp-json\/wp\/v2\/product\/149998","targetHints":{"allow":["GET"]}}],"collection":[{"href":"https:\/\/secureus.se\/fr\/wp-json\/wp\/v2\/product"}],"about":[{"href":"https:\/\/secureus.se\/fr\/wp-json\/wp\/v2\/types\/product"}],"wp:featuredmedia":[{"embeddable":true,"href":"https:\/\/secureus.se\/fr\/wp-json\/wp\/v2\/media\/149997"}],"wp:attachment":[{"href":"https:\/\/secureus.se\/fr\/wp-json\/wp\/v2\/media?parent=149998"}],"wp:term":[{"taxonomy":"product_brand","embeddable":true,"href":"https:\/\/secureus.se\/fr\/wp-json\/wp\/v2\/product_brand?post=149998"},{"taxonomy":"product_cat","embeddable":true,"href":"https:\/\/secureus.se\/fr\/wp-json\/wp\/v2\/product_cat?post=149998"},{"taxonomy":"product_tag","embeddable":true,"href":"https:\/\/secureus.se\/fr\/wp-json\/wp\/v2\/product_tag?post=149998"}],"curies":[{"name":"wp","href":"https:\/\/api.w.org\/{rel}","templated":true}]}}