{"id":150002,"date":"2025-04-03T14:07:52","date_gmt":"2025-04-03T12:07:52","guid":{"rendered":"https:\/\/secureus.se\/apollo-55100-940apo-xp95-series-egenkontrollerad-manuell-anropspunkt\/"},"modified":"2026-04-09T11:30:49","modified_gmt":"2026-04-09T09:30:49","slug":"apollo-55100-940apo-xp95-series-egenkontrollerad-manuell-anropspunkt","status":"publish","type":"product","link":"https:\/\/secureus.se\/fr\/apollo-55100-940apo-xp95-series-egenkontrollerad-manuell-anropspunkt\/","title":{"rendered":"Point d&#039;appel manuel autocontr\u00f4l\u00e9 Apollo 55100-940APO s\u00e9rie XP95"},"content":{"rendered":"<h1>Point d&#039;appel manuel autocontr\u00f4l\u00e9 Apollo 55100-940APO s\u00e9rie XP95<\/h1>\n<p>Le point d&#039;appel manuel (MCP) Apollo XP95 IS est un appareil robuste et fiable con\u00e7u pour \u00eatre utilis\u00e9 dans des atmosph\u00e8res explosives et des environnements dangereux.<\/p>\n<p>Il fonctionne dans une plage de tension de 14 \u00e0 22 V CC et est \u00e9quip\u00e9 d&#039;un commutateur DIL pour un r\u00e9glage d&#039;adresse facile.<\/p>\n<p>Lors de l&#039;activation, le MCP signale rapidement son adresse au panneau de contr\u00f4le d&#039;incendie, permettant ainsi de signaler l&#039;\u00e9tat de l&#039;alarme et la position en moins de 0,2 seconde.<\/p>\n<p>Le point d&#039;appel manuel dispose d&#039;une LED d&#039;alarme rouge qui s&#039;allume lorsqu&#039;elle est activ\u00e9e, et la r\u00e9initialisation s&#039;effectue facilement via une touche de test et en appuyant sur le capot avant.<\/p>\n<p>Pour faciliter l&#039;installation, le MCP dispose d&#039;une solution de bornier pour un c\u00e2blage rapide, ce qui r\u00e9duit consid\u00e9rablement le temps d&#039;installation.<\/p>\n<p>Il est \u00e9galement con\u00e7u pour \u00eatre \u00e9tanche et r\u00e9sistant aux intemp\u00e9ries (IP67), ce qui le rend adapt\u00e9 aux installations int\u00e9rieures et ext\u00e9rieures.<\/p>\n<p>L&#039;Apollo 55100-940APO est certifi\u00e9 selon plusieurs normes internationales, notamment ATEX et IECEx, et b\u00e9n\u00e9ficie d&#039;une garantie de 10 ans.<\/p>\n<p class=\"\" data-start=\"1606\" data-end=\"1636\"><strong data-start=\"1606\" data-end=\"1634\">Caract\u00e9ristiques principales\u00a0:<\/strong><\/p>\n<ul data-start=\"1637\" data-end=\"1999\">\n<li class=\"\" data-start=\"1637\" data-end=\"1676\">\n<p class=\"\" data-start=\"1639\" data-end=\"1676\">\u00c9tanche et r\u00e9sistant aux intemp\u00e9ries (IP67)<\/p>\n<\/li>\n<li class=\"\" data-start=\"1677\" data-end=\"1744\">\n<p class=\"\" data-start=\"1679\" data-end=\"1744\">Con\u00e7u pour une utilisation dans des atmosph\u00e8res explosives (ATEX, IECEx)<\/p>\n<\/li>\n<li class=\"\" data-start=\"1745\" data-end=\"1808\">\n<p class=\"\" data-start=\"1747\" data-end=\"1808\">Connexions de bornes \u00ab Plug and Play \u00bb pour une installation rapide<\/p>\n<\/li>\n<li class=\"\" data-start=\"1809\" data-end=\"1852\">\n<p class=\"\" data-start=\"1811\" data-end=\"1852\">LED d&#039;alarme rouge pour une indication facile de l&#039;\u00e9tat<\/p>\n<\/li>\n<li class=\"\" data-start=\"1853\" data-end=\"1908\">\n<p class=\"\" data-start=\"1855\" data-end=\"1908\">Signalement d&#039;adresse lors de l&#039;activation pour une r\u00e9ponse rapide<\/p>\n<\/li>\n<li class=\"\" data-start=\"1909\" data-end=\"1940\">\n<p class=\"\" data-start=\"1911\" data-end=\"1940\">R\u00e9initialisable via la cl\u00e9 de test<\/p>\n<\/li>\n<li class=\"\" data-start=\"1941\" data-end=\"1999\">\n<p class=\"\" data-start=\"1943\" data-end=\"1999\">Compatible avec les installations int\u00e9rieures et ext\u00e9rieures<\/p>\n<\/li>\n<\/ul>\n<p class=\"\" data-start=\"2001\" data-end=\"2032\"><strong data-start=\"2001\" data-end=\"2030\">Sp\u00e9cifications techniques\u00a0:<\/strong><\/p>\n<ul data-start=\"2033\" data-end=\"2340\">\n<li class=\"\" data-start=\"2033\" data-end=\"2046\">\n<p class=\"\" data-start=\"2035\" data-end=\"2046\">Couleur : Rouge<\/p>\n<\/li>\n<li class=\"\" data-start=\"2047\" data-end=\"2082\">\n<p class=\"\" data-start=\"2049\" data-end=\"2082\">Dimensions : 99 mm x 94,5 mm x 73,5 mm<\/p>\n<\/li>\n<li class=\"\" data-start=\"2083\" data-end=\"2098\">\n<p class=\"\" data-start=\"2085\" data-end=\"2098\">Poids : 240 g<\/p>\n<\/li>\n<li class=\"\" data-start=\"2099\" data-end=\"2125\">\n<p class=\"\" data-start=\"2101\" data-end=\"2125\">Mat\u00e9riau : Polycarbonate<\/p>\n<\/li>\n<li class=\"\" data-start=\"2126\" data-end=\"2160\">\n<p class=\"\" data-start=\"2128\" data-end=\"2160\">Plage de tension : 14-22 V CC<\/p>\n<\/li>\n<li class=\"\" data-start=\"2161\" data-end=\"2227\">\n<p class=\"\" data-start=\"2163\" data-end=\"2227\">Temp\u00e9rature de fonctionnement : -20\u00b0C \u00e0 +70\u00b0C (T5), -20\u00b0C \u00e0 +60\u00b0C (T4)<\/p>\n<\/li>\n<li class=\"\" data-start=\"2228\" data-end=\"2255\">\n<p class=\"\" data-start=\"2230\" data-end=\"2255\">Indice de protection IP : IP67<\/p>\n<\/li>\n<li class=\"\" data-start=\"2256\" data-end=\"2318\">\n<p class=\"\" data-start=\"2258\" data-end=\"2318\">Certifications : marquage CE, ATEX, IECEx, MED, UL et plus<\/p>\n<\/li>\n<li class=\"\" data-start=\"2319\" data-end=\"2340\">\n<p class=\"\" data-start=\"2321\" data-end=\"2340\">P\u00e9riode de garantie : 10 ans<\/p>\n<\/li>\n<\/ul>","protected":false},"excerpt":{"rendered":"<p>Le point d&#039;appel manuel de s\u00e9curit\u00e9 intrins\u00e8que (MCP) de la s\u00e9rie Apollo XP95 est con\u00e7u pour \u00eatre utilis\u00e9 dans des atmosph\u00e8res potentiellement explosives.<\/p>\n<p>Il est \u00e9tanche (IP67) et r\u00e9sistant aux intemp\u00e9ries, avec des connexions de bornes \u00ab Plug and Play \u00bb pour une installation rapide.<\/p>\n<p>Lorsqu&#039;il est activ\u00e9, il signale son adresse et fournit une r\u00e9ponse rapide au panneau de contr\u00f4le.<\/p>","protected":false},"featured_media":150001,"template":"","meta":{"_acf_changed":false},"product_brand":[],"product_cat":[4751,4748],"product_tag":[],"class_list":{"0":"post-150002","1":"product","2":"type-product","3":"status-publish","4":"has-post-thumbnail","6":"product_cat-xp95-serien","7":"product_cat-discovery-serien","8":"pa_brands-apollo-fire-detectors","9":"tm-no-options","11":"first","12":"instock","13":"taxable","14":"shipping-taxable","15":"purchasable","16":"product-type-simple"},"acf":[],"_links":{"self":[{"href":"https:\/\/secureus.se\/fr\/wp-json\/wp\/v2\/product\/150002","targetHints":{"allow":["GET"]}}],"collection":[{"href":"https:\/\/secureus.se\/fr\/wp-json\/wp\/v2\/product"}],"about":[{"href":"https:\/\/secureus.se\/fr\/wp-json\/wp\/v2\/types\/product"}],"wp:featuredmedia":[{"embeddable":true,"href":"https:\/\/secureus.se\/fr\/wp-json\/wp\/v2\/media\/150001"}],"wp:attachment":[{"href":"https:\/\/secureus.se\/fr\/wp-json\/wp\/v2\/media?parent=150002"}],"wp:term":[{"taxonomy":"product_brand","embeddable":true,"href":"https:\/\/secureus.se\/fr\/wp-json\/wp\/v2\/product_brand?post=150002"},{"taxonomy":"product_cat","embeddable":true,"href":"https:\/\/secureus.se\/fr\/wp-json\/wp\/v2\/product_cat?post=150002"},{"taxonomy":"product_tag","embeddable":true,"href":"https:\/\/secureus.se\/fr\/wp-json\/wp\/v2\/product_tag?post=150002"}],"curies":[{"name":"wp","href":"https:\/\/api.w.org\/{rel}","templated":true}]}}