{"id":150010,"date":"2025-04-03T14:07:47","date_gmt":"2025-04-03T12:07:47","guid":{"rendered":"https:\/\/secureus.se\/apollo-45681-276apo-xp95-series-monteringsbas-for-kompletterande-flertonljudgivare-85db-a-inomhusbruk-en54-3-kompatibel-vit\/"},"modified":"2026-04-16T15:39:37","modified_gmt":"2026-04-16T13:39:37","slug":"apollo-45681-276apo-xp95-series-monteringsbas-for-kompletterande-flertonljudgivare-85db-a-inomhusbruk-en54-3-kompatibel-vit","status":"publish","type":"product","link":"https:\/\/secureus.se\/fr\/apollo-45681-276apo-xp95-series-monteringsbas-for-kompletterande-flertonljudgivare-85db-a-inomhusbruk-en54-3-kompatibel-vit\/","title":{"rendered":"Apollo 45681-276APO S\u00e9rie XP95, socle de montage pour sir\u00e8ne multi-tons suppl\u00e9mentaire 85 dB A, usage int\u00e9rieur, conforme \u00e0 la norme EN54-3, blanc"},"content":{"rendered":"<h1>Apollo 45681-276APO S\u00e9rie XP95, socle de montage pour sir\u00e8ne multi-tons suppl\u00e9mentaire 85 dB A, usage int\u00e9rieur, conforme \u00e0 la norme EN54-3, blanc<\/h1>\n<p class=\"\" data-start=\"554\" data-end=\"996\">Le sondeur de base auxiliaire Apollo XP95 est un sondeur \u00e0 usage local con\u00e7u pour les environnements int\u00e9rieurs.<\/p>\n<p class=\"\" data-start=\"554\" data-end=\"996\">Il est compatible avec les d\u00e9tecteurs XP95, Discovery et Soteria et est contr\u00f4l\u00e9 par le panneau de commande via un fonctionnement en boucle.<\/p>\n<p class=\"\" data-start=\"554\" data-end=\"996\">L&#039;\u00e9metteur sonore a un niveau sonore garanti de 85 dB(A) \u00e0 une distance de 1 m\u00e8tre, et il utilise seulement 3 mA de courant, ce qui permet de connecter jusqu&#039;\u00e0 126 \u00e9metteurs sonores \u00e0 la m\u00eame boucle.<\/p>\n<p class=\"\" data-start=\"998\" data-end=\"1400\">Cet appareil est \u00e9quip\u00e9 d&#039;un contr\u00f4le de volume r\u00e9glable qui permet de r\u00e9gler le niveau sonore de 70 dB(A) \u00e0 85 dB(A). Le signal sonore est une tonalit\u00e9 altern\u00e9e de 990 Hz et 630 Hz pendant 0,5 seconde chacune, ce qui le rend efficace pour avertir dans diverses situations d&#039;urgence.<\/p>\n<p class=\"\" data-start=\"998\" data-end=\"1400\">\u00c9tant donn\u00e9 que l&#039;appareil r\u00e9pond aux signaux du d\u00e9tecteur ou de la balise associ\u00e9e, il ne n\u00e9cessite pas sa propre adresse, ce qui simplifie l&#039;installation.<\/p>\n<p class=\"\" data-start=\"1402\" data-end=\"1565\">Avec une plage de temp\u00e9rature de fonctionnement de -20\u00b0C \u00e0 +60\u00b0C et un indice de protection IP23D, cet \u00e9metteur audio est fiable et robuste pour une utilisation dans une vari\u00e9t\u00e9 d&#039;environnements int\u00e9rieurs.<\/p>\n<p class=\"\" data-start=\"1567\" data-end=\"1597\"><strong data-start=\"1567\" data-end=\"1595\">Caract\u00e9ristiques principales\u00a0:<\/strong><\/p>\n<ul data-start=\"1598\" data-end=\"1906\">\n<li class=\"\" data-start=\"1598\" data-end=\"1641\">\n<p class=\"\" data-start=\"1600\" data-end=\"1641\">Niveau sonore : 85 dB(A) \u00e0 1 m\u00e8tre de distance<\/p>\n<\/li>\n<li class=\"\" data-start=\"1642\" data-end=\"1668\">\n<p class=\"\" data-start=\"1644\" data-end=\"1668\">Consommation de courant : 3 mA<\/p>\n<\/li>\n<li class=\"\" data-start=\"1669\" data-end=\"1722\">\n<p class=\"\" data-start=\"1671\" data-end=\"1722\">Aliment\u00e9 par boucle, ne n\u00e9cessite aucune alimentation externe<\/p>\n<\/li>\n<li class=\"\" data-start=\"1723\" data-end=\"1770\">\n<p class=\"\" data-start=\"1725\" data-end=\"1770\">Volume r\u00e9glable de 70 dB(A) \u00e0 85 dB(A)<\/p>\n<\/li>\n<li class=\"\" data-start=\"1771\" data-end=\"1816\">\n<p class=\"\" data-start=\"1773\" data-end=\"1816\">Fr\u00e9quences sonores altern\u00e9es : 990 Hz et 630 Hz<\/p>\n<\/li>\n<li class=\"\" data-start=\"1817\" data-end=\"1870\">\n<p class=\"\" data-start=\"1819\" data-end=\"1870\">Compatible avec les syst\u00e8mes XP95, Discovery et Soteria<\/p>\n<\/li>\n<li class=\"\" data-start=\"1871\" data-end=\"1906\">\n<p class=\"\" data-start=\"1873\" data-end=\"1906\">Marqu\u00e9 CE et conforme \u00e0 la norme EN 54-3<\/p>\n<\/li>\n<\/ul>\n<p class=\"\" data-start=\"1908\" data-end=\"1939\"><strong data-start=\"1908\" data-end=\"1937\">Sp\u00e9cifications techniques\u00a0:<\/strong><\/p>\n<ul data-start=\"1940\" data-end=\"2161\">\n<li class=\"\" data-start=\"1940\" data-end=\"1953\">\n<p class=\"\" data-start=\"1942\" data-end=\"1953\">Couleur: Blanc<\/p>\n<\/li>\n<li class=\"\" data-start=\"1954\" data-end=\"1996\">\n<p class=\"\" data-start=\"1956\" data-end=\"1996\">Dimensions : 115 mm (diam\u00e8tre) x 38 mm (hauteur)<\/p>\n<\/li>\n<li class=\"\" data-start=\"1997\" data-end=\"2012\">\n<p class=\"\" data-start=\"1999\" data-end=\"2012\">Poids : 140 g<\/p>\n<\/li>\n<li class=\"\" data-start=\"2013\" data-end=\"2041\">\n<p class=\"\" data-start=\"2015\" data-end=\"2041\">Alimentation : 28 V CC<\/p>\n<\/li>\n<li class=\"\" data-start=\"2042\" data-end=\"2083\">\n<p class=\"\" data-start=\"2044\" data-end=\"2083\">Plage de temp\u00e9rature : -20\u00b0C \u00e0 +60\u00b0C<\/p>\n<\/li>\n<li class=\"\" data-start=\"2084\" data-end=\"2112\">\n<p class=\"\" data-start=\"2086\" data-end=\"2112\">Indice de protection IP : IP23D<\/p>\n<\/li>\n<li class=\"\" data-start=\"2113\" data-end=\"2139\">\n<p class=\"\" data-start=\"2115\" data-end=\"2139\">Mat\u00e9riau : Polycarbonate<\/p>\n<\/li>\n<li class=\"\" data-start=\"2140\" data-end=\"2161\">\n<p class=\"\" data-start=\"2142\" data-end=\"2161\">P\u00e9riode de garantie : 10 ans<\/p>\n<\/li>\n<\/ul>","protected":false},"excerpt":{"rendered":"<p>La base de montage Apollo XP95 pour sir\u00e8nes multi-tons compl\u00e9mentaires offre un niveau sonore de 85 dB(A) \u00e0 1 m\u00e8tre de distance, avec une consommation \u00e9lectrique de seulement 3 mA.<\/p>\n<p>Con\u00e7ue pour une utilisation en int\u00e9rieur, cette basse fonctionne dans les syst\u00e8mes XP95, Discovery et Soteria et dispose d&#039;un contr\u00f4le de volume r\u00e9glable.<\/p>","protected":false},"featured_media":150009,"template":"","meta":{"_acf_changed":false},"product_brand":[],"product_cat":[4751],"product_tag":[],"class_list":{"0":"post-150010","1":"product","2":"type-product","3":"status-publish","4":"has-post-thumbnail","6":"product_cat-xp95-serien","7":"pa_brands-apollo-fire-detectors","8":"tm-no-options","10":"first","11":"instock","12":"taxable","13":"shipping-taxable","14":"purchasable","15":"product-type-simple"},"acf":[],"_links":{"self":[{"href":"https:\/\/secureus.se\/fr\/wp-json\/wp\/v2\/product\/150010","targetHints":{"allow":["GET"]}}],"collection":[{"href":"https:\/\/secureus.se\/fr\/wp-json\/wp\/v2\/product"}],"about":[{"href":"https:\/\/secureus.se\/fr\/wp-json\/wp\/v2\/types\/product"}],"wp:featuredmedia":[{"embeddable":true,"href":"https:\/\/secureus.se\/fr\/wp-json\/wp\/v2\/media\/150009"}],"wp:attachment":[{"href":"https:\/\/secureus.se\/fr\/wp-json\/wp\/v2\/media?parent=150010"}],"wp:term":[{"taxonomy":"product_brand","embeddable":true,"href":"https:\/\/secureus.se\/fr\/wp-json\/wp\/v2\/product_brand?post=150010"},{"taxonomy":"product_cat","embeddable":true,"href":"https:\/\/secureus.se\/fr\/wp-json\/wp\/v2\/product_cat?post=150010"},{"taxonomy":"product_tag","embeddable":true,"href":"https:\/\/secureus.se\/fr\/wp-json\/wp\/v2\/product_tag?post=150010"}],"curies":[{"name":"wp","href":"https:\/\/api.w.org\/{rel}","templated":true}]}}