{"id":150012,"date":"2025-04-03T14:07:44","date_gmt":"2025-04-03T12:07:44","guid":{"rendered":"https:\/\/secureus.se\/apollo-45681-331apo-xp95-series-loop-powered-sounder-beacon-base-91db-a-rod-blixt-och-vit-kropp\/"},"modified":"2026-04-16T15:40:54","modified_gmt":"2026-04-16T13:40:54","slug":"apollo-45681-331apo-xp95-series-loop-powered-sounder-beacon-base-91db-a-rod-blixt-och-vit-kropp","status":"publish","type":"product","link":"https:\/\/secureus.se\/fr\/apollo-45681-331apo-xp95-series-loop-powered-sounder-beacon-base-91db-a-rod-blixt-och-vit-kropp\/","title":{"rendered":"Base de balise sonore aliment\u00e9e par boucle Apollo 45681-331APO s\u00e9rie XP95 91 dB A, flash rouge et corps blanc"},"content":{"rendered":"<h1>Base de balise sonore aliment\u00e9e par boucle Apollo 45681-331APO s\u00e9rie XP95 91 dB A, flash rouge et corps blanc<\/h1>\n<p>La base de balise sonore Apollo XP95 est un signal sonore aliment\u00e9 par boucle et un indicateur visuel qui se combine avec une base de montage standard pour les d\u00e9tecteurs.<\/p>\n<p>Il est con\u00e7u pour signaler une alarme incendie dans les espaces clos et offre un niveau sonore de 91 dB(A) ainsi qu&#039;un indicateur visuel qui clignote une fois par seconde.<\/p>\n<p>Les signaux lumineux et sonores peuvent \u00eatre synchronis\u00e9s pour indiquer les avertissements et l&#039;\u00e9vacuation, garantissant ainsi que les signaux sont clairs et coh\u00e9rents.<\/p>\n<p>Cet appareil peut \u00eatre adress\u00e9 aussi bien individuellement qu&#039;en groupe, ce qui facilite la gestion de grandes installations et la cr\u00e9ation de syst\u00e8mes d&#039;alerte efficaces.<\/p>\n<p>De plus, il offre un autotest unique pour les indicateurs acoustiques et visuels, ce qui facilite \u00e0 la fois l&#039;installation et la maintenance.<\/p>\n<p>La base de balise sonore est con\u00e7ue pour \u00eatre utilis\u00e9e avec les syst\u00e8mes XP95 et Discovery et fonctionne de mani\u00e8re optimale lorsqu&#039;elle est connect\u00e9e aux panneaux de contr\u00f4le avec le logiciel appropri\u00e9.<\/p>\n<p>Avec une plage de temp\u00e9rature de fonctionnement de -20\u00b0C \u00e0 +60\u00b0C et un indice de protection IP21C, il est suffisamment robuste pour une utilisation en int\u00e9rieur dans la plupart des environnements et est livr\u00e9 avec une garantie de 10 ans pour des performances durables.<\/p>\n<p class=\"\" data-start=\"1624\" data-end=\"1654\"><strong data-start=\"1624\" data-end=\"1652\">Caract\u00e9ristiques principales\u00a0:<\/strong><\/p>\n<ul data-start=\"1655\" data-end=\"1907\">\n<li class=\"\" data-start=\"1655\" data-end=\"1677\">\n<p class=\"\" data-start=\"1657\" data-end=\"1677\">Niveau sonore : 91 dB(A)<\/p>\n<\/li>\n<li class=\"\" data-start=\"1678\" data-end=\"1726\">\n<p class=\"\" data-start=\"1680\" data-end=\"1726\">L&#039;indicateur visuel clignote une fois par seconde<\/p>\n<\/li>\n<li class=\"\" data-start=\"1727\" data-end=\"1785\">\n<p class=\"\" data-start=\"1729\" data-end=\"1785\">Synchronisation des tonalit\u00e9s d&#039;alarme et du flash de l&#039;indicateur visuel<\/p>\n<\/li>\n<li class=\"\" data-start=\"1786\" data-end=\"1822\">\n<p class=\"\" data-start=\"1788\" data-end=\"1822\">Adresses individuelles et collectives<\/p>\n<\/li>\n<li class=\"\" data-start=\"1823\" data-end=\"1873\">\n<p class=\"\" data-start=\"1825\" data-end=\"1873\">Auto-test unique pour indicateur sonore et visuel<\/p>\n<\/li>\n<li class=\"\" data-start=\"1874\" data-end=\"1907\">\n<p class=\"\" data-start=\"1876\" data-end=\"1907\">Marqu\u00e9 CE et conforme \u00e0 la norme EN 54-3<\/p>\n<\/li>\n<\/ul>\n<p class=\"\" data-start=\"1909\" data-end=\"1940\"><strong data-start=\"1909\" data-end=\"1938\">Sp\u00e9cifications techniques\u00a0:<\/strong><\/p>\n<ul data-start=\"1941\" data-end=\"2151\">\n<li class=\"\" data-start=\"1941\" data-end=\"1974\">\n<p class=\"\" data-start=\"1943\" data-end=\"1974\">Couleur : Flash rouge et corps blanc<\/p>\n<\/li>\n<li class=\"\" data-start=\"1975\" data-end=\"1990\">\n<p class=\"\" data-start=\"1977\" data-end=\"1990\">Profondeur : 38 mm<\/p>\n<\/li>\n<li class=\"\" data-start=\"1991\" data-end=\"2006\">\n<p class=\"\" data-start=\"1993\" data-end=\"2006\">Poids : 160 g<\/p>\n<\/li>\n<li class=\"\" data-start=\"2007\" data-end=\"2035\">\n<p class=\"\" data-start=\"2009\" data-end=\"2035\">Description de l&#039;alimentation : 28 V CC<\/p>\n<\/li>\n<li class=\"\" data-start=\"2036\" data-end=\"2058\">\n<p class=\"\" data-start=\"2038\" data-end=\"2058\">Niveau sonore : 91 dB(A)<\/p>\n<\/li>\n<li class=\"\" data-start=\"2059\" data-end=\"2100\">\n<p class=\"\" data-start=\"2061\" data-end=\"2100\">Plage de temp\u00e9rature : -20\u00b0C \u00e0 +60\u00b0C<\/p>\n<\/li>\n<li class=\"\" data-start=\"2101\" data-end=\"2129\">\n<p class=\"\" data-start=\"2103\" data-end=\"2129\">Indice de protection IP : IP21C<\/p>\n<\/li>\n<\/ul>","protected":false},"excerpt":{"rendered":"<p>La base de balise sonore aliment\u00e9e en boucle Apollo XP95 offre un niveau sonore de 91 dB (A) et un indicateur visuel qui clignote toutes les secondes.<\/p>\n<p>Il est id\u00e9al pour signaler les alarmes incendie dans les espaces clos et peut \u00eatre synchronis\u00e9 avec d&#039;autres tonalit\u00e9s et lumi\u00e8res d&#039;alarme.<\/p>","protected":false},"featured_media":150011,"template":"","meta":{"_acf_changed":false},"product_brand":[],"product_cat":[4751],"product_tag":[],"class_list":{"0":"post-150012","1":"product","2":"type-product","3":"status-publish","4":"has-post-thumbnail","6":"product_cat-xp95-serien","7":"pa_brands-apollo-fire-detectors","8":"tm-no-options","10":"first","11":"instock","12":"taxable","13":"shipping-taxable","14":"purchasable","15":"product-type-simple"},"acf":[],"_links":{"self":[{"href":"https:\/\/secureus.se\/fr\/wp-json\/wp\/v2\/product\/150012","targetHints":{"allow":["GET"]}}],"collection":[{"href":"https:\/\/secureus.se\/fr\/wp-json\/wp\/v2\/product"}],"about":[{"href":"https:\/\/secureus.se\/fr\/wp-json\/wp\/v2\/types\/product"}],"wp:featuredmedia":[{"embeddable":true,"href":"https:\/\/secureus.se\/fr\/wp-json\/wp\/v2\/media\/150011"}],"wp:attachment":[{"href":"https:\/\/secureus.se\/fr\/wp-json\/wp\/v2\/media?parent=150012"}],"wp:term":[{"taxonomy":"product_brand","embeddable":true,"href":"https:\/\/secureus.se\/fr\/wp-json\/wp\/v2\/product_brand?post=150012"},{"taxonomy":"product_cat","embeddable":true,"href":"https:\/\/secureus.se\/fr\/wp-json\/wp\/v2\/product_cat?post=150012"},{"taxonomy":"product_tag","embeddable":true,"href":"https:\/\/secureus.se\/fr\/wp-json\/wp\/v2\/product_tag?post=150012"}],"curies":[{"name":"wp","href":"https:\/\/api.w.org\/{rel}","templated":true}]}}