{"id":150016,"date":"2025-04-03T14:07:43","date_gmt":"2025-04-03T12:07:43","guid":{"rendered":"https:\/\/secureus.se\/apollo-53832-070apo-minidisc-fjarrindikator-for-brandskyddssystem\/"},"modified":"2026-04-09T11:30:04","modified_gmt":"2026-04-09T09:30:04","slug":"apollo-53832-070apo-minidisc-fjarrindikator-for-brandskyddssystem","status":"publish","type":"product","link":"https:\/\/secureus.se\/fr\/apollo-53832-070apo-minidisc-fjarrindikator-for-brandskyddssystem\/","title":{"rendered":"Indicateur \u00e0 distance Apollo 53832-070APO MiniDisc pour syst\u00e8mes de protection incendie"},"content":{"rendered":"<h1>Indicateur \u00e0 distance Apollo 53832-070APO MiniDisc pour syst\u00e8mes de protection incendie<\/h1>\n<p class=\"\" data-start=\"490\" data-end=\"900\">L&#039;indicateur \u00e0 distance Apollo MiniDisc (53832-070APO) offre une conception compacte et discr\u00e8te qui le rend id\u00e9al pour une utilisation dans les syst\u00e8mes de protection incendie o\u00f9 l&#039;espace est limit\u00e9 et l&#039;esth\u00e9tique est importante.<\/p>\n<p class=\"\" data-start=\"490\" data-end=\"900\">Il est \u00e9quip\u00e9 d&#039;une vis anti-effraction qui prot\u00e8ge contre tout retrait non autoris\u00e9, garantissant que l&#039;appareil reste en place et fonctionne correctement dans les situations d&#039;urgence.<\/p>\n<p class=\"\" data-start=\"902\" data-end=\"1236\">Gr\u00e2ce \u00e0 son \u00e9clairage LED, il fournit une indication visuelle claire de l&#039;\u00e9tat du syst\u00e8me, facilitant ainsi la surveillance des alarmes ou d&#039;autres informations pertinentes.<\/p>\n<p class=\"\" data-start=\"902\" data-end=\"1236\">Il est compatible avec les d\u00e9tecteurs Apollo tels que les d\u00e9tecteurs Series 65, AlarmSense, Orbis, XPlorer, XP95, Discovery et IS, ce qui le rend polyvalent et compatible avec diverses installations syst\u00e8me.<\/p>\n<p class=\"\" data-start=\"1238\" data-end=\"1496\">Avec une tension de fonctionnement de 5 \u00e0 36 V et une conception compacte qui le rend facile \u00e0 monter sur les murs, c&#039;est une solution parfaite pour am\u00e9liorer votre syst\u00e8me de protection incendie sans affecter l&#039;esth\u00e9tique visuelle.<\/p>\n<p class=\"\" data-start=\"1238\" data-end=\"1496\">Le produit est marqu\u00e9 CE et b\u00e9n\u00e9ficie d&#039;une garantie de 10 ans.<\/p>\n<p class=\"\" data-start=\"1498\" data-end=\"1528\"><strong data-start=\"1498\" data-end=\"1526\">Caract\u00e9ristiques principales\u00a0:<\/strong><\/p>\n<ul data-start=\"1529\" data-end=\"1805\">\n<li class=\"\" data-start=\"1529\" data-end=\"1557\">\n<p class=\"\" data-start=\"1531\" data-end=\"1557\">Conception petite et discr\u00e8te<\/p>\n<\/li>\n<li class=\"\" data-start=\"1558\" data-end=\"1624\">\n<p class=\"\" data-start=\"1560\" data-end=\"1624\">Vis anti-effraction pour prot\u00e9ger contre tout retrait non autoris\u00e9<\/p>\n<\/li>\n<li class=\"\" data-start=\"1625\" data-end=\"1665\">\n<p class=\"\" data-start=\"1627\" data-end=\"1665\">\u00c9clairage LED pour indication visuelle<\/p>\n<\/li>\n<li class=\"\" data-start=\"1666\" data-end=\"1698\">\n<p class=\"\" data-start=\"1668\" data-end=\"1698\">Montage mural et l\u00e9ger<\/p>\n<\/li>\n<li class=\"\" data-start=\"1699\" data-end=\"1776\">\n<p class=\"\" data-start=\"1701\" data-end=\"1776\">Compatible avec plusieurs d\u00e9tecteurs Apollo, notamment XP95, Discovery et plus<\/p>\n<\/li>\n<li class=\"\" data-start=\"1777\" data-end=\"1805\">\n<p class=\"\" data-start=\"1779\" data-end=\"1805\">Marqu\u00e9 CE et respectueux de l&#039;environnement<\/p>\n<\/li>\n<\/ul>\n<p class=\"\" data-start=\"1807\" data-end=\"1838\"><strong data-start=\"1807\" data-end=\"1836\">Sp\u00e9cifications techniques\u00a0:<\/strong><\/p>\n<ul data-start=\"1839\" data-end=\"2007\">\n<li class=\"\" data-start=\"1839\" data-end=\"1854\">\n<p class=\"\" data-start=\"1841\" data-end=\"1854\">Hauteur : 20 mm<\/p>\n<\/li>\n<li class=\"\" data-start=\"1855\" data-end=\"1869\">\n<p class=\"\" data-start=\"1857\" data-end=\"1869\">Poids : 50g<\/p>\n<\/li>\n<li class=\"\" data-start=\"1870\" data-end=\"1897\">\n<p class=\"\" data-start=\"1872\" data-end=\"1897\">Alimentation : 5-36V<\/p>\n<\/li>\n<li class=\"\" data-start=\"1898\" data-end=\"1965\">\n<p class=\"\" data-start=\"1900\" data-end=\"1965\">Caract\u00e9ristiques : Vis anti-effraction, \u00c9clairage LED, Conception compacte<\/p>\n<\/li>\n<li class=\"\" data-start=\"1966\" data-end=\"1987\">\n<p class=\"\" data-start=\"1968\" data-end=\"1987\">P\u00e9riode de garantie : 10 ans<\/p>\n<\/li>\n<li class=\"\" data-start=\"1988\" data-end=\"2007\">\n<p class=\"\" data-start=\"1990\" data-end=\"2007\">\u00c9cologique : Oui<\/p>\n<\/li>\n<\/ul>","protected":false},"excerpt":{"rendered":"<p>L&#039;indicateur \u00e0 distance Apollo MiniDisc est une solution petite et discr\u00e8te pour les syst\u00e8mes de protection incendie.<\/p>\n<p>Equip\u00e9 d&#039;une vis anti-effraction pour prot\u00e9ger contre tout retrait non autoris\u00e9, cet indicateur est parfait pour une utilisation avec les d\u00e9tecteurs Apollo et assure une s\u00e9curit\u00e9 \u00e0 la fois esth\u00e9tique et fonctionnelle.<\/p>","protected":false},"featured_media":150015,"template":"","meta":{"_acf_changed":false},"product_brand":[],"product_cat":[4751],"product_tag":[],"class_list":{"0":"post-150016","1":"product","2":"type-product","3":"status-publish","4":"has-post-thumbnail","6":"product_cat-xp95-serien","7":"pa_brands-apollo-fire-detectors","8":"tm-no-options","10":"first","11":"instock","12":"taxable","13":"shipping-taxable","14":"purchasable","15":"product-type-simple"},"acf":[],"_links":{"self":[{"href":"https:\/\/secureus.se\/fr\/wp-json\/wp\/v2\/product\/150016","targetHints":{"allow":["GET"]}}],"collection":[{"href":"https:\/\/secureus.se\/fr\/wp-json\/wp\/v2\/product"}],"about":[{"href":"https:\/\/secureus.se\/fr\/wp-json\/wp\/v2\/types\/product"}],"wp:featuredmedia":[{"embeddable":true,"href":"https:\/\/secureus.se\/fr\/wp-json\/wp\/v2\/media\/150015"}],"wp:attachment":[{"href":"https:\/\/secureus.se\/fr\/wp-json\/wp\/v2\/media?parent=150016"}],"wp:term":[{"taxonomy":"product_brand","embeddable":true,"href":"https:\/\/secureus.se\/fr\/wp-json\/wp\/v2\/product_brand?post=150016"},{"taxonomy":"product_cat","embeddable":true,"href":"https:\/\/secureus.se\/fr\/wp-json\/wp\/v2\/product_cat?post=150016"},{"taxonomy":"product_tag","embeddable":true,"href":"https:\/\/secureus.se\/fr\/wp-json\/wp\/v2\/product_tag?post=150016"}],"curies":[{"name":"wp","href":"https:\/\/api.w.org\/{rel}","templated":true}]}}