{"id":150018,"date":"2025-04-03T14:07:39","date_gmt":"2025-04-03T12:07:39","guid":{"rendered":"https:\/\/secureus.se\/apollo-55000-660apo-xp95-series-optisk-rokdetektor-svart\/"},"modified":"2026-04-16T15:42:16","modified_gmt":"2026-04-16T13:42:16","slug":"apollo-55000-660apo-xp95-series-optisk-rokdetektor-svart","status":"publish","type":"product","link":"https:\/\/secureus.se\/fr\/apollo-55000-660apo-xp95-series-optisk-rokdetektor-svart\/","title":{"rendered":"D\u00e9tecteur de fum\u00e9e optique Apollo 55000-660APO XP95, noir"},"content":{"rendered":"<h1>D\u00e9tecteur de fum\u00e9e optique Apollo 55000-660APO XP95, noir<\/h1>\n<p>Le d\u00e9tecteur de fum\u00e9e optique Apollo XP95 (55000-660APO) utilise le principe de diffusion de la lumi\u00e8re pour d\u00e9tecter de mani\u00e8re fiable la fum\u00e9e dans les zones o\u00f9 des incendies \u00e0 combustion lente ou couvants sont probables.<\/p>\n<p>Il poss\u00e8de une sensibilit\u00e9 calibr\u00e9e qui lui permet de r\u00e9agir rapidement \u00e0 la fum\u00e9e tout en filtrant les interf\u00e9rences caus\u00e9es par le vent ou les changements de pression atmosph\u00e9rique, ce qui le rend id\u00e9al pour une utilisation dans les voies d&#039;\u00e9vacuation.<\/p>\n<p class=\"\" data-start=\"925\" data-end=\"1286\">Le d\u00e9tecteur est connect\u00e9 \u00e0 un syst\u00e8me de boucle \u00e0 deux fils et utilise la communication num\u00e9rique (XP95, Discovery et CoreProtocol\u00ae) pour garantir la stabilit\u00e9 et une immunit\u00e9 \u00e9lev\u00e9e aux interf\u00e9rences, ce qui est crucial dans les syst\u00e8mes plus grands o\u00f9 la s\u00e9curit\u00e9 des personnes est importante.<\/p>\n<p class=\"\" data-start=\"925\" data-end=\"1286\">Un voyant LED sur l&#039;unit\u00e9 fournit une indication visuelle de l&#039;\u00e9tat du syst\u00e8me et est blanc en veille et rouge en alarme.<\/p>\n<p class=\"\" data-start=\"1288\" data-end=\"1558\">Avec une plage de temp\u00e9rature de fonctionnement de -20\u00b0C \u00e0 +60\u00b0C et une conception qui le rend adapt\u00e9 \u00e0 une utilisation int\u00e9rieure et ext\u00e9rieure, il est id\u00e9al pour les environnements commerciaux et industriels.<\/p>\n<p class=\"\" data-start=\"1288\" data-end=\"1558\">Il est \u00e9galement marqu\u00e9 CE et r\u00e9pond aux normes de s\u00e9curit\u00e9 internationales pour les d\u00e9tecteurs d&#039;incendie.<\/p>\n<p class=\"\" data-start=\"1560\" data-end=\"1590\"><strong data-start=\"1560\" data-end=\"1588\">Caract\u00e9ristiques principales\u00a0:<\/strong><\/p>\n<ul data-start=\"1591\" data-end=\"1852\">\n<li class=\"\" data-start=\"1591\" data-end=\"1664\">\n<p class=\"\" data-start=\"1593\" data-end=\"1664\">D\u00e9tection d&#039;incendie fiable dans des plages de temp\u00e9rature de -20\u00b0C \u00e0 +60\u00b0C<\/p>\n<\/li>\n<li class=\"\" data-start=\"1665\" data-end=\"1697\">\n<p class=\"\" data-start=\"1667\" data-end=\"1697\">Id\u00e9al pour les voies d&#039;\u00e9vacuation<\/p>\n<\/li>\n<li class=\"\" data-start=\"1698\" data-end=\"1742\">\n<p class=\"\" data-start=\"1700\" data-end=\"1742\">Insensible au vent et \u00e0 la pression atmosph\u00e9rique<\/p>\n<\/li>\n<li class=\"\" data-start=\"1743\" data-end=\"1792\">\n<p class=\"\" data-start=\"1745\" data-end=\"1792\">Indicateur LED (blanc en veille, rouge en alarme)<\/p>\n<\/li>\n<li class=\"\" data-start=\"1793\" data-end=\"1852\">\n<p class=\"\" data-start=\"1795\" data-end=\"1852\">Compatible avec les syst\u00e8mes XP95, Discovery et CoreProtocol\u00ae<\/p>\n<\/li>\n<\/ul>\n<p class=\"\" data-start=\"1854\" data-end=\"1885\"><strong data-start=\"1854\" data-end=\"1883\">Sp\u00e9cifications techniques\u00a0:<\/strong><\/p>\n<ul data-start=\"1886\" data-end=\"2139\">\n<li class=\"\" data-start=\"1886\" data-end=\"1901\">\n<p class=\"\" data-start=\"1888\" data-end=\"1901\">Couleur: Noir<\/p>\n<\/li>\n<li class=\"\" data-start=\"1902\" data-end=\"1922\">\n<p class=\"\" data-start=\"1904\" data-end=\"1922\">Diam\u00e8tre : 100 mm<\/p>\n<\/li>\n<li class=\"\" data-start=\"1923\" data-end=\"1938\">\n<p class=\"\" data-start=\"1925\" data-end=\"1938\">Hauteur : 42 mm<\/p>\n<\/li>\n<li class=\"\" data-start=\"1939\" data-end=\"1954\">\n<p class=\"\" data-start=\"1941\" data-end=\"1954\">Poids : 105 g<\/p>\n<\/li>\n<li class=\"\" data-start=\"1955\" data-end=\"1983\">\n<p class=\"\" data-start=\"1957\" data-end=\"1983\">Alimentation : 28 V CC<\/p>\n<\/li>\n<li class=\"\" data-start=\"1984\" data-end=\"2046\">\n<p class=\"\" data-start=\"1986\" data-end=\"2046\">Calibr\u00e9 pour donner une valeur analogique de 25\u00b17 dans l&#039;air pur<\/p>\n<\/li>\n<li class=\"\" data-start=\"2047\" data-end=\"2088\">\n<p class=\"\" data-start=\"2049\" data-end=\"2088\">Plage de temp\u00e9rature : -20\u00b0C \u00e0 +60\u00b0C<\/p>\n<\/li>\n<li class=\"\" data-start=\"2089\" data-end=\"2117\">\n<p class=\"\" data-start=\"2091\" data-end=\"2117\">Indice de protection IP : IP23D<\/p>\n<\/li>\n<li class=\"\" data-start=\"2118\" data-end=\"2139\">\n<p class=\"\" data-start=\"2120\" data-end=\"2139\">P\u00e9riode de garantie : 10 ans<\/p>\n<\/li>\n<\/ul>","protected":false},"excerpt":{"rendered":"<p>Le d\u00e9tecteur de fum\u00e9e optique Apollo XP95 offre une d\u00e9tection d&#039;incendie fiable sur une large plage de temp\u00e9ratures allant de -20\u00b0C \u00e0 60\u00b0C.<\/p>\n<p>Il est particuli\u00e8rement adapt\u00e9 aux voies d&#039;\u00e9vacuation et n&#039;est pas affect\u00e9 par le vent ou la pression atmosph\u00e9rique, ce qui le rend tr\u00e8s efficace m\u00eame dans des environnements difficiles.<\/p>","protected":false},"featured_media":150017,"template":"","meta":{"_acf_changed":false},"product_brand":[],"product_cat":[4751],"product_tag":[],"class_list":{"0":"post-150018","1":"product","2":"type-product","3":"status-publish","4":"has-post-thumbnail","6":"product_cat-xp95-serien","7":"pa_brands-apollo-fire-detectors","8":"tm-no-options","10":"first","11":"onbackorder","12":"taxable","13":"shipping-taxable","14":"purchasable","15":"product-type-simple"},"acf":[],"_links":{"self":[{"href":"https:\/\/secureus.se\/fr\/wp-json\/wp\/v2\/product\/150018","targetHints":{"allow":["GET"]}}],"collection":[{"href":"https:\/\/secureus.se\/fr\/wp-json\/wp\/v2\/product"}],"about":[{"href":"https:\/\/secureus.se\/fr\/wp-json\/wp\/v2\/types\/product"}],"wp:featuredmedia":[{"embeddable":true,"href":"https:\/\/secureus.se\/fr\/wp-json\/wp\/v2\/media\/150017"}],"wp:attachment":[{"href":"https:\/\/secureus.se\/fr\/wp-json\/wp\/v2\/media?parent=150018"}],"wp:term":[{"taxonomy":"product_brand","embeddable":true,"href":"https:\/\/secureus.se\/fr\/wp-json\/wp\/v2\/product_brand?post=150018"},{"taxonomy":"product_cat","embeddable":true,"href":"https:\/\/secureus.se\/fr\/wp-json\/wp\/v2\/product_cat?post=150018"},{"taxonomy":"product_tag","embeddable":true,"href":"https:\/\/secureus.se\/fr\/wp-json\/wp\/v2\/product_tag?post=150018"}],"curies":[{"name":"wp","href":"https:\/\/api.w.org\/{rel}","templated":true}]}}