{"id":150022,"date":"2025-04-03T14:07:38","date_gmt":"2025-04-03T12:07:38","guid":{"rendered":"https:\/\/secureus.se\/apollo-55000-640apo-xp95-series-egentligt-saker-optisk-rokdetektor-vit\/"},"modified":"2026-04-16T15:43:28","modified_gmt":"2026-04-16T13:43:28","slug":"apollo-55000-640apo-xp95-series-egentligt-saker-optisk-rokdetektor-vit","status":"publish","type":"product","link":"https:\/\/secureus.se\/fr\/apollo-55000-640apo-xp95-series-egentligt-saker-optisk-rokdetektor-vit\/","title":{"rendered":"D\u00e9tecteur de fum\u00e9e optique \u00e0 s\u00e9curit\u00e9 intrins\u00e8que Apollo 55000-640APO XP95, blanc"},"content":{"rendered":"<h1>D\u00e9tecteur de fum\u00e9e optique \u00e0 s\u00e9curit\u00e9 intrins\u00e8que Apollo 55000-640APO XP95, blanc<\/h1>\n<p class=\"\" data-start=\"455\" data-end=\"943\">Le d\u00e9tecteur de fum\u00e9e optique Apollo 55000-640APO XP95 est une solution robuste et fiable pour la d\u00e9tection d&#039;incendie dans les environnements o\u00f9 un d\u00e9veloppement rapide d&#039;incendie n&#039;est pas attendu.<\/p>\n<p class=\"\" data-start=\"455\" data-end=\"943\">Gr\u00e2ce \u00e0 la d\u00e9tection photo\u00e9lectrique de la lumi\u00e8re diffus\u00e9e par les particules de fum\u00e9e, ce d\u00e9tecteur fournit un signal pr\u00e9cis au panneau de commande.<\/p>\n<p class=\"\" data-start=\"455\" data-end=\"943\">Le d\u00e9tecteur est insensible au vent et \u00e0 la pression atmosph\u00e9rique, ce qui le rend particuli\u00e8rement utile pour les installations ext\u00e9rieures ou sur des plates-formes fluctuantes telles que les plates-formes p\u00e9troli\u00e8res et les raffineries.<\/p>\n<p class=\"\" data-start=\"945\" data-end=\"1306\">Il est \u00e9galement \u00e9quip\u00e9 d&#039;un syst\u00e8me avanc\u00e9 de protection contre les tensions transitoires et dispose d&#039;une large gamme d&#039;applications, notamment les voies d&#039;\u00e9vacuation, les zones dangereuses et les b\u00e2timents de taille moyenne \u00e0 grande.<\/p>\n<p class=\"\" data-start=\"945\" data-end=\"1306\">Il est \u00e9galement homologu\u00e9 selon plusieurs normes de s\u00e9curit\u00e9 internationales telles que EN 54 et ATEX, garantissant son utilisation dans les environnements industriels et marins.<\/p>\n<p>Avec une plage de temp\u00e9rature de fonctionnement de -20\u00b0C \u00e0 +60\u00b0C et un indicateur LED pour l&#039;\u00e9tat d&#039;alarme, ce d\u00e9tecteur est un choix durable et efficace pour les syst\u00e8mes de protection incendie.<\/p>","protected":false},"excerpt":{"rendered":"<p>La s\u00e9rie Apollo 55000-640APO XP95 est un d\u00e9tecteur de fum\u00e9e optique qui utilise la diffusion de la lumi\u00e8re pour d\u00e9tecter efficacement la fum\u00e9e.<\/p>\n<p>Il est id\u00e9al pour une utilisation dans des environnements fluctuants, insensibles au vent et \u00e0 la pression atmosph\u00e9rique, et offre une grande sensibilit\u00e9 aux incendies \u00e0 combustion lente ou fumants.<\/p>","protected":false},"featured_media":150021,"template":"","meta":{"_acf_changed":false},"product_brand":[],"product_cat":[4751],"product_tag":[],"class_list":{"0":"post-150022","1":"product","2":"type-product","3":"status-publish","4":"has-post-thumbnail","6":"product_cat-xp95-serien","7":"pa_brands-apollo-fire-detectors","8":"tm-no-options","10":"first","11":"onbackorder","12":"taxable","13":"shipping-taxable","14":"purchasable","15":"product-type-simple"},"acf":[],"_links":{"self":[{"href":"https:\/\/secureus.se\/fr\/wp-json\/wp\/v2\/product\/150022","targetHints":{"allow":["GET"]}}],"collection":[{"href":"https:\/\/secureus.se\/fr\/wp-json\/wp\/v2\/product"}],"about":[{"href":"https:\/\/secureus.se\/fr\/wp-json\/wp\/v2\/types\/product"}],"wp:featuredmedia":[{"embeddable":true,"href":"https:\/\/secureus.se\/fr\/wp-json\/wp\/v2\/media\/150021"}],"wp:attachment":[{"href":"https:\/\/secureus.se\/fr\/wp-json\/wp\/v2\/media?parent=150022"}],"wp:term":[{"taxonomy":"product_brand","embeddable":true,"href":"https:\/\/secureus.se\/fr\/wp-json\/wp\/v2\/product_brand?post=150022"},{"taxonomy":"product_cat","embeddable":true,"href":"https:\/\/secureus.se\/fr\/wp-json\/wp\/v2\/product_cat?post=150022"},{"taxonomy":"product_tag","embeddable":true,"href":"https:\/\/secureus.se\/fr\/wp-json\/wp\/v2\/product_tag?post=150022"}],"curies":[{"name":"wp","href":"https:\/\/api.w.org\/{rel}","templated":true}]}}