{"id":150034,"date":"2025-04-03T13:35:22","date_gmt":"2025-04-03T11:35:22","guid":{"rendered":"https:\/\/secureus.se\/apollo-pp2557-overvakningsmodul-for-intelligent-brytare-i-xp95-serien\/"},"modified":"2026-04-09T11:31:19","modified_gmt":"2026-04-09T09:31:19","slug":"apollo-pp2557-overvakningsmodul-for-intelligent-brytare-i-xp95-serien","status":"publish","type":"product","link":"https:\/\/secureus.se\/fr\/apollo-pp2557-overvakningsmodul-for-intelligent-brytare-i-xp95-serien\/","title":{"rendered":"Module de surveillance de commutateur intelligent Apollo PP2557 s\u00e9rie XP95"},"content":{"rendered":"<h1>Module de surveillance de commutateur intelligent Apollo PP2557 s\u00e9rie XP95<\/h1>\n<p>Le moniteur de commutateur intelligent Apollo PP2557 est une solution avanc\u00e9e pour la surveillance des commutateurs dans les syst\u00e8mes de protection incendie.<\/p>\n<p>Il est compatible avec les syst\u00e8mes XP95, Discovery et CoreProtocol et propose cinq modes pr\u00e9configur\u00e9s, dont un mode de compatibilit\u00e9 pour les syst\u00e8mes plus anciens.<\/p>\n<p>L&#039;appareil dispose d&#039;une plage d&#039;adresses de 1 \u00e0 254 et peut \u00eatre configur\u00e9 pour diff\u00e9rents styles d&#039;entr\u00e9e et modes de priorit\u00e9 pour une r\u00e9ponse rapide.<\/p>\n<p>Une caract\u00e9ristique importante de ce moniteur est l&#039;isolateur contr\u00f4lable, qui prot\u00e8ge le syst\u00e8me contre les interf\u00e9rences \u00e9lectriques et les courts-circuits.<\/p>\n<p>Il dispose \u00e9galement d&#039;un d\u00e9lai de rapport d&#039;\u00e9tat s\u00e9lectionnable, ce qui le rend adapt\u00e9 \u00e0 une utilisation avec des commutateurs de d\u00e9bit.<\/p>\n<p>L&#039;unit\u00e9 est con\u00e7ue pour une installation facile et peut \u00eatre mont\u00e9e avec un bo\u00eetier arri\u00e8re inclus pour un montage en surface ou un montage encastr\u00e9 dans un bo\u00eetier arri\u00e8re \u00e0 double filetage britannique.<\/p>\n<p>Avec une plage de temp\u00e9rature de fonctionnement de -40\u00b0C \u00e0 +70\u00b0C et une certification CE, ce module de surveillance est une solution fiable pour les syst\u00e8mes de protection incendie qui n\u00e9cessitent une surveillance pr\u00e9cise des interrupteurs et des dispositifs associ\u00e9s.<\/p>","protected":false},"excerpt":{"rendered":"<p>Le moniteur de commutateur intelligent Apollo PP2557 est un module de surveillance de commutateur intelligent, con\u00e7u pour surveiller l&#039;\u00e9tat d&#039;un ou plusieurs contacts unipolaires sans tension.<\/p>\n<p>Il comprend un isolateur contr\u00f4lable et peut \u00eatre utilis\u00e9 avec les syst\u00e8mes XP95\/Discovery et CoreProtocol.<\/p>","protected":false},"featured_media":150033,"template":"","meta":{"_acf_changed":false},"product_brand":[],"product_cat":[4751],"product_tag":[],"class_list":{"0":"post-150034","1":"product","2":"type-product","3":"status-publish","4":"has-post-thumbnail","6":"product_cat-xp95-serien","7":"pa_brands-apollo-fire-detectors","8":"tm-no-options","10":"first","11":"instock","12":"taxable","13":"shipping-taxable","14":"purchasable","15":"product-type-simple"},"acf":[],"_links":{"self":[{"href":"https:\/\/secureus.se\/fr\/wp-json\/wp\/v2\/product\/150034","targetHints":{"allow":["GET"]}}],"collection":[{"href":"https:\/\/secureus.se\/fr\/wp-json\/wp\/v2\/product"}],"about":[{"href":"https:\/\/secureus.se\/fr\/wp-json\/wp\/v2\/types\/product"}],"wp:featuredmedia":[{"embeddable":true,"href":"https:\/\/secureus.se\/fr\/wp-json\/wp\/v2\/media\/150033"}],"wp:attachment":[{"href":"https:\/\/secureus.se\/fr\/wp-json\/wp\/v2\/media?parent=150034"}],"wp:term":[{"taxonomy":"product_brand","embeddable":true,"href":"https:\/\/secureus.se\/fr\/wp-json\/wp\/v2\/product_brand?post=150034"},{"taxonomy":"product_cat","embeddable":true,"href":"https:\/\/secureus.se\/fr\/wp-json\/wp\/v2\/product_cat?post=150034"},{"taxonomy":"product_tag","embeddable":true,"href":"https:\/\/secureus.se\/fr\/wp-json\/wp\/v2\/product_tag?post=150034"}],"curies":[{"name":"wp","href":"https:\/\/api.w.org\/{rel}","templated":true}]}}