{"id":150036,"date":"2025-04-03T13:35:22","date_gmt":"2025-04-03T11:35:22","guid":{"rendered":"https:\/\/secureus.se\/apollo-29600-378-orbis-series-conventional-intrinsically-safe-galvanic-barrier-for-xp95-i-s-och-orbis-i-s-range\/"},"modified":"2026-04-09T11:31:12","modified_gmt":"2026-04-09T09:31:12","slug":"apollo-29600-378-orbis-series-conventional-intrinsically-safe-galvanic-barrier-for-xp95-i-s-och-orbis-i-s-range","status":"publish","type":"product","link":"https:\/\/secureus.se\/fr\/apollo-29600-378-orbis-series-conventional-intrinsically-safe-galvanic-barrier-for-xp95-i-s-och-orbis-i-s-range\/","title":{"rendered":"Barri\u00e8re galvanique conventionnelle \u00e0 s\u00e9curit\u00e9 intrins\u00e8que Apollo 29600-378 s\u00e9rie Orbis pour gamme XP95 IS et Orbis IS"},"content":{"rendered":"<h1>Barri\u00e8re galvanique conventionnelle \u00e0 s\u00e9curit\u00e9 intrins\u00e8que Apollo 29600-378 s\u00e9rie Orbis pour gamme XP95 IS et Orbis IS<\/h1>\n<p class=\"\" data-start=\"507\" data-end=\"927\">La barri\u00e8re galvanique conventionnelle intrins\u00e8quement s\u00fbre Apollo 29600-378 Orbis Series est un composant essentiel pour une installation s\u00fbre dans les zones dangereuses.<\/p>\n<p class=\"\" data-start=\"507\" data-end=\"927\">Cette barri\u00e8re permet la conformit\u00e9 \u00e0 la directive ATEX et est destin\u00e9e \u00e0 \u00eatre utilis\u00e9e avec les s\u00e9ries XP95 IS et Orbis IS.<\/p>\n<p class=\"\" data-start=\"507\" data-end=\"927\">L&#039;installation s&#039;effectue sur rail DIN dans des zones s\u00e9curis\u00e9es et permet de pr\u00e9server l&#039;int\u00e9grit\u00e9 du syst\u00e8me et d&#039;assurer un bon fonctionnement.<\/p>\n<p class=\"\" data-start=\"929\" data-end=\"1316\">Le dispositif permet au syst\u00e8me de d\u00e9tection de fonctionner correctement gr\u00e2ce \u00e0 une isolation galvanique, ce qui garantit le maintien de la s\u00e9curit\u00e9 m\u00eame en cas de perturbations \u00e9lectriques ou dans des environnements dangereux.<\/p>\n<p class=\"\" data-start=\"929\" data-end=\"1316\">L&#039;Apollo 29600-378 est marqu\u00e9 CE et poss\u00e8de un indice de protection IP20, ce qui le rend adapt\u00e9 \u00e0 une utilisation en int\u00e9rieur.<\/p>\n<p class=\"\" data-start=\"929\" data-end=\"1316\">Sa plage de temp\u00e9rature de fonctionnement est comprise entre -20\u00b0C et +60\u00b0C, ce qui le rend suffisamment durable pour la plupart des environnements industriels.<\/p>","protected":false},"excerpt":{"rendered":"<p>Apollo 29600-378 est une barri\u00e8re galvanique qui permet la conformit\u00e9 \u00e0 la directive ATEX et garantit l&#039;int\u00e9grit\u00e9 du syst\u00e8me.<\/p>\n<p>Il est compatible avec les s\u00e9ries XP95 IS et Orbis IS et est install\u00e9 dans des zones s\u00fbres pour prot\u00e9ger et garantir la fonctionnalit\u00e9 dans des environnements dangereux.<\/p>","protected":false},"featured_media":150035,"template":"","meta":{"_acf_changed":false},"product_brand":[],"product_cat":[4751],"product_tag":[],"class_list":{"0":"post-150036","1":"product","2":"type-product","3":"status-publish","4":"has-post-thumbnail","6":"product_cat-xp95-serien","7":"pa_brands-apollo-fire-detectors","8":"tm-no-options","10":"first","11":"instock","12":"taxable","13":"shipping-taxable","14":"purchasable","15":"product-type-simple"},"acf":[],"_links":{"self":[{"href":"https:\/\/secureus.se\/fr\/wp-json\/wp\/v2\/product\/150036","targetHints":{"allow":["GET"]}}],"collection":[{"href":"https:\/\/secureus.se\/fr\/wp-json\/wp\/v2\/product"}],"about":[{"href":"https:\/\/secureus.se\/fr\/wp-json\/wp\/v2\/types\/product"}],"wp:featuredmedia":[{"embeddable":true,"href":"https:\/\/secureus.se\/fr\/wp-json\/wp\/v2\/media\/150035"}],"wp:attachment":[{"href":"https:\/\/secureus.se\/fr\/wp-json\/wp\/v2\/media?parent=150036"}],"wp:term":[{"taxonomy":"product_brand","embeddable":true,"href":"https:\/\/secureus.se\/fr\/wp-json\/wp\/v2\/product_brand?post=150036"},{"taxonomy":"product_cat","embeddable":true,"href":"https:\/\/secureus.se\/fr\/wp-json\/wp\/v2\/product_cat?post=150036"},{"taxonomy":"product_tag","embeddable":true,"href":"https:\/\/secureus.se\/fr\/wp-json\/wp\/v2\/product_tag?post=150036"}],"curies":[{"name":"wp","href":"https:\/\/api.w.org\/{rel}","templated":true}]}}