{"id":150038,"date":"2025-04-03T13:35:21","date_gmt":"2025-04-03T11:35:21","guid":{"rendered":"https:\/\/secureus.se\/apollo-55000-760apo-xp95-series-isolerande-din-skena-mini-switch-monitor-module\/"},"modified":"2026-04-16T15:49:55","modified_gmt":"2026-04-16T13:49:55","slug":"apollo-55000-760apo-xp95-series-isolerande-din-skena-mini-switch-monitor-module","status":"publish","type":"product","link":"https:\/\/secureus.se\/fr\/apollo-55000-760apo-xp95-series-isolerande-din-skena-mini-switch-monitor-module\/","title":{"rendered":"Module de surveillance de mini-interrupteur isolant pour rail DIN Apollo 55000-760APO XP95"},"content":{"rendered":"<h1>Module de surveillance de mini-interrupteur isolant pour rail DIN Apollo 55000-760APO XP95<\/h1>\n<p>Le module de surveillance de commutateur mini Apollo 55000-760APO XP95 est une solution compacte pour surveiller un ou plusieurs contacts sans tension.<\/p>\n<p>Il est particuli\u00e8rement utile lorsque l&#039;espace est limit\u00e9, car le module ne mesure que 39 mm x 39 mm x 20 mm.<\/p>\n<p>Il peut \u00e9galement \u00eatre mont\u00e9 sur un rail DIN pour une installation facile.<\/p>\n<p>L&#039;appareil est compatible avec les syst\u00e8mes Apollo XP95, Discovery et CoreProtocol et offre trois indicateurs d&#039;\u00e9tat pour afficher l&#039;\u00e9tat normal, de d\u00e9faut et d&#039;alarme.<\/p>\n<p>Cette unit\u00e9 est \u00e9galement \u00e9quip\u00e9e d&#039;un isolateur de court-circuit et peut \u00eatre utilis\u00e9e pour les syst\u00e8mes prioritaires et non prioritaires.<\/p>\n<p>Il comprend \u00e9galement un \u00e9tat d\u2019alarme retard\u00e9 (\u00ab pr\u00e9-alarme \u00bb) qui permet d\u2019\u00e9tudier les alarmes potentielles et r\u00e9duit le risque de fausses alarmes.<\/p>\n<p>Avec un marquage CE et une certification VdS, il s&#039;agit d&#039;un composant fiable pour les syst\u00e8mes d&#039;alarme incendie avanc\u00e9s.<\/p>","protected":false},"excerpt":{"rendered":"<p>Le module de surveillance de commutateur mini Apollo 55000-760APO s\u00e9rie XP95 est un appareil compact qui surveille un ou plusieurs contacts unipolaires sans tension et signale l&#039;\u00e9tat au panneau de contr\u00f4le d&#039;incendie.<\/p>\n<p>Il est con\u00e7u pour \u00eatre utilis\u00e9 dans des endroits o\u00f9 l&#039;espace est limit\u00e9 et peut \u00eatre mont\u00e9 sur un rail DIN.<\/p>","protected":false},"featured_media":150037,"template":"","meta":{"_acf_changed":false},"product_brand":[],"product_cat":[4751],"product_tag":[],"class_list":{"0":"post-150038","1":"product","2":"type-product","3":"status-publish","4":"has-post-thumbnail","6":"product_cat-xp95-serien","7":"pa_brands-apollo-fire-detectors","8":"tm-no-options","10":"first","11":"instock","12":"taxable","13":"shipping-taxable","14":"purchasable","15":"product-type-simple"},"acf":[],"_links":{"self":[{"href":"https:\/\/secureus.se\/fr\/wp-json\/wp\/v2\/product\/150038","targetHints":{"allow":["GET"]}}],"collection":[{"href":"https:\/\/secureus.se\/fr\/wp-json\/wp\/v2\/product"}],"about":[{"href":"https:\/\/secureus.se\/fr\/wp-json\/wp\/v2\/types\/product"}],"wp:featuredmedia":[{"embeddable":true,"href":"https:\/\/secureus.se\/fr\/wp-json\/wp\/v2\/media\/150037"}],"wp:attachment":[{"href":"https:\/\/secureus.se\/fr\/wp-json\/wp\/v2\/media?parent=150038"}],"wp:term":[{"taxonomy":"product_brand","embeddable":true,"href":"https:\/\/secureus.se\/fr\/wp-json\/wp\/v2\/product_brand?post=150038"},{"taxonomy":"product_cat","embeddable":true,"href":"https:\/\/secureus.se\/fr\/wp-json\/wp\/v2\/product_cat?post=150038"},{"taxonomy":"product_tag","embeddable":true,"href":"https:\/\/secureus.se\/fr\/wp-json\/wp\/v2\/product_tag?post=150038"}],"curies":[{"name":"wp","href":"https:\/\/api.w.org\/{rel}","templated":true}]}}