{"id":150040,"date":"2025-04-03T13:35:18","date_gmt":"2025-04-03T11:35:18","guid":{"rendered":"https:\/\/secureus.se\/apollo-45681-218apo-tillbehorssats-for-monteringsbox-for-dackhuvud-vit\/"},"modified":"2026-04-09T11:31:32","modified_gmt":"2026-04-09T09:31:32","slug":"apollo-45681-218apo-tillbehorssats-for-monteringsbox-for-dackhuvud-vit","status":"publish","type":"product","link":"https:\/\/secureus.se\/fr\/apollo-45681-218apo-tillbehorssats-for-monteringsbox-for-dackhuvud-vit\/","title":{"rendered":"Kit d&#039;accessoires pour bo\u00eetier de montage de t\u00eate de pont Apollo 45681-218APO, blanc"},"content":{"rendered":"<h1>Kit d&#039;accessoires pour bo\u00eetier de montage de t\u00eate de pont Apollo 45681-218APO, blanc<\/h1>\n<p>Le kit d&#039;accessoires Apollo 45681-218APO XP95 Series est un composant n\u00e9cessaire \u00e0 l&#039;installation de bo\u00eetiers de montage de plafond.<\/p>\n<p>Ce kit permet une gestion efficace et s\u00e9curis\u00e9e des c\u00e2bles gr\u00e2ce \u00e0 six presse-\u00e9toupes con\u00e7us pour les presse-\u00e9toupes M20.<\/p>\n<p>Il est parfait pour permettre l&#039;installation de bases ou de sir\u00e8nes plus profondes dans votre syst\u00e8me de s\u00e9curit\u00e9 incendie.<\/p>\n<p>Le kit se monte facilement sur une surface s\u00e9curis\u00e9e \u00e0 l&#039;aide de deux trous de 5,4 mm, offrant une installation fiable et durable.<\/p>\n<p>L&#039;\u00e9l\u00e9gante finition blanche du kit s&#039;int\u00e8gre discr\u00e8tement dans tous les types d&#039;installations et offre un aspect professionnel.<\/p>\n<p>Avec son marquage CE et son choix de mat\u00e9riaux de haute qualit\u00e9 (polycarbonate), ce kit est un excellent choix pour les professionnels de la s\u00e9curit\u00e9 incendie.<\/p>","protected":false},"excerpt":{"rendered":"<p>Le kit d&#039;accessoires pour bo\u00eetier de montage de t\u00eate de pont Apollo 45681-218APO est con\u00e7u pour faciliter l&#039;installation de bo\u00eetiers de montage pour les syst\u00e8mes de s\u00e9curit\u00e9 incendie.<\/p>\n<p>Il dispose de six entr\u00e9es de c\u00e2ble pour presse-\u00e9toupes M20 et est fix\u00e9 \u00e0 la surface de montage via deux trous de 5,4 mm.<\/p>","protected":false},"featured_media":150039,"template":"","meta":{"_acf_changed":false},"product_brand":[],"product_cat":[4751],"product_tag":[],"class_list":{"0":"post-150040","1":"product","2":"type-product","3":"status-publish","4":"has-post-thumbnail","6":"product_cat-xp95-serien","7":"pa_brands-apollo-fire-detectors","8":"tm-no-options","10":"first","11":"instock","12":"taxable","13":"shipping-taxable","14":"purchasable","15":"product-type-simple"},"acf":[],"_links":{"self":[{"href":"https:\/\/secureus.se\/fr\/wp-json\/wp\/v2\/product\/150040","targetHints":{"allow":["GET"]}}],"collection":[{"href":"https:\/\/secureus.se\/fr\/wp-json\/wp\/v2\/product"}],"about":[{"href":"https:\/\/secureus.se\/fr\/wp-json\/wp\/v2\/types\/product"}],"wp:featuredmedia":[{"embeddable":true,"href":"https:\/\/secureus.se\/fr\/wp-json\/wp\/v2\/media\/150039"}],"wp:attachment":[{"href":"https:\/\/secureus.se\/fr\/wp-json\/wp\/v2\/media?parent=150040"}],"wp:term":[{"taxonomy":"product_brand","embeddable":true,"href":"https:\/\/secureus.se\/fr\/wp-json\/wp\/v2\/product_brand?post=150040"},{"taxonomy":"product_cat","embeddable":true,"href":"https:\/\/secureus.se\/fr\/wp-json\/wp\/v2\/product_cat?post=150040"},{"taxonomy":"product_tag","embeddable":true,"href":"https:\/\/secureus.se\/fr\/wp-json\/wp\/v2\/product_tag?post=150040"}],"curies":[{"name":"wp","href":"https:\/\/api.w.org\/{rel}","templated":true}]}}