{"id":150042,"date":"2025-04-03T13:35:17","date_gmt":"2025-04-03T11:35:17","guid":{"rendered":"https:\/\/secureus.se\/apollo-45682-800apo-xpert-series-universellt-adresskort-for-baser-25-st\/"},"modified":"2026-04-16T15:50:48","modified_gmt":"2026-04-16T13:50:48","slug":"apollo-45682-800apo-xpert-series-universellt-adresskort-for-baser-25-st","status":"publish","type":"product","link":"https:\/\/secureus.se\/fr\/apollo-45682-800apo-xpert-series-universellt-adresskort-for-baser-25-st\/","title":{"rendered":"Apollo 45682-800APO Xpert Series, carte d&#039;adresse universelle pour bases, 25 pi\u00e8ces."},"content":{"rendered":"<h1>Apollo 45682-800APO Xpert Series, carte d&#039;adresse de base universelle<\/h1>\n<p class=\"\" data-start=\"441\" data-end=\"897\">La carte d&#039;adresse universelle Apollo 45682-800APO Xpert Series est con\u00e7ue pour offrir une installation et un fonctionnement faciles pour les bases Xpert 7 et Xpert 8.<\/p>\n<p class=\"\" data-start=\"441\" data-end=\"897\">Avec jusqu&#039;\u00e0 8 pips, vous pouvez cr\u00e9er des adresses facultatives en supprimant les pips, vous permettant de personnaliser l&#039;adresse de chaque d\u00e9tecteur.<\/p>\n<p class=\"\" data-start=\"441\" data-end=\"897\">Un bip suppl\u00e9mentaire (128 bits) est inclus pour les syst\u00e8mes CoreProtocol et peut \u00eatre retir\u00e9 ou laiss\u00e9 en place lorsque la carte est utilis\u00e9e avec des p\u00e9riph\u00e9riques XP95 ou Discovery.<\/p>\n<p class=\"\" data-start=\"899\" data-end=\"1185\">L&#039;adresse reste la m\u00eame, m\u00eame lorsque les d\u00e9tecteurs sont remplac\u00e9s, assurant ainsi une stabilit\u00e9 \u00e0 long terme du syst\u00e8me.<\/p>\n<p class=\"\" data-start=\"899\" data-end=\"1185\">La carte a une tol\u00e9rance \u00e9lev\u00e9e pour le r\u00e9glage du diam\u00e8tre de contact du tuyau (\u00d81,7 mm - 2 mm) et dispose d&#039;un c\u00e2ble suppl\u00e9mentaire sur les tuyaux d&#039;adresse pour simplifier l&#039;installation et acc\u00e9l\u00e9rer la mise en service.<\/p>\n<p class=\"\" data-start=\"1187\" data-end=\"1330\">Cette carte d&#039;adresse universelle rend l&#039;installation plus fluide et plus rapide et est indispensable pour les installations professionnelles de syst\u00e8mes de protection incendie.<\/p>","protected":false},"excerpt":{"rendered":"<p>La carte d&#039;adresse universelle Apollo 45682-800APO Xpert Series offre une flexibilit\u00e9 dans l&#039;installation et la configuration des bases Xpert 7 et Xpert 8.<\/p>\n<p>Il permet une installation rapide et facile avec des pips r\u00e9glables pour cr\u00e9er n&#039;importe quelle adresse.<\/p>","protected":false},"featured_media":150041,"template":"","meta":{"_acf_changed":false},"product_brand":[],"product_cat":[4751],"product_tag":[],"class_list":{"0":"post-150042","1":"product","2":"type-product","3":"status-publish","4":"has-post-thumbnail","6":"product_cat-xp95-serien","7":"pa_brands-apollo-fire-detectors","8":"tm-no-options","10":"first","11":"instock","12":"taxable","13":"shipping-taxable","14":"purchasable","15":"product-type-simple"},"acf":[],"_links":{"self":[{"href":"https:\/\/secureus.se\/fr\/wp-json\/wp\/v2\/product\/150042","targetHints":{"allow":["GET"]}}],"collection":[{"href":"https:\/\/secureus.se\/fr\/wp-json\/wp\/v2\/product"}],"about":[{"href":"https:\/\/secureus.se\/fr\/wp-json\/wp\/v2\/types\/product"}],"wp:featuredmedia":[{"embeddable":true,"href":"https:\/\/secureus.se\/fr\/wp-json\/wp\/v2\/media\/150041"}],"wp:attachment":[{"href":"https:\/\/secureus.se\/fr\/wp-json\/wp\/v2\/media?parent=150042"}],"wp:term":[{"taxonomy":"product_brand","embeddable":true,"href":"https:\/\/secureus.se\/fr\/wp-json\/wp\/v2\/product_brand?post=150042"},{"taxonomy":"product_cat","embeddable":true,"href":"https:\/\/secureus.se\/fr\/wp-json\/wp\/v2\/product_cat?post=150042"},{"taxonomy":"product_tag","embeddable":true,"href":"https:\/\/secureus.se\/fr\/wp-json\/wp\/v2\/product_tag?post=150042"}],"curies":[{"name":"wp","href":"https:\/\/api.w.org\/{rel}","templated":true}]}}