{"id":150044,"date":"2025-04-03T13:35:17","date_gmt":"2025-04-03T11:35:17","guid":{"rendered":"https:\/\/secureus.se\/apollo-44251-189apo-1-st-lock-till-larmknapp-soteria-fi700\/"},"modified":"2026-05-06T14:12:55","modified_gmt":"2026-05-06T12:12:55","slug":"apollo-44251-189apo-1-st-lock-till-larmknapp-soteria-fi700","status":"publish","type":"product","link":"https:\/\/secureus.se\/fr\/apollo-44251-189apo-1-st-lock-till-larmknapp-soteria-fi700\/","title":{"rendered":"Apollo 44251-189APO 1 pi\u00e8ce Couvercle pour bouton d&#039;alarme. Soteria, FI700"},"content":{"rendered":"<h1>Apollo 44251-189APO 1 pi\u00e8ce Couvercle pour bouton d&#039;alarme. Soteria, FI700<\/h1>\n<p>Le couvercle de point d&#039;appel Apollo 44251-189APO (Soteria, FI700) est un couvercle de protection transparent et discret con\u00e7u pour emp\u00eacher l&#039;activation accidentelle des points d&#039;appel manuels dans les syst\u00e8mes de s\u00e9curit\u00e9 incendie.<\/p>\n<p>Il s&#039;adapte \u00e0 tous les points d&#039;appel fabriqu\u00e9s par Apollo, y compris les s\u00e9ries Soteria et FI700, et offre une protection simple mais efficace pour garantir que l&#039;alarme n&#039;est activ\u00e9e que par une action intentionnelle.<\/p>\n<p>Le mat\u00e9riau transparent permet aux utilisateurs de voir l&#039;\u00e9tat du point d&#039;appel, tout en offrant une protection discr\u00e8te pour maintenir une apparence esth\u00e9tique agr\u00e9able dans les b\u00e2timents et les installations.<\/p>","protected":false},"excerpt":{"rendered":"<p>Le couvercle du bouton d&#039;alarme Apollo 44251-189APO (Soteria, FI700) est un couvercle de protection discret et transparent qui emp\u00eache l&#039;activation accidentelle de l&#039;alarme.<\/p>\n<p>Il est con\u00e7u pour s&#039;adapter \u00e0 tous les points d&#039;appel manuels fabriqu\u00e9s par Apollo.<\/p>","protected":false},"featured_media":150043,"template":"","meta":{"_acf_changed":false},"product_brand":[],"product_cat":[4751],"product_tag":[],"class_list":{"0":"post-150044","1":"product","2":"type-product","3":"status-publish","4":"has-post-thumbnail","6":"product_cat-xp95-serien","7":"pa_brands-apollo-fire-detectors","8":"tm-no-options","10":"first","11":"instock","12":"sale","13":"taxable","14":"shipping-taxable","15":"purchasable","16":"product-type-simple"},"acf":[],"_links":{"self":[{"href":"https:\/\/secureus.se\/fr\/wp-json\/wp\/v2\/product\/150044","targetHints":{"allow":["GET"]}}],"collection":[{"href":"https:\/\/secureus.se\/fr\/wp-json\/wp\/v2\/product"}],"about":[{"href":"https:\/\/secureus.se\/fr\/wp-json\/wp\/v2\/types\/product"}],"wp:featuredmedia":[{"embeddable":true,"href":"https:\/\/secureus.se\/fr\/wp-json\/wp\/v2\/media\/150043"}],"wp:attachment":[{"href":"https:\/\/secureus.se\/fr\/wp-json\/wp\/v2\/media?parent=150044"}],"wp:term":[{"taxonomy":"product_brand","embeddable":true,"href":"https:\/\/secureus.se\/fr\/wp-json\/wp\/v2\/product_brand?post=150044"},{"taxonomy":"product_cat","embeddable":true,"href":"https:\/\/secureus.se\/fr\/wp-json\/wp\/v2\/product_cat?post=150044"},{"taxonomy":"product_tag","embeddable":true,"href":"https:\/\/secureus.se\/fr\/wp-json\/wp\/v2\/product_tag?post=150044"}],"curies":[{"name":"wp","href":"https:\/\/api.w.org\/{rel}","templated":true}]}}