{"id":150046,"date":"2025-04-03T13:23:21","date_gmt":"2025-04-03T11:23:21","guid":{"rendered":"https:\/\/secureus.se\/apollo-45681-284apo-xpert-7-series-isolerande-detektormontering-vit\/"},"modified":"2026-04-16T15:51:56","modified_gmt":"2026-04-16T13:51:56","slug":"apollo-45681-284apo-xpert-7-series-isolerande-detektormontering-vit","status":"publish","type":"product","link":"https:\/\/secureus.se\/fr\/apollo-45681-284apo-xpert-7-series-isolerande-detektormontering-vit\/","title":{"rendered":"Support de d\u00e9tecteur isolant Apollo 45681-284APO Xpert 7 Series, blanc"},"content":{"rendered":"<h1>Support de d\u00e9tecteur isolant Apollo 45681-284APO Xpert 7 Series, blanc<\/h1>\n<p>L&#039;ensemble d\u00e9tecteur d&#039;isolement Apollo 45681-284APO Xpert 7 Series est con\u00e7u pour d\u00e9tecter et isoler les courts-circuits dans les boucles et les traces du syst\u00e8me. Il est \u00e9quip\u00e9 d&#039;une LED haute luminosit\u00e9 qui indique l&#039;\u00e9tat d&#039;isolement (LED jaune) et garantit que le d\u00e9tecteur reste actif m\u00eame en cas de court-circuit.<\/p>\n<p class=\"\" data-start=\"784\" data-end=\"1175\">La base isolante fonctionne en d\u00e9tectant les d\u00e9fauts de court-circuit et en isolant la section affect\u00e9e en r\u00e9duisant la tension, permettant ainsi de r\u00e9tablir automatiquement l&#039;alimentation et les signaux vers la partie affect\u00e9e lorsque le d\u00e9faut est r\u00e9solu.<\/p>\n<p class=\"\" data-start=\"784\" data-end=\"1175\">Cela garantit qu&#039;aucun d\u00e9tecteur n&#039;est perdu en cas de d\u00e9faut de court-circuit unique. La base est compatible avec les appareils Apollo XP95, Discovery et CoreProtocol.<\/p>\n<p class=\"\" data-start=\"1177\" data-end=\"1385\">Il est con\u00e7u pour une utilisation en int\u00e9rieur et dispose d&#039;une plage de temp\u00e9rature de fonctionnement de -20\u00b0C \u00e0 +60\u00b0C.<\/p>\n<p class=\"\" data-start=\"1177\" data-end=\"1385\">La base peut \u00eatre install\u00e9e sur n&#039;importe quelle base standard et constitue un \u00e9l\u00e9ment important pour maintenir l&#039;int\u00e9grit\u00e9 du syst\u00e8me pendant le fonctionnement.<\/p>","protected":false},"excerpt":{"rendered":"<p>L&#039;ensemble d\u00e9tecteur d&#039;isolement Apollo 45681-284APO Xpert 7 Series est \u00e9quip\u00e9 d&#039;une LED haute luminosit\u00e9 et d\u00e9tecte les courts-circuits dans le c\u00e2blage.<\/p>\n<p>Il isole automatiquement les sections d\u00e9fectueuses de la boucle pour minimiser les interf\u00e9rences.<\/p>","protected":false},"featured_media":150045,"template":"","meta":{"_acf_changed":false},"product_brand":[],"product_cat":[4751],"product_tag":[],"class_list":{"0":"post-150046","1":"product","2":"type-product","3":"status-publish","4":"has-post-thumbnail","6":"product_cat-xp95-serien","7":"pa_brands-apollo-fire-detectors","8":"tm-no-options","10":"first","11":"onbackorder","12":"taxable","13":"shipping-taxable","14":"purchasable","15":"product-type-simple"},"acf":[],"_links":{"self":[{"href":"https:\/\/secureus.se\/fr\/wp-json\/wp\/v2\/product\/150046","targetHints":{"allow":["GET"]}}],"collection":[{"href":"https:\/\/secureus.se\/fr\/wp-json\/wp\/v2\/product"}],"about":[{"href":"https:\/\/secureus.se\/fr\/wp-json\/wp\/v2\/types\/product"}],"wp:featuredmedia":[{"embeddable":true,"href":"https:\/\/secureus.se\/fr\/wp-json\/wp\/v2\/media\/150045"}],"wp:attachment":[{"href":"https:\/\/secureus.se\/fr\/wp-json\/wp\/v2\/media?parent=150046"}],"wp:term":[{"taxonomy":"product_brand","embeddable":true,"href":"https:\/\/secureus.se\/fr\/wp-json\/wp\/v2\/product_brand?post=150046"},{"taxonomy":"product_cat","embeddable":true,"href":"https:\/\/secureus.se\/fr\/wp-json\/wp\/v2\/product_cat?post=150046"},{"taxonomy":"product_tag","embeddable":true,"href":"https:\/\/secureus.se\/fr\/wp-json\/wp\/v2\/product_tag?post=150046"}],"curies":[{"name":"wp","href":"https:\/\/api.w.org\/{rel}","templated":true}]}}