{"id":150054,"date":"2025-04-03T13:23:16","date_gmt":"2025-04-03T11:23:16","guid":{"rendered":"https:\/\/secureus.se\/apollo-45681-217apo-vattentat-kapsling-for-sockel-vit\/"},"modified":"2026-05-06T14:14:49","modified_gmt":"2026-05-06T12:14:49","slug":"apollo-45681-217apo-vattentat-kapsling-for-sockel-vit","status":"publish","type":"product","link":"https:\/\/secureus.se\/fr\/apollo-45681-217apo-vattentat-kapsling-for-sockel-vit\/","title":{"rendered":"Bo\u00eetier \u00e9tanche pour base Apollo 45681-217APO, blanc"},"content":{"rendered":"<h1>Bo\u00eetier \u00e9tanche pour base Apollo 45681-217APO, blanc<\/h1>\n<p class=\"\" data-start=\"404\" data-end=\"756\">Le bo\u00eetier de base \u00e9tanche Apollo 45681-217APO est con\u00e7u pour prot\u00e9ger les bases Apollo, les sondeurs, les bases de sondeurs et les indicateurs visuels contre la p\u00e9n\u00e9tration d&#039;eau ou d&#039;autres liquides.<\/p>\n<p class=\"\" data-start=\"404\" data-end=\"756\">Ce bo\u00eetier garantit que le syst\u00e8me d&#039;alarme incendie fonctionne de mani\u00e8re fiable, m\u00eame dans des environnements difficiles o\u00f9 les d\u00e9g\u00e2ts des eaux peuvent \u00eatre un probl\u00e8me.<\/p>\n<p class=\"\" data-start=\"758\" data-end=\"1127\">Le bo\u00eetier de montage est facile \u00e0 installer et peut \u00eatre utilis\u00e9 pour une vari\u00e9t\u00e9 de bases Apollo.<\/p>\n<p class=\"\" data-start=\"758\" data-end=\"1127\">Pour l&#039;installation de certains appareils tels que les d\u00e9tecteurs XP95 ou Discovery, il peut \u00eatre n\u00e9cessaire d&#039;utiliser un kit d&#039;accessoires s\u00e9par\u00e9 (r\u00e9f\u00e9rence 45681-218).<\/p>\n<p class=\"\" data-start=\"758\" data-end=\"1127\">Ce kit comprend un tuyau d&#039;extension et une bague d&#039;adaptation pour l&#039;installation d&#039;appareils avec des bases plus profondes ou des \u00e9metteurs sonores.<\/p>\n<p data-start=\"758\" data-end=\"1127\">Le bo\u00eetier \u00e9tanche a une construction robuste et est parfait pour une utilisation dans des environnements commerciaux et industriels.<\/p>\n<p data-start=\"758\" data-end=\"1127\">Il est con\u00e7u pour r\u00e9sister aux environnements \u00e0 forte humidit\u00e9 et constitue une solution fiable pour garantir les performances \u00e0 long terme du syst\u00e8me de s\u00e9curit\u00e9 incendie.<\/p>","protected":false},"excerpt":{"rendered":"<p>Le bo\u00eetier de base \u00e9tanche Apollo 45681-217APO offre une protection contre les infiltrations d&#039;eau et am\u00e9liore les performances de diverses bases Apollo.<\/p>\n<p>Il est id\u00e9al pour une installation dans des environnements o\u00f9 des liquides peuvent entrer en contact avec les appareils.<\/p>","protected":false},"featured_media":150053,"template":"","meta":{"_acf_changed":false},"product_brand":[],"product_cat":[4751],"product_tag":[],"class_list":{"0":"post-150054","1":"product","2":"type-product","3":"status-publish","4":"has-post-thumbnail","6":"product_cat-xp95-serien","7":"pa_brands-apollo-fire-detectors","8":"tm-no-options","10":"first","11":"instock","12":"sale","13":"taxable","14":"shipping-taxable","15":"purchasable","16":"product-type-simple"},"acf":[],"_links":{"self":[{"href":"https:\/\/secureus.se\/fr\/wp-json\/wp\/v2\/product\/150054","targetHints":{"allow":["GET"]}}],"collection":[{"href":"https:\/\/secureus.se\/fr\/wp-json\/wp\/v2\/product"}],"about":[{"href":"https:\/\/secureus.se\/fr\/wp-json\/wp\/v2\/types\/product"}],"wp:featuredmedia":[{"embeddable":true,"href":"https:\/\/secureus.se\/fr\/wp-json\/wp\/v2\/media\/150053"}],"wp:attachment":[{"href":"https:\/\/secureus.se\/fr\/wp-json\/wp\/v2\/media?parent=150054"}],"wp:term":[{"taxonomy":"product_brand","embeddable":true,"href":"https:\/\/secureus.se\/fr\/wp-json\/wp\/v2\/product_brand?post=150054"},{"taxonomy":"product_cat","embeddable":true,"href":"https:\/\/secureus.se\/fr\/wp-json\/wp\/v2\/product_cat?post=150054"},{"taxonomy":"product_tag","embeddable":true,"href":"https:\/\/secureus.se\/fr\/wp-json\/wp\/v2\/product_tag?post=150054"}],"curies":[{"name":"wp","href":"https:\/\/api.w.org\/{rel}","templated":true}]}}