{"id":150060,"date":"2025-04-03T13:23:11","date_gmt":"2025-04-03T11:23:11","guid":{"rendered":"https:\/\/secureus.se\/apollo-55000-005apo-xp95-series-isolerande-ljudfyr-for-oppen-miljo-100-db-a-for-anvandning-inomhus-en-54-3-kompatibel-rod-blixt-och-rod-kropp\/"},"modified":"2026-03-27T18:11:00","modified_gmt":"2026-03-27T17:11:00","slug":"apollo-55000-005apo-xp95-series-isolerande-ljudfyr-for-oppen-miljo-100-db-a-for-anvandning-inomhus-en-54-3-kompatibel-rod-blixt-och-rod-kropp","status":"publish","type":"product","link":"https:\/\/secureus.se\/fr\/apollo-55000-005apo-xp95-series-isolerande-ljudfyr-for-oppen-miljo-100-db-a-for-anvandning-inomhus-en-54-3-kompatibel-rod-blixt-och-rod-kropp\/","title":{"rendered":"Apollo 55000-005APO XP95 Series, balise d&#039;isolation acoustique pour environnement ouvert 100 dB A, pour utilisation en int\u00e9rieur, conforme \u00e0 la norme EN 54-3, flash rouge et corps rouge"},"content":{"rendered":"<h1>Apollo 55000-005APO XP95 Series, balise d&#039;isolation acoustique pour environnement ouvert 100 dB A, pour utilisation en int\u00e9rieur, conforme \u00e0 la norme EN 54-3, flash rouge et corps rouge<\/h1>\n<p class=\"\" data-start=\"431\" data-end=\"815\">La balise sonore isolante pour environnement ouvert Apollo 55000-005APO XP95 Series est un appareil avanc\u00e9 dot\u00e9 d&#039;avertissements sonores et visuels, ce qui le rend id\u00e9al pour une utilisation dans des espaces ouverts o\u00f9 plusieurs appareils peuvent avoir besoin d&#039;\u00eatre entendus simultan\u00e9ment.<\/p>\n<p class=\"\" data-start=\"431\" data-end=\"815\">Avec un niveau sonore de 100 dB (A) et un flash rouge, cet appareil garantit que l&#039;alarme incendie est clairement audible et visible.<\/p>\n<p class=\"\" data-start=\"817\" data-end=\"1173\">L&#039;appareil est aliment\u00e9 en boucle et ne n\u00e9cessite pas d&#039;alimentation externe. Il fonctionne \u00e0 17\u201328 V CC et est sensible \u00e0 la polarit\u00e9.<\/p>\n<p class=\"\" data-start=\"817\" data-end=\"1173\">Le signal sonore peut \u00eatre r\u00e9gl\u00e9 sur un volume de 92 dB (A) ou 100 dB (A), et il est \u00e9quip\u00e9 de trois tonalit\u00e9s s\u00e9lectionnables : Apollo, Slow-whoop et DIN. Si n\u00e9cessaire, les signaux audio et la synchronisation du flash peuvent \u00eatre activ\u00e9s via le panneau de commande.<\/p>\n<p class=\"\" data-start=\"1175\" data-end=\"1427\">L&#039;appareil est \u00e9galement compatible avec les syst\u00e8mes XP95, Discovery et CoreProtocol et peut \u00eatre adress\u00e9 individuellement ou en groupe.<\/p>\n<p class=\"\" data-start=\"1175\" data-end=\"1427\">Il est class\u00e9 IP65 pour prot\u00e9ger contre la poussi\u00e8re et la p\u00e9n\u00e9tration d&#039;eau, ce qui le rend parfait pour une utilisation en int\u00e9rieur et dans des environnements plus difficiles.<\/p>","protected":false},"excerpt":{"rendered":"<p>Le avertisseur sonore pour environnement ouvert Apollo 55000-005APO XP95 Series est con\u00e7u pour fournir un avertissement sonore et visuel en cas d&#039;incendie dans les espaces ouverts.<\/p>\n<p>Il dispose d&#039;un niveau sonore de 100 dB (A) et d&#039;un flash rouge, et est conforme \u00e0 la norme EN 54-3.<\/p>","protected":false},"featured_media":150059,"template":"","meta":{"_acf_changed":false},"product_brand":[],"product_cat":[4751,4748],"product_tag":[],"class_list":{"0":"post-150060","1":"product","2":"type-product","3":"status-publish","4":"has-post-thumbnail","6":"product_cat-xp95-serien","7":"product_cat-discovery-serien","8":"pa_brands-apollo-fire-detectors","9":"tm-no-options","11":"first","12":"instock","13":"sale","14":"taxable","15":"shipping-taxable","16":"purchasable","17":"product-type-simple"},"acf":[],"_links":{"self":[{"href":"https:\/\/secureus.se\/fr\/wp-json\/wp\/v2\/product\/150060","targetHints":{"allow":["GET"]}}],"collection":[{"href":"https:\/\/secureus.se\/fr\/wp-json\/wp\/v2\/product"}],"about":[{"href":"https:\/\/secureus.se\/fr\/wp-json\/wp\/v2\/types\/product"}],"wp:featuredmedia":[{"embeddable":true,"href":"https:\/\/secureus.se\/fr\/wp-json\/wp\/v2\/media\/150059"}],"wp:attachment":[{"href":"https:\/\/secureus.se\/fr\/wp-json\/wp\/v2\/media?parent=150060"}],"wp:term":[{"taxonomy":"product_brand","embeddable":true,"href":"https:\/\/secureus.se\/fr\/wp-json\/wp\/v2\/product_brand?post=150060"},{"taxonomy":"product_cat","embeddable":true,"href":"https:\/\/secureus.se\/fr\/wp-json\/wp\/v2\/product_cat?post=150060"},{"taxonomy":"product_tag","embeddable":true,"href":"https:\/\/secureus.se\/fr\/wp-json\/wp\/v2\/product_tag?post=150060"}],"curies":[{"name":"wp","href":"https:\/\/api.w.org\/{rel}","templated":true}]}}