{"id":150062,"date":"2025-04-03T13:23:11","date_gmt":"2025-04-03T11:23:11","guid":{"rendered":"https:\/\/secureus.se\/apollo-55000-420apo-xp95-series-a2s-55c-varmedetektor-vit\/"},"modified":"2026-04-01T15:52:58","modified_gmt":"2026-04-01T13:52:58","slug":"apollo-55000-420apo-xp95-series-a2s-55c-varmedetektor-vit","status":"publish","type":"product","link":"https:\/\/secureus.se\/fr\/apollo-55000-420apo-xp95-series-a2s-55c-varmedetektor-vit\/","title":{"rendered":"D\u00e9tecteur de chaleur Apollo 55000-420APO XP95 Series, A2S 55 \u00b0C, blanc"},"content":{"rendered":"<h1>D\u00e9tecteur de chaleur Apollo 55000-420APO XP95 Series, A2S 55 \u00b0C, blanc<\/h1>\n<p class=\"\" data-start=\"469\" data-end=\"871\">Le d\u00e9tecteur de chaleur Apollo 55000-420APO XP95 Series A2S 55\u00b0C utilise une thermistance pour surveiller avec pr\u00e9cision la temp\u00e9rature et fournir une sortie analogique proportionnelle \u00e0 la temp\u00e9rature de l&#039;air ext\u00e9rieur.<\/p>\n<p class=\"\" data-start=\"469\" data-end=\"871\">Il \u00e9met une alarme lorsque la temp\u00e9rature atteint 55 \u00b0C, ce qui le rend id\u00e9al pour une utilisation dans des environnements susceptibles d&#039;\u00eatre contamin\u00e9s ou lorsque d&#039;autres m\u00e9thodes de d\u00e9tection ne sont pas fiables.<\/p>\n<p class=\"\" data-start=\"873\" data-end=\"1229\">Le d\u00e9tecteur est sensible \u00e0 la polarit\u00e9 et fonctionne \u00e0 une tension de 17 V \u00e0 28 V CC. Il est con\u00e7u pour \u00eatre connect\u00e9 aux syst\u00e8mes XP95, Discovery et XPlorer et n&#039;est pas affect\u00e9 par le vent ou les changements atmosph\u00e9riques.<\/p>\n<p class=\"\" data-start=\"873\" data-end=\"1229\">Avec une humidit\u00e9 relative maximale de 95% et une temp\u00e9rature de fonctionnement de -20\u00b0C \u00e0 +70\u00b0C, ce d\u00e9tecteur est \u00e0 la fois robuste et fiable.<\/p>\n<p data-start=\"873\" data-end=\"1229\">C&#039;est une excellente solution pour la surveillance des incendies dans les environnements difficiles o\u00f9 il est important de pouvoir compter sur la s\u00e9curit\u00e9 dans toutes les conditions.<\/p>","protected":false},"excerpt":{"rendered":"<p>Le d\u00e9tecteur de chaleur Apollo 55000-420APO XP95 Series A2S 55\u00b0C est con\u00e7u pour surveiller les changements de temp\u00e9rature dans les environnements g\u00e9n\u00e9ralement sales ou enfum\u00e9s.<\/p>\n<p>Il n\u2019est pas affect\u00e9 par le vent ou la pression atmosph\u00e9rique et est parfait pour assurer la s\u00e9curit\u00e9 dans des environnements aussi difficiles.<\/p>","protected":false},"featured_media":150061,"template":"","meta":{"_acf_changed":false},"product_brand":[],"product_cat":[4751],"product_tag":[],"class_list":{"0":"post-150062","1":"product","2":"type-product","3":"status-publish","4":"has-post-thumbnail","6":"product_cat-xp95-serien","7":"pa_brands-apollo-fire-detectors","8":"tm-no-options","10":"first","11":"instock","12":"sale","13":"taxable","14":"shipping-taxable","15":"purchasable","16":"product-type-simple"},"acf":[],"_links":{"self":[{"href":"https:\/\/secureus.se\/fr\/wp-json\/wp\/v2\/product\/150062","targetHints":{"allow":["GET"]}}],"collection":[{"href":"https:\/\/secureus.se\/fr\/wp-json\/wp\/v2\/product"}],"about":[{"href":"https:\/\/secureus.se\/fr\/wp-json\/wp\/v2\/types\/product"}],"wp:featuredmedia":[{"embeddable":true,"href":"https:\/\/secureus.se\/fr\/wp-json\/wp\/v2\/media\/150061"}],"wp:attachment":[{"href":"https:\/\/secureus.se\/fr\/wp-json\/wp\/v2\/media?parent=150062"}],"wp:term":[{"taxonomy":"product_brand","embeddable":true,"href":"https:\/\/secureus.se\/fr\/wp-json\/wp\/v2\/product_brand?post=150062"},{"taxonomy":"product_cat","embeddable":true,"href":"https:\/\/secureus.se\/fr\/wp-json\/wp\/v2\/product_cat?post=150062"},{"taxonomy":"product_tag","embeddable":true,"href":"https:\/\/secureus.se\/fr\/wp-json\/wp\/v2\/product_tag?post=150062"}],"curies":[{"name":"wp","href":"https:\/\/api.w.org\/{rel}","templated":true}]}}